{"id":413,"date":"2025-06-03T06:02:29","date_gmt":"2025-06-03T06:02:29","guid":{"rendered":"https:\/\/sistemx.com.tr\/?page_id=413"},"modified":"2025-07-03T09:25:24","modified_gmt":"2025-07-03T09:25:24","slug":"surdurulebilirlik-cozumleri","status":"publish","type":"page","link":"https:\/\/sistemx.com.tr\/?page_id=413","title":{"rendered":"S\u00fcrd\u00fcr\u00fclebilirlik \u00c7\u00f6z\u00fcmleri"},"content":{"rendered":"<div data-colibri-id=\"413-c126\" class=\"style-886 style-local-413-c126 position-relative\">\n  <!---->\n  <div data-colibri-component=\"section\" data-colibri-id=\"413-c131\" id=\"custom\" class=\"h-section h-section-global-spacing d-flex align-items-lg-center align-items-md-center align-items-center style-1291 style-local-413-c131 position-relative\">\n    <!---->\n    <!---->\n    <div class=\"h-section-grid-container h-section-boxed-container\">\n      <!---->\n      <div data-colibri-id=\"413-c134\" class=\"h-row-container gutters-row-lg-2 gutters-row-md-2 gutters-row-0 gutters-row-v-lg-2 gutters-row-v-md-2 gutters-row-v-2 style-1294 style-local-413-c134 position-relative\">\n        <!---->\n        <div class=\"h-row justify-content-lg-center justify-content-md-center justify-content-center align-items-lg-stretch align-items-md-stretch align-items-stretch gutters-col-lg-2 gutters-col-md-2 gutters-col-0 gutters-col-v-lg-2 gutters-col-v-md-2 gutters-col-v-2\">\n          <!---->\n          <div class=\"h-column h-column-container d-flex h-col-lg-auto h-col-md-auto h-col-auto style-1295-outer style-local-413-c135-outer\">\n            <div data-colibri-id=\"413-c135\" class=\"d-flex h-flex-basis h-column__inner h-px-lg-2 h-px-md-2 h-px-2 v-inner-lg-2 v-inner-md-2 v-inner-2 style-1295 style-local-413-c135 position-relative\">\n              <!---->\n              <!---->\n              <div class=\"w-100 h-y-container h-column__content h-column__v-align flex-basis-100 align-self-lg-start align-self-md-start align-self-start\">\n                <!---->\n                <div data-colibri-id=\"413-c136\" class=\"h-global-transition-all h-heading style-1296 style-local-413-c136 position-relative h-element\">\n                  <!---->\n                  <div class=\"h-heading__outer style-1296 style-local-413-c136\">\n                    <!---->\n                    <!---->\n                    <h2 class=\"\"> S\u00fcrd\u00fcr\u00fclebilirlik \u00c7\u00f6z\u00fcmleri<\/h2>\n                  <\/div>\n                <\/div>\n              <\/div>\n            <\/div>\n          <\/div>\n        <\/div>\n      <\/div>\n      <div data-colibri-id=\"413-c137\" class=\"h-row-container gutters-row-lg-2 gutters-row-md-2 gutters-row-0 gutters-row-v-lg-2 gutters-row-v-md-2 gutters-row-v-2 style-1297 style-local-413-c137 position-relative\">\n        <!---->\n        <div class=\"h-row justify-content-lg-center justify-content-md-center justify-content-center align-items-lg-stretch align-items-md-stretch align-items-stretch gutters-col-lg-2 gutters-col-md-2 gutters-col-0 gutters-col-v-lg-2 gutters-col-v-md-2 gutters-col-v-2\">\n          <!---->\n          <div class=\"h-column h-column-container d-flex h-col-lg-auto h-col-md-auto h-col-auto style-1298-outer style-local-413-c138-outer\">\n            <div data-colibri-id=\"413-c138\" class=\"d-flex h-flex-basis h-column__inner h-px-lg-2 h-px-md-2 h-px-2 v-inner-lg-2 v-inner-md-2 v-inner-2 style-1298 style-local-413-c138 position-relative\">\n              <!---->\n              <!---->\n              <div class=\"w-100 h-y-container h-column__content h-column__v-align flex-basis-100 align-self-lg-start align-self-md-start align-self-start\">\n                <!---->\n                <div data-colibri-id=\"413-c139\" class=\"h-text h-text-component style-1299 style-local-413-c139 position-relative h-element\">\n                  <!---->\n                  <!---->\n                  <div class=\"\">\n                    <p><strong>Gelece\u011fi Korumak \u0130\u00e7in Teknolojiyle S\u00fcrd\u00fcr\u00fclebilirlik<\/strong><\/p>\n                    <p>SistemX olarak, teknoloji yat\u0131r\u0131mlar\u0131n\u0131zda \u00e7evresel sorumlulu\u011fu \u00f6n planda tutuyoruz. S\u00fcrd\u00fcr\u00fclebilirlik \u00e7\u00f6z\u00fcmlerimizle, hem enerji verimlili\u011finizi art\u0131r\u0131yor hem de karbon ayak izinizi azaltman\u0131za yard\u0131mc\u0131 oluyoruz. \u0130\u015f s\u00fcre\u00e7lerinizi\n                      optimize ederken, gelecek nesiller i\u00e7in daha ya\u015fanabilir bir d\u00fcnya b\u0131rakmay\u0131 hedefliyoruz.<\/p>\n                  <\/div>\n                <\/div>\n              <\/div>\n            <\/div>\n          <\/div>\n        <\/div>\n      <\/div>\n      <div data-colibri-id=\"413-c162\" class=\"h-row-container gutters-row-lg-2 gutters-row-md-2 gutters-row-0 gutters-row-v-lg-2 gutters-row-v-md-2 gutters-row-v-2 style-1322 style-local-413-c162 position-relative\">\n        <!---->\n        <div class=\"h-row justify-content-lg-center justify-content-md-center justify-content-center align-items-lg-stretch align-items-md-stretch align-items-stretch gutters-col-lg-2 gutters-col-md-2 gutters-col-0 gutters-col-v-lg-2 gutters-col-v-md-2 gutters-col-v-2\">\n          <!---->\n          <div class=\"h-column h-column-container d-flex h-col-lg-auto h-col-md-auto h-col-auto style-1323-outer style-local-413-c163-outer\">\n            <div data-colibri-id=\"413-c163\" class=\"d-flex h-flex-basis h-column__inner h-px-lg-2 h-px-md-2 h-px-2 v-inner-lg-2 v-inner-md-2 v-inner-2 style-1323 style-local-413-c163 position-relative\">\n              <!---->\n              <!---->\n              <div class=\"w-100 h-y-container h-column__content h-column__v-align flex-basis-100 align-self-lg-start align-self-md-start align-self-start\">\n                <!---->\n                <div data-colibri-id=\"413-c164\" class=\"d-block style-1324 style-local-413-c164 position-relative h-element\">\n                  <!---->\n                  <div class=\"h-image__frame-container-outer\">\n                    <div class=\"h-image__frame-container\">\n                      <!---->\n                      <!---->\n                      <img loading=\"lazy\" decoding=\"async\" width=\"2499\" height=\"1019\" src=\"https:\/\/sistemx.com.tr\/wp-content\/uploads\/2025\/07\/Ekran-goruntusu-2025-07-03-105253.png\" class=\"wp-image-2575 style-1324-image style-local-413-c164-image\" alt=\"\" srcset=\"https:\/\/sistemx.com.tr\/wp-content\/uploads\/2025\/07\/Ekran-goruntusu-2025-07-03-105253.png 2499w, https:\/\/sistemx.com.tr\/wp-content\/uploads\/2025\/07\/Ekran-goruntusu-2025-07-03-105253-300x122.png 300w, https:\/\/sistemx.com.tr\/wp-content\/uploads\/2025\/07\/Ekran-goruntusu-2025-07-03-105253-1024x418.png 1024w, https:\/\/sistemx.com.tr\/wp-content\/uploads\/2025\/07\/Ekran-goruntusu-2025-07-03-105253-768x313.png 768w, https:\/\/sistemx.com.tr\/wp-content\/uploads\/2025\/07\/Ekran-goruntusu-2025-07-03-105253-1536x626.png 1536w, https:\/\/sistemx.com.tr\/wp-content\/uploads\/2025\/07\/Ekran-goruntusu-2025-07-03-105253-2048x835.png 2048w, https:\/\/sistemx.com.tr\/wp-content\/uploads\/2025\/07\/Ekran-goruntusu-2025-07-03-105253-1920x783.png 1920w\" sizes=\"(max-width: 2499px) 100vw, 2499px\" \/>\n                      <div class=\"h-image__frame h-hide-lg h-hide-md h-hide-sm style-1324-frameImage style-local-413-c164-frameImage\"><\/div>\n                    <\/div>\n                  <\/div>\n                <\/div>\n              <\/div>\n            <\/div>\n          <\/div>\n        <\/div>\n      <\/div>\n      <div data-colibri-id=\"413-c140\" class=\"h-row-container gutters-row-lg-2 gutters-row-md-2 gutters-row-0 gutters-row-v-lg-2 gutters-row-v-md-2 gutters-row-v-2 style-1300 style-local-413-c140 position-relative\">\n        <!---->\n        <div class=\"h-row justify-content-lg-center justify-content-md-center justify-content-center align-items-lg-stretch align-items-md-stretch align-items-stretch gutters-col-lg-2 gutters-col-md-2 gutters-col-0 gutters-col-v-lg-2 gutters-col-v-md-2 gutters-col-v-2\">\n          <!---->\n          <div class=\"h-column h-column-container d-flex h-col-lg-auto h-col-md-auto h-col-auto style-1301-outer style-local-413-c141-outer\">\n            <div data-colibri-id=\"413-c141\" class=\"d-flex h-flex-basis h-column__inner h-px-lg-2 h-px-md-2 h-px-2 v-inner-lg-2 v-inner-md-2 v-inner-2 style-1301 style-local-413-c141 position-relative\">\n              <!---->\n              <!---->\n              <div class=\"w-100 h-y-container h-column__content h-column__v-align flex-basis-100 align-self-lg-start align-self-md-start align-self-start\">\n                <!---->\n                <div data-colibri-id=\"413-c142\" class=\"h-global-transition-all h-heading style-1302 style-local-413-c142 position-relative h-element\">\n                  <!---->\n                  <div class=\"h-heading__outer style-1302 style-local-413-c142\">\n                    <!---->\n                    <!---->\n                    <h2 class=\"\">Hizmet ve \u00c7\u00f6z\u00fcmlerimiz<\/h2>\n                  <\/div>\n                <\/div>\n                <div data-colibri-id=\"413-c143\" class=\"h-text h-text-component style-1303 style-local-413-c143 position-relative h-element\">\n                  <!---->\n                  <!---->\n                  <div class=\"\">\n                    <p><strong>Enerji Verimli Altyap\u0131 Tasar\u0131m\u0131<\/strong>\n                      <br> D\u00fc\u015f\u00fck enerji t\u00fcketimli donan\u0131mlar ve optimize edilmi\u015f veri merkezi tasar\u0131mlar\u0131 ile enerji maliyetlerinizi d\u00fc\u015f\u00fcr\u00fcrken \u00e7evresel etkinizi azalt\u0131yoruz.<\/p>\n                    <p><strong>Ye\u015fil Veri Merkezi \u00c7\u00f6z\u00fcmleri<\/strong>\n                      <br> Yenilenebilir enerji kaynaklar\u0131 kullanan, so\u011futma ve g\u00fc\u00e7 y\u00f6netimi optimizasyonlar\u0131yla karbon sal\u0131m\u0131n\u0131 minimize eden veri merkezi hizmetleri sa\u011fl\u0131yoruz.<\/p>\n                    <p><strong>At\u0131k Y\u00f6netimi ve Geri D\u00f6n\u00fc\u015f\u00fcm<\/strong>\n                      <br> Eski donan\u0131mlar\u0131n \u00e7evre dostu \u015fekilde imha edilmesi ve geri d\u00f6n\u00fc\u015f\u00fcm s\u00fcre\u00e7lerinde destek veriyoruz.<\/p>\n                    <p><strong>Uzaktan \u00c7al\u0131\u015fma ve Dijitalle\u015fme Deste\u011fi<\/strong>\n                      <br> \u0130\u015f g\u00fcc\u00fcn\u00fcz\u00fcn verimlili\u011fini art\u0131r\u0131rken ula\u015f\u0131m kaynakl\u0131 karbon emisyonlar\u0131n\u0131 azaltan bulut tabanl\u0131 ve dijital \u00e7al\u0131\u015fma ortamlar\u0131 sunuyoruz.<\/p>\n                    <p><strong>S\u00fcrd\u00fcr\u00fclebilirlik Dan\u0131\u015fmanl\u0131\u011f\u0131<\/strong>\n                      <br> Kurumsal s\u00fcrd\u00fcr\u00fclebilirlik hedeflerinize ula\u015fman\u0131z i\u00e7in teknolojik strateji, raporlama ve sertifikasyon s\u00fcre\u00e7lerinde rehberlik sa\u011fl\u0131yoruz.<\/p>\n                  <\/div>\n                <\/div>\n              <\/div>\n            <\/div>\n          <\/div>\n        <\/div>\n      <\/div>\n      <div data-colibri-id=\"413-c144\" class=\"h-row-container gutters-row-lg-2 gutters-row-md-2 gutters-row-0 gutters-row-v-lg-2 gutters-row-v-md-2 gutters-row-v-2 style-1304 style-local-413-c144 position-relative\">\n        <!---->\n        <div class=\"h-row justify-content-lg-center justify-content-md-center justify-content-center align-items-lg-stretch align-items-md-stretch align-items-stretch gutters-col-lg-2 gutters-col-md-2 gutters-col-0 gutters-col-v-lg-2 gutters-col-v-md-2 gutters-col-v-2\">\n          <!---->\n          <div class=\"h-column h-column-container d-flex h-col-lg-auto h-col-md-auto h-col-auto style-1305-outer style-local-413-c145-outer\">\n            <div data-colibri-id=\"413-c145\" class=\"d-flex h-flex-basis h-column__inner h-px-lg-2 h-px-md-2 h-px-2 v-inner-lg-2 v-inner-md-2 v-inner-2 style-1305 style-local-413-c145 position-relative\">\n              <!---->\n              <!---->\n              <div class=\"w-100 h-y-container h-column__content h-column__v-align flex-basis-100 align-self-lg-start align-self-md-start align-self-start\">\n                <!---->\n                <div data-colibri-id=\"413-c146\" class=\"h-global-transition-all h-heading style-1306 style-local-413-c146 position-relative h-element\">\n                  <!---->\n                  <div class=\"h-heading__outer style-1306 style-local-413-c146\">\n                    <!---->\n                    <!---->\n                    <h2 class=\"\">SistemX Fark\u0131<\/h2>\n                  <\/div>\n                <\/div>\n                <div data-colibri-id=\"413-c147\" class=\"h-text h-text-component style-1307 style-local-413-c147 position-relative h-element\">\n                  <!---->\n                  <!---->\n                  <div class=\"\">\n                    <p><strong>\u00c7evresel ve Ekonomik Katma De\u011fer<\/strong>\n                      <br> S\u00fcrd\u00fcr\u00fclebilir \u00e7\u00f6z\u00fcmlerimiz, hem \u00e7evreye duyarl\u0131 hem de i\u015fletmenizin maliyetlerini optimize eden yakla\u015f\u0131mlar i\u00e7erir.<\/p>\n                    <p><strong>Uzun Vadeli \u0130\u015f Orta\u011f\u0131<\/strong>\n                      <br> S\u00fcrd\u00fcr\u00fclebilirlik yolculu\u011funuzda teknolojik altyap\u0131dan stratejik planlamaya kadar yan\u0131n\u0131zday\u0131z.<\/p>\n                    <p><strong>\u0130novasyon ve Teknoloji Odakl\u0131 Yakla\u015f\u0131m<\/strong>\n                      <br> En yeni enerji verimlili\u011fi teknolojilerini kullanarak i\u015f s\u00fcre\u00e7lerinizi d\u00f6n\u00fc\u015ft\u00fcr\u00fcyoruz.<\/p>\n                    <p><strong>Uyumluluk ve Raporlama<\/strong>\n                      <br> \u00c7evresel reg\u00fclasyonlara ve s\u00fcrd\u00fcr\u00fclebilirlik standartlar\u0131na uygun \u00e7\u00f6z\u00fcmlerle raporlama ve izleme deste\u011fi sa\u011fl\u0131yoruz.<\/p>\n                  <\/div>\n                <\/div>\n              <\/div>\n            <\/div>\n          <\/div>\n        <\/div>\n      <\/div>\n      <div data-colibri-id=\"413-c151\" class=\"h-row-container gutters-row-lg-2 gutters-row-md-2 gutters-row-0 gutters-row-v-lg-2 gutters-row-v-md-2 gutters-row-v-2 style-1311 style-local-413-c151 position-relative\">\n        <!---->\n        <div class=\"h-row justify-content-lg-center justify-content-md-center justify-content-center align-items-lg-stretch align-items-md-stretch align-items-stretch gutters-col-lg-2 gutters-col-md-2 gutters-col-0 gutters-col-v-lg-2 gutters-col-v-md-2 gutters-col-v-2\">\n          <!---->\n          <div class=\"h-column h-column-container d-flex h-col-lg-auto h-col-md-auto h-col-auto style-1312-outer style-local-413-c152-outer\">\n            <div data-colibri-id=\"413-c152\" class=\"d-flex h-flex-basis h-column__inner h-px-lg-2 h-px-md-2 h-px-2 v-inner-lg-2 v-inner-md-2 v-inner-2 style-1312 style-local-413-c152 position-relative\">\n              <!---->\n              <!---->\n              <div class=\"w-100 h-y-container h-column__content h-column__v-align flex-basis-100 align-self-lg-start align-self-md-start align-self-start\">\n                <!---->\n                <div data-colibri-id=\"413-c153\" class=\"h-text h-text-component style-1313 style-local-413-c153 position-relative h-element\">\n                  <!---->\n                  <!---->\n                  <div class=\"\">\n                    <p>Gelin, birlikte daha ye\u015fil bir gelecek i\u00e7in teknoloji altyap\u0131n\u0131z\u0131 s\u00fcrd\u00fcr\u00fclebilir k\u0131lal\u0131m.\n                      <br> \ud83d\udcde SistemX ile ileti\u015fime ge\u00e7in, s\u00fcrd\u00fcr\u00fclebilirlik hedeflerinize uygun \u00e7\u00f6z\u00fcmlerimizi ke\u015ffedin. satis@sistemx.com.tr<\/p>\n                  <\/div>\n                <\/div>\n              <\/div>\n            <\/div>\n          <\/div>\n        <\/div>\n      <\/div>\n    <\/div>\n  <\/div>\n<\/div>","protected":false},"excerpt":{"rendered":"<p>S\u00fcrd\u00fcr\u00fclebilirlik \u00c7\u00f6z\u00fcmleri Gelece\u011fi Korumak \u0130\u00e7in Teknolojiyle S\u00fcrd\u00fcr\u00fclebilirlik SistemX olarak, teknoloji yat\u0131r\u0131mlar\u0131n\u0131zda \u00e7evresel sorumlulu\u011fu \u00f6n planda tutuyoruz. S\u00fcrd\u00fcr\u00fclebilirlik \u00e7\u00f6z\u00fcmlerimizle, hem enerji verimlili\u011finizi art\u0131r\u0131yor hem de karbon ayak izinizi azaltman\u0131za yard\u0131mc\u0131 oluyoruz. \u0130\u015f s\u00fcre\u00e7lerinizi optimize ederken, gelecek nesiller i\u00e7in daha ya\u015fanabilir bir d\u00fcnya b\u0131rakmay\u0131 hedefliyoruz. Hizmet ve \u00c7\u00f6z\u00fcmlerimiz Enerji Verimli Altyap\u0131 Tasar\u0131m\u0131 D\u00fc\u015f\u00fck enerji t\u00fcketimli donan\u0131mlar ve [&hellip;]<\/p>\n","protected":false},"author":1,"featured_media":0,"parent":0,"menu_order":0,"comment_status":"closed","ping_status":"closed","template":"page-templates\/full-width-page.php","meta":{"saved_in_kubio":false,"footnotes":""},"class_list":["post-413","page","type-page","status-publish","hentry"],"kubio_ai_page_context":{"short_desc":"","purpose":"general"},"_links":{"self":[{"href":"https:\/\/sistemx.com.tr\/index.php?rest_route=\/wp\/v2\/pages\/413","targetHints":{"allow":["GET"]}}],"collection":[{"href":"https:\/\/sistemx.com.tr\/index.php?rest_route=\/wp\/v2\/pages"}],"about":[{"href":"https:\/\/sistemx.com.tr\/index.php?rest_route=\/wp\/v2\/types\/page"}],"author":[{"embeddable":true,"href":"https:\/\/sistemx.com.tr\/index.php?rest_route=\/wp\/v2\/users\/1"}],"replies":[{"embeddable":true,"href":"https:\/\/sistemx.com.tr\/index.php?rest_route=%2Fwp%2Fv2%2Fcomments&post=413"}],"version-history":[{"count":15,"href":"https:\/\/sistemx.com.tr\/index.php?rest_route=\/wp\/v2\/pages\/413\/revisions"}],"predecessor-version":[{"id":2651,"href":"https:\/\/sistemx.com.tr\/index.php?rest_route=\/wp\/v2\/pages\/413\/revisions\/2651"}],"wp:attachment":[{"href":"https:\/\/sistemx.com.tr\/index.php?rest_route=%2Fwp%2Fv2%2Fmedia&parent=413"}],"curies":[{"name":"wp","href":"https:\/\/api.w.org\/{rel}","templated":true}]}}