{"id":299,"date":"2025-06-03T04:48:43","date_gmt":"2025-06-03T04:48:43","guid":{"rendered":"https:\/\/sistemx.com.tr\/?page_id=299"},"modified":"2025-07-01T19:45:01","modified_gmt":"2025-07-01T19:45:01","slug":"insan-kaynaklari","status":"publish","type":"page","link":"https:\/\/sistemx.com.tr\/?page_id=299","title":{"rendered":"\u0130nsan Kaynaklar\u0131"},"content":{"rendered":"<div data-colibri-id=\"299-c126\" class=\"style-808 style-local-299-c126 position-relative\">\n  <!---->\n  <div data-colibri-component=\"section\" data-colibri-id=\"299-c127\" id=\"about\" class=\"h-section h-section-global-spacing d-flex align-items-lg-center align-items-md-center align-items-center style-912 style-local-299-c127 position-relative\">\n    <!---->\n    <!---->\n    <div class=\"h-section-grid-container h-section-boxed-container\">\n      <div data-colibri-id=\"299-c132\" class=\"h-row-container gutters-row-lg-2 gutters-row-md-2 gutters-row-2 gutters-row-v-lg-2 gutters-row-v-md-2 gutters-row-v-2 style-917 style-local-299-c132 position-relative\">\n        <!---->\n        <div class=\"h-row justify-content-lg-center justify-content-md-center justify-content-center align-items-lg-stretch align-items-md-stretch align-items-stretch gutters-col-lg-2 gutters-col-md-2 gutters-col-2 gutters-col-v-lg-2 gutters-col-v-md-2 gutters-col-v-2\">\n          <!---->\n          <div class=\"h-column h-column-container d-flex h-col-lg-auto h-col-md-auto h-col-auto style-918-outer style-local-299-c133-outer\">\n            <div data-colibri-id=\"299-c133\" class=\"d-flex h-flex-basis h-column__inner h-px-lg-2 h-px-md-2 h-px-2 v-inner-lg-2 v-inner-md-2 v-inner-2 style-918 style-local-299-c133 position-relative\">\n              <!---->\n              <!---->\n              <div class=\"w-100 h-y-container h-column__content h-column__v-align flex-basis-100 align-self-lg-start align-self-md-start align-self-start\">\n                <!---->\n                <div data-colibri-id=\"299-c134\" class=\"h-global-transition-all h-heading style-919 style-local-299-c134 position-relative h-element\">\n                  <!---->\n                  <div class=\"h-heading__outer style-919 style-local-299-c134\">\n                    <!---->\n                    <!---->\n                    <h5 class=\"\">\u0130NSAN KAYNAKLARI<\/h5>\n                  <\/div>\n                <\/div>\n                <div data-colibri-id=\"299-c135\" class=\"h-global-transition-all h-heading style-920 style-local-299-c135 position-relative h-element\">\n                  <!---->\n                  <div class=\"h-heading__outer style-920 style-local-299-c135\">\n                    <!---->\n                    <!---->\n                    <h2 class=\"\">Do\u011fru&nbsp;<em style=\"font-family: &quot;Playfair Display&quot;; color: rgb(3, 169, 244);\">yeteneklerle&nbsp;<\/em>&nbsp;bulu\u015fuyor, g\u00fc\u00e7l\u00fc&nbsp;<em style=\"font-family: &quot;Playfair Display&quot;; color: rgb(3, 169, 244);\">gelece\u011fi&nbsp;<\/em>birlikte\n                      in\u015fa ediyoruz.<\/h2>\n                  <\/div>\n                <\/div>\n                <div data-colibri-id=\"299-c136\" class=\"h-lead h-text h-text-component style-921 style-local-299-c136 position-relative h-element\">\n                  <!---->\n                  <!---->\n                  <div class=\"\">\n                    <p>SistemX olarak, i\u015fe sadece yetenek kazand\u0131rm\u0131yor; ayn\u0131 zamanda de\u011ferlerimize uyumlu, geli\u015fime a\u00e7\u0131k insanlarla yolculu\u011fumuzu b\u00fcy\u00fct\u00fcyoruz. Tak\u0131m ruhuna inanan, vizyon sahibi adaylar\u0131 aram\u0131za kat\u0131lmaya davet ediyoruz.<\/p>\n                  <\/div>\n                <\/div>\n                <div data-colibri-id=\"299-c137\" class=\"h-x-container style-922 style-local-299-c137 position-relative h-element\">\n                  <!---->\n                  <div class=\"h-x-container-inner style-dynamic-299-c137-group style-922-spacing style-local-299-c137-spacing\"><span class=\"h-button__outer style-923-outer style-local-299-c138-outer d-inline-flex h-element\"><a h-use-smooth-scroll=\"true\" href=\"mailto:ik@sistemx.com.tr\"  data-colibri-id=\"299-c138\" class=\"d-flex w-100 align-items-center h-button justify-content-lg-center justify-content-md-center justify-content-center style-923 style-local-299-c138 position-relative\"><!----><!----> <span>CV G\u00f6nder<\/span><\/a>\n                    <\/span>\n                  <\/div>\n                <\/div>\n              <\/div>\n            <\/div>\n          <\/div>\n        <\/div>\n      <\/div>\n      <div data-colibri-id=\"299-c128\" class=\"h-row-container gutters-row-lg-0 gutters-row-md-0 gutters-row-0 gutters-row-v-lg-0 gutters-row-v-md-0 gutters-row-v-0 style-913 style-local-299-c128 h-overflow-hidden position-relative\">\n        <!---->\n        <div class=\"h-row justify-content-lg-center justify-content-md-center justify-content-center align-items-lg-end align-items-md-end align-items-end gutters-col-lg-0 gutters-col-md-0 gutters-col-0 gutters-col-v-lg-0 gutters-col-v-md-0 gutters-col-v-0\">\n          <!---->\n          <div class=\"h-column h-column-container d-flex h-col-lg-auto h-col-md-auto h-col-auto align-self-lg-end align-self-md-end align-self-end style-914-outer style-local-299-c129-outer\">\n            <div data-colibri-id=\"299-c129\" class=\"d-flex h-flex-basis h-column__inner h-ui-empty-state-container h-px-lg-0 h-px-md-0 h-px-0 v-inner-lg-0 v-inner-md-0 v-inner-0 style-914 style-local-299-c129 position-relative\">\n              <!---->\n              <!---->\n              <div class=\"w-100 h-y-container h-column__content h-column__v-align flex-basis-100\">\n                <!---->\n              <\/div>\n            <\/div>\n          <\/div>\n          <div class=\"h-column h-column-container d-flex h-col-lg-auto h-col-md-auto h-col-auto align-self-lg-end align-self-md-end align-self-end style-915-outer style-local-299-c130-outer\">\n            <div data-colibri-id=\"299-c130\" class=\"d-flex h-flex-basis h-column__inner h-ui-empty-state-container h-px-lg-0 h-px-md-0 h-px-0 v-inner-lg-0 v-inner-md-0 v-inner-0 style-915 style-local-299-c130 position-relative\">\n              <!---->\n              <!---->\n              <div class=\"w-100 h-y-container h-column__content h-column__v-align flex-basis-100\">\n                <!---->\n              <\/div>\n            <\/div>\n          <\/div>\n          <div class=\"h-column h-column-container d-flex h-col-lg-auto h-col-md-auto h-col-auto align-self-lg-end align-self-md-end align-self-end style-916-outer style-local-299-c131-outer\">\n            <div data-colibri-id=\"299-c131\" class=\"d-flex h-flex-basis h-column__inner h-ui-empty-state-container h-px-lg-0 h-px-md-0 h-px-0 v-inner-lg-0 v-inner-md-0 v-inner-0 style-916 style-local-299-c131 position-relative\">\n              <!---->\n              <!---->\n              <div class=\"w-100 h-y-container h-column__content h-column__v-align flex-basis-100\">\n                <!---->\n              <\/div>\n            <\/div>\n          <\/div>\n        <\/div>\n      <\/div>\n    <\/div>\n  <\/div>\n  <div data-colibri-component=\"section\" data-colibri-id=\"299-c139\" id=\"custom\" class=\"h-section h-section-global-spacing d-flex align-items-lg-center align-items-md-center align-items-center style-924 style-local-299-c139 position-relative\">\n    <!---->\n    <!---->\n    <div class=\"h-section-grid-container h-section-boxed-container\">\n      <!---->\n      <div data-colibri-id=\"299-c140\" class=\"h-row-container gutters-row-lg-2 gutters-row-md-2 gutters-row-0 gutters-row-v-lg-2 gutters-row-v-md-2 gutters-row-v-2 style-925 style-local-299-c140 position-relative\">\n        <!---->\n        <div class=\"h-row justify-content-lg-center justify-content-md-center justify-content-center align-items-lg-stretch align-items-md-stretch align-items-stretch gutters-col-lg-2 gutters-col-md-2 gutters-col-0 gutters-col-v-lg-2 gutters-col-v-md-2 gutters-col-v-2\">\n          <!---->\n          <div class=\"h-column h-column-container d-flex h-col-lg-auto h-col-md-auto h-col-auto style-926-outer style-local-299-c141-outer\">\n            <div data-colibri-id=\"299-c141\" class=\"d-flex h-flex-basis h-column__inner h-px-lg-2 h-px-md-2 h-px-2 v-inner-lg-2 v-inner-md-2 v-inner-2 style-926 style-local-299-c141 position-relative\">\n              <!---->\n              <!---->\n              <div class=\"w-100 h-y-container h-column__content h-column__v-align flex-basis-100 align-self-lg-start align-self-md-start align-self-start\">\n                <!---->\n                <div data-colibri-id=\"299-c142\" class=\"h-global-transition-all h-heading style-927 style-local-299-c142 position-relative h-element\">\n                  <!---->\n                  <div class=\"h-heading__outer style-927 style-local-299-c142\">\n                    <!---->\n                    <!---->\n                    <h2 class=\"\">Neden SistemX?<\/h2>\n                  <\/div>\n                <\/div>\n              <\/div>\n            <\/div>\n          <\/div>\n        <\/div>\n      <\/div>\n      <div data-colibri-id=\"299-c143\" class=\"h-row-container gutters-row-lg-2 gutters-row-md-2 gutters-row-0 gutters-row-v-lg-2 gutters-row-v-md-2 gutters-row-v-2 style-928 style-local-299-c143 position-relative\">\n        <!---->\n        <div class=\"h-row justify-content-lg-center justify-content-md-center justify-content-center align-items-lg-stretch align-items-md-stretch align-items-stretch gutters-col-lg-2 gutters-col-md-2 gutters-col-0 gutters-col-v-lg-2 gutters-col-v-md-2 gutters-col-v-2\">\n          <!---->\n          <div class=\"h-column h-column-container d-flex h-col-lg-auto h-col-md-auto h-col-auto style-929-outer style-local-299-c144-outer\">\n            <div data-colibri-id=\"299-c144\" class=\"d-flex h-flex-basis h-column__inner h-px-lg-2 h-px-md-2 h-px-2 v-inner-lg-2 v-inner-md-2 v-inner-2 style-929 style-local-299-c144 position-relative\">\n              <!---->\n              <!---->\n              <div class=\"w-100 h-y-container h-column__content h-column__v-align flex-basis-100 align-self-lg-start align-self-md-start align-self-start\">\n                <!---->\n                <div data-colibri-id=\"299-c145\" class=\"h-text h-text-component style-930 style-local-299-c145 position-relative h-element\">\n                  <!---->\n                  <!---->\n                  <div class=\"\">\n                    <p><strong>Esnek ve geli\u015fime a\u00e7\u0131k organizasyon:<\/strong> De\u011fi\u015fen sekt\u00f6r dinamiklerine g\u00f6re organizasyon yap\u0131m\u0131z\u0131 s\u00fcrekli g\u00fcncelleniyor, \u00e7al\u0131\u015fanlar\u0131m\u0131za farkl\u0131 projelerde g\u00f6rev alma f\u0131rsat\u0131 sunarak bireysel geli\u015fimlerine katk\u0131 sa\u011fl\u0131yoruz.<strong><br>G\u00fcvenli ve sa\u011fl\u0131kl\u0131 \u00e7al\u0131\u015fma ortam\u0131:<\/strong>                      \u0130\u015f g\u00fcvenli\u011fi ve i\u015f\u00e7i sa\u011fl\u0131\u011f\u0131 uygulamalar\u0131na \u00f6nem veriyor, ofisimizde profesyonel ve destekleyici bir \u00e7al\u0131\u015fma ortam\u0131 s\u00fcrd\u00fcr\u00fcyoruz.<strong><br>Hak ve yan haklarda \u015feffafl\u0131k:<\/strong> \u00c7al\u0131\u015fanlar\u0131m\u0131z\u0131n t\u00fcm yasal haklar\u0131n\u0131 koruyor, yan\n                      hak ve sosyal sorumluluk uygulamalar\u0131m\u0131zla destekliyoruz.<strong><br>Kat\u0131l\u0131mc\u0131 ve de\u011fer veren k\u00fclt\u00fcr:<\/strong> Ba\u015far\u0131y\u0131 birlikte in\u015fa ediyoruz. Her \u00e7al\u0131\u015fan\u0131n fikir ve katk\u0131s\u0131 de\u011ferlidir; tak\u0131m ruhunu \u00f6n planda tutan bir k\u00fclt\u00fcr in\u015fa\n                      ediyoruz.<\/p>\n                  <\/div>\n                <\/div>\n              <\/div>\n            <\/div>\n          <\/div>\n        <\/div>\n      <\/div>\n      <div data-colibri-id=\"299-c146\" class=\"h-row-container gutters-row-lg-2 gutters-row-md-2 gutters-row-0 gutters-row-v-lg-2 gutters-row-v-md-2 gutters-row-v-2 style-931 style-local-299-c146 position-relative\">\n        <!---->\n        <div class=\"h-row justify-content-lg-center justify-content-md-center justify-content-center align-items-lg-stretch align-items-md-stretch align-items-stretch gutters-col-lg-2 gutters-col-md-2 gutters-col-0 gutters-col-v-lg-2 gutters-col-v-md-2 gutters-col-v-2\">\n          <!---->\n          <div class=\"h-column h-column-container d-flex h-col-lg-auto h-col-md-auto h-col-auto style-932-outer style-local-299-c147-outer\">\n            <div data-colibri-id=\"299-c147\" class=\"d-flex h-flex-basis h-column__inner h-px-lg-2 h-px-md-2 h-px-2 v-inner-lg-2 v-inner-md-2 v-inner-2 style-932 style-local-299-c147 position-relative\">\n              <!---->\n              <!---->\n              <div class=\"w-100 h-y-container h-column__content h-column__v-align flex-basis-100 align-self-lg-start align-self-md-start align-self-start\">\n                <!---->\n                <div data-colibri-id=\"299-c148\" class=\"h-global-transition-all h-heading style-933 style-local-299-c148 position-relative h-element\">\n                  <!---->\n                  <div class=\"h-heading__outer style-933 style-local-299-c148\">\n                    <!---->\n                    <!---->\n                    <h2 class=\"\">\u0130\u015fe Al\u0131m S\u00fcre\u00e7lerimiz<\/h2>\n                  <\/div>\n                <\/div>\n              <\/div>\n            <\/div>\n          <\/div>\n        <\/div>\n      <\/div>\n      <div data-colibri-id=\"299-c149\" class=\"h-row-container gutters-row-lg-2 gutters-row-md-2 gutters-row-0 gutters-row-v-lg-2 gutters-row-v-md-2 gutters-row-v-2 style-934 style-local-299-c149 position-relative\">\n        <!---->\n        <div class=\"h-row justify-content-lg-center justify-content-md-center justify-content-center align-items-lg-stretch align-items-md-stretch align-items-stretch gutters-col-lg-2 gutters-col-md-2 gutters-col-0 gutters-col-v-lg-2 gutters-col-v-md-2 gutters-col-v-2\">\n          <!---->\n          <div class=\"h-column h-column-container d-flex h-col-lg-auto h-col-md-auto h-col-auto style-935-outer style-local-299-c150-outer\">\n            <div data-colibri-id=\"299-c150\" class=\"d-flex h-flex-basis h-column__inner h-px-lg-2 h-px-md-2 h-px-2 v-inner-lg-2 v-inner-md-2 v-inner-2 style-935 style-local-299-c150 position-relative\">\n              <!---->\n              <!---->\n              <div class=\"w-100 h-y-container h-column__content h-column__v-align flex-basis-100 align-self-lg-start align-self-md-start align-self-start\">\n                <!---->\n                <div data-colibri-id=\"299-c151\" class=\"h-text h-text-component style-936 style-local-299-c151 position-relative h-element\">\n                  <!---->\n                  <!---->\n                  <div class=\"\">\n                    <p><strong>Ba\u015fvuru &amp; \u00d6zge\u00e7mi\u015f \u0130nceleme<\/strong>\n                      <br> \u0130nsan kaynaklar\u0131 ekibimiz, t\u00fcm ba\u015fvurular\u0131 titizlikle inceler.<strong><br>De\u011ferlendirme &amp; M\u00fclakat<\/strong>\n                      <br> Ki\u015filik envanteri, teknik yeterlilik ve k\u00fclt\u00fcrel uyum s\u00fcre\u00e7leriyle adil bir de\u011ferlendirme y\u00fcr\u00fct\u00fcl\u00fcr.<strong><br>Karar &amp; Teklif S\u00fcreci<\/strong>\n                      <br> Objektif kriterler temel al\u0131narak s\u00fcre\u00e7 sonu\u00e7land\u0131r\u0131l\u0131r, teklif s\u00fcrecimiz \u015feffaft\u0131r.<strong><br>Oryantasyon &amp; Adaptasyon<\/strong>\n                      <br> Yeni kat\u0131lan ekip \u00fcyelerinin sistemimize h\u0131zl\u0131 ve sa\u011fl\u0131kl\u0131 \u015fekilde adapte olabilmesi i\u00e7in kapsaml\u0131 oryantasyon programlar\u0131 sunuyoruz.<\/p>\n                  <\/div>\n                <\/div>\n              <\/div>\n            <\/div>\n          <\/div>\n        <\/div>\n      <\/div>\n      <div data-colibri-id=\"299-c152\" class=\"h-row-container gutters-row-lg-2 gutters-row-md-2 gutters-row-0 gutters-row-v-lg-2 gutters-row-v-md-2 gutters-row-v-2 style-937 style-local-299-c152 position-relative\">\n        <!---->\n        <div class=\"h-row justify-content-lg-center justify-content-md-center justify-content-center align-items-lg-stretch align-items-md-stretch align-items-stretch gutters-col-lg-2 gutters-col-md-2 gutters-col-0 gutters-col-v-lg-2 gutters-col-v-md-2 gutters-col-v-2\">\n          <!---->\n          <div class=\"h-column h-column-container d-flex h-col-lg-auto h-col-md-auto h-col-auto style-938-outer style-local-299-c153-outer\">\n            <div data-colibri-id=\"299-c153\" class=\"d-flex h-flex-basis h-column__inner h-px-lg-2 h-px-md-2 h-px-2 v-inner-lg-2 v-inner-md-2 v-inner-2 style-938 style-local-299-c153 position-relative\">\n              <!---->\n              <!---->\n              <div class=\"w-100 h-y-container h-column__content h-column__v-align flex-basis-100 align-self-lg-start align-self-md-start align-self-start\">\n                <!---->\n                <div data-colibri-id=\"299-c154\" class=\"h-global-transition-all h-heading style-939 style-local-299-c154 position-relative h-element\">\n                  <!---->\n                  <div class=\"h-heading__outer style-939 style-local-299-c154\">\n                    <!---->\n                    <!---->\n                    <h2 class=\"\">Staj &amp; Gen\u00e7 Yetenek Program\u0131m\u0131z<\/h2>\n                  <\/div>\n                <\/div>\n              <\/div>\n            <\/div>\n          <\/div>\n        <\/div>\n      <\/div>\n      <div data-colibri-id=\"299-c155\" class=\"h-row-container gutters-row-lg-2 gutters-row-md-2 gutters-row-0 gutters-row-v-lg-2 gutters-row-v-md-2 gutters-row-v-2 style-940 style-local-299-c155 position-relative\">\n        <!---->\n        <div class=\"h-row justify-content-lg-center justify-content-md-center justify-content-center align-items-lg-stretch align-items-md-stretch align-items-stretch gutters-col-lg-2 gutters-col-md-2 gutters-col-0 gutters-col-v-lg-2 gutters-col-v-md-2 gutters-col-v-2\">\n          <!---->\n          <div class=\"h-column h-column-container d-flex h-col-lg-auto h-col-md-auto h-col-auto style-941-outer style-local-299-c156-outer\">\n            <div data-colibri-id=\"299-c156\" class=\"d-flex h-flex-basis h-column__inner h-px-lg-2 h-px-md-2 h-px-2 v-inner-lg-2 v-inner-md-2 v-inner-2 style-941 style-local-299-c156 position-relative\">\n              <!---->\n              <!---->\n              <div class=\"w-100 h-y-container h-column__content h-column__v-align flex-basis-100 align-self-lg-start align-self-md-start align-self-start\">\n                <!---->\n                <div data-colibri-id=\"299-c157\" class=\"h-text h-text-component style-942 style-local-299-c157 position-relative h-element\">\n                  <!---->\n                  <!---->\n                  <div class=\"\">\n                    <p>\u00dcniversite \u00f6\u011frencileri i\u00e7in yaz ve k\u0131\u015f d\u00f6nemlerinde staj imk\u00e2n\u0131 sa\u011fl\u0131yor, meslek y\u00fcksekokulu\/\u00e7\u0131rakl\u0131k okullar\u0131na y\u00f6nelik e\u011fitim programlar\u0131 d\u00fczenliyoruz. Gelece\u011fin yeteneklerini destekliyor, onlara \u201ci\u015fe haz\u0131rl\u0131k\u201d s\u00fcreciyle profesyonel\n                      geli\u015fim f\u0131rsat\u0131 sunuyoruz.<\/p>\n                  <\/div>\n                <\/div>\n              <\/div>\n            <\/div>\n          <\/div>\n        <\/div>\n      <\/div>\n      <div data-colibri-id=\"299-c158\" class=\"h-row-container gutters-row-lg-2 gutters-row-md-2 gutters-row-0 gutters-row-v-lg-2 gutters-row-v-md-2 gutters-row-v-2 style-943 style-local-299-c158 position-relative\">\n        <!---->\n        <div class=\"h-row justify-content-lg-center justify-content-md-center justify-content-center align-items-lg-stretch align-items-md-stretch align-items-stretch gutters-col-lg-2 gutters-col-md-2 gutters-col-0 gutters-col-v-lg-2 gutters-col-v-md-2 gutters-col-v-2\">\n          <!---->\n          <div class=\"h-column h-column-container d-flex h-col-lg-auto h-col-md-auto h-col-auto style-944-outer style-local-299-c159-outer\">\n            <div data-colibri-id=\"299-c159\" class=\"d-flex h-flex-basis h-column__inner h-px-lg-2 h-px-md-2 h-px-2 v-inner-lg-2 v-inner-md-2 v-inner-2 style-944 style-local-299-c159 position-relative\">\n              <!---->\n              <!---->\n              <div class=\"w-100 h-y-container h-column__content h-column__v-align flex-basis-100 align-self-lg-start align-self-md-start align-self-start\">\n                <!---->\n                <div data-colibri-id=\"299-c160\" class=\"h-global-transition-all h-heading style-945 style-local-299-c160 position-relative h-element\">\n                  <!---->\n                  <div class=\"h-heading__outer style-945 style-local-299-c160\">\n                    <!---->\n                    <!---->\n                    <h2 class=\"\">Kariyeriniz \u0130\u00e7in SistemX<\/h2>\n                  <\/div>\n                <\/div>\n                <div data-colibri-id=\"299-c161\" class=\"h-text h-text-component style-946 style-local-299-c161 position-relative h-element\">\n                  <!---->\n                  <!---->\n                  <div class=\"\">\n                    <p>Teknolojiyi stratejiyle bulu\u015fturan, kat\u0131l\u0131mc\u0131 ve geli\u015fime a\u00e7\u0131k bir ortamda kariyer yapmak isteyen yetenekleri SistemX ailesine kat\u0131lmaya davet ediyoruz. Burada, sadece bug\u00fcn\u00fcn de\u011fil, gelece\u011fin teknolojisini \u015fekillendiren projelerde\n                      yer alacak, profesyonel yolculu\u011funuzu g\u00fc\u00e7l\u00fc bir ekip ile s\u00fcrd\u00fcreceksiniz.<\/p>\n                    <p>Ba\u015fvurular\u0131n\u0131z\u0131 ve kariyerle ilgili sorular\u0131n\u0131z\u0131 <strong rel=\"noopener\">ik@sistemx.com.tr<\/strong> adresine iletebilirsiniz.<\/p>\n                  <\/div>\n                <\/div>\n              <\/div>\n            <\/div>\n          <\/div>\n        <\/div>\n      <\/div>\n    <\/div>\n  <\/div>\n<\/div>","protected":false},"excerpt":{"rendered":"<p>\u0130NSAN KAYNAKLARI Do\u011fru&nbsp;yeteneklerle&nbsp;&nbsp;bulu\u015fuyor, g\u00fc\u00e7l\u00fc&nbsp;gelece\u011fi&nbsp;birlikte in\u015fa ediyoruz. SistemX olarak, i\u015fe sadece yetenek kazand\u0131rm\u0131yor; ayn\u0131 zamanda de\u011ferlerimize uyumlu, geli\u015fime a\u00e7\u0131k insanlarla yolculu\u011fumuzu b\u00fcy\u00fct\u00fcyoruz. Tak\u0131m ruhuna inanan, vizyon sahibi adaylar\u0131 aram\u0131za kat\u0131lmaya davet ediyoruz. CV G\u00f6nder Neden SistemX? Esnek ve geli\u015fime a\u00e7\u0131k organizasyon: De\u011fi\u015fen sekt\u00f6r dinamiklerine g\u00f6re organizasyon yap\u0131m\u0131z\u0131 s\u00fcrekli g\u00fcncelleniyor, \u00e7al\u0131\u015fanlar\u0131m\u0131za farkl\u0131 projelerde g\u00f6rev alma f\u0131rsat\u0131 sunarak [&hellip;]<\/p>\n","protected":false},"author":1,"featured_media":0,"parent":0,"menu_order":0,"comment_status":"closed","ping_status":"closed","template":"page-templates\/full-width-page.php","meta":{"saved_in_kubio":false,"footnotes":""},"class_list":["post-299","page","type-page","status-publish","hentry"],"kubio_ai_page_context":{"short_desc":"","purpose":"general"},"_links":{"self":[{"href":"https:\/\/sistemx.com.tr\/index.php?rest_route=\/wp\/v2\/pages\/299","targetHints":{"allow":["GET"]}}],"collection":[{"href":"https:\/\/sistemx.com.tr\/index.php?rest_route=\/wp\/v2\/pages"}],"about":[{"href":"https:\/\/sistemx.com.tr\/index.php?rest_route=\/wp\/v2\/types\/page"}],"author":[{"embeddable":true,"href":"https:\/\/sistemx.com.tr\/index.php?rest_route=\/wp\/v2\/users\/1"}],"replies":[{"embeddable":true,"href":"https:\/\/sistemx.com.tr\/index.php?rest_route=%2Fwp%2Fv2%2Fcomments&post=299"}],"version-history":[{"count":20,"href":"https:\/\/sistemx.com.tr\/index.php?rest_route=\/wp\/v2\/pages\/299\/revisions"}],"predecessor-version":[{"id":2394,"href":"https:\/\/sistemx.com.tr\/index.php?rest_route=\/wp\/v2\/pages\/299\/revisions\/2394"}],"wp:attachment":[{"href":"https:\/\/sistemx.com.tr\/index.php?rest_route=%2Fwp%2Fv2%2Fmedia&parent=299"}],"curies":[{"name":"wp","href":"https:\/\/api.w.org\/{rel}","templated":true}]}}