{"id":298,"date":"2025-06-03T04:48:43","date_gmt":"2025-06-03T04:48:43","guid":{"rendered":"https:\/\/sistemx.com.tr\/?page_id=298"},"modified":"2025-06-30T09:37:32","modified_gmt":"2025-06-30T09:37:32","slug":"hakkimizda","status":"publish","type":"page","link":"https:\/\/sistemx.com.tr\/?page_id=298","title":{"rendered":"Hakk\u0131m\u0131zda"},"content":{"rendered":"<div data-colibri-id=\"298-c126\" class=\"style-802 style-local-298-c126 position-relative\">\n  <!---->\n  <div data-colibri-component=\"section\" data-colibri-id=\"298-c131\" id=\"about\" class=\"h-section h-section-global-spacing d-flex align-items-lg-center align-items-md-center align-items-center style-898 style-local-298-c131 position-relative\">\n    <!---->\n    <!---->\n    <div class=\"h-section-grid-container h-section-boxed-container\">\n      <!---->\n      <div data-colibri-id=\"298-c132\" class=\"h-row-container gutters-row-lg-2 gutters-row-md-2 gutters-row-2 gutters-row-v-lg-2 gutters-row-v-md-2 gutters-row-v-2 style-899 style-local-298-c132 position-relative\">\n        <!---->\n        <div class=\"h-row justify-content-lg-center justify-content-md-center justify-content-center align-items-lg-stretch align-items-md-stretch align-items-stretch gutters-col-lg-2 gutters-col-md-2 gutters-col-2 gutters-col-v-lg-2 gutters-col-v-md-2 gutters-col-v-2\">\n          <!---->\n          <div class=\"h-column h-column-container d-flex h-col-lg-auto h-col-md-auto h-col-auto style-900-outer style-local-298-c133-outer\">\n            <div data-colibri-id=\"298-c133\" class=\"d-flex h-flex-basis h-column__inner h-px-lg-2 h-px-md-2 h-px-2 v-inner-lg-2 v-inner-md-2 v-inner-2 style-900 style-local-298-c133 position-relative\">\n              <!---->\n              <!---->\n              <div class=\"w-100 h-y-container h-column__content h-column__v-align flex-basis-100 align-self-lg-center align-self-md-center align-self-center\">\n                <!---->\n                <div data-colibri-id=\"298-c134\" class=\"h-global-transition-all h-heading style-901 style-local-298-c134 position-relative h-element\">\n                  <!---->\n                  <div class=\"h-heading__outer style-901 style-local-298-c134\">\n                    <!---->\n                    <!---->\n                    <h5 class=\"\">B\u0130RL\u0130KTE GELECE\u011eE<\/h5>\n                  <\/div>\n                <\/div>\n                <div data-colibri-id=\"298-c135\" class=\"h-global-transition-all h-heading style-902 style-local-298-c135 position-relative h-element\">\n                  <!---->\n                  <div class=\"h-heading__outer style-902 style-local-298-c135\">\n                    <!---->\n                    <!---->\n                    <h2 class=\"\">Sistem entegrasyonu ve bilgi teknolojilerinde s\u00fcrd\u00fcr\u00fclebilir \u00e7\u00f6z\u00fcmler sunuyoruz.&nbsp;<\/h2>\n                  <\/div>\n                <\/div>\n                <div data-colibri-id=\"298-c136\" class=\"h-text h-text-component style-903 style-local-298-c136 position-relative h-element\">\n                  <!---->\n                  <!---->\n                  <div class=\"\">\n                    <p>Sistem entegrasyonu ve bilgi teknolojileri alan\u0131nda 20 y\u0131ll\u0131k tecr\u00fcbemizle, kurumlar\u0131n dijital d\u00f6n\u00fc\u015f\u00fcm yolculu\u011funda g\u00fcvenilir \u00e7\u00f6z\u00fcm orta\u011f\u0131n\u0131z\u0131z. Bursa merkezli yap\u0131m\u0131zla, T\u00fcrkiye genelinde g\u00fc\u00e7l\u00fc i\u015f ortakl\u0131klar\u0131, sertifikal\u0131 uzman kadromuz\n                      ve m\u00fc\u015fteri odakl\u0131 hizmet anlay\u0131\u015f\u0131m\u0131zla yan\u0131n\u0131zday\u0131z.<\/p>\n                  <\/div>\n                <\/div>\n              <\/div>\n            <\/div>\n          <\/div>\n          <div class=\"h-column h-column-container d-flex h-col-lg-auto h-col-md-auto h-col-auto style-906-outer style-local-298-c139-outer\">\n            <div data-colibri-id=\"298-c139\" class=\"d-flex h-flex-basis h-column__inner h-px-lg-2 h-px-md-2 h-px-2 v-inner-lg-2 v-inner-md-2 v-inner-2 style-906 style-local-298-c139 position-relative\">\n              <!---->\n              <!---->\n              <div class=\"w-100 h-y-container h-column__content h-column__v-align flex-basis-100 align-self-lg-center align-self-md-center align-self-center\">\n                <!---->\n                <div data-colibri-id=\"298-c140\" class=\"d-block style-907 style-local-298-c140 position-relative h-element\">\n                  <!---->\n                  <div class=\"h-image__frame-container-outer\">\n                    <div class=\"h-image__frame-container\">\n                      <!---->\n                      <!---->\n                      <img decoding=\"async\" src=\"https:\/\/sistemx.com.tr\/wp-content\/uploads\/2025\/06\/colibri-image-128.png\" class=\"wp-image-1471 style-907-image style-local-298-c140-image\" alt=\"\" \/>\n                      <div class=\"h-image__frame h-hide-sm style-907-frameImage style-local-298-c140-frameImage\"><\/div>\n                    <\/div>\n                  <\/div>\n                <\/div>\n              <\/div>\n            <\/div>\n          <\/div>\n        <\/div>\n      <\/div>\n    <\/div>\n  <\/div>\n  <div data-colibri-component=\"section\" data-colibri-id=\"298-c141\" id=\"custom\" class=\"h-section h-section-global-spacing d-flex align-items-lg-center align-items-md-center align-items-center style-908 style-local-298-c141 position-relative\">\n    <!---->\n    <!---->\n    <div class=\"h-section-grid-container h-section-boxed-container\">\n      <!---->\n      <div data-colibri-id=\"298-c142\" class=\"h-row-container gutters-row-lg-2 gutters-row-md-2 gutters-row-0 gutters-row-v-lg-2 gutters-row-v-md-2 gutters-row-v-2 style-909 style-local-298-c142 position-relative\">\n        <!---->\n        <div class=\"h-row justify-content-lg-center justify-content-md-center justify-content-center align-items-lg-stretch align-items-md-stretch align-items-stretch gutters-col-lg-2 gutters-col-md-2 gutters-col-0 gutters-col-v-lg-2 gutters-col-v-md-2 gutters-col-v-2\">\n          <!---->\n          <div class=\"h-column h-column-container d-flex h-col-lg-auto h-col-md-auto h-col-auto style-910-outer style-local-298-c143-outer\">\n            <div data-colibri-id=\"298-c143\" class=\"d-flex h-flex-basis h-column__inner h-px-lg-2 h-px-md-2 h-px-2 v-inner-lg-2 v-inner-md-2 v-inner-2 style-910 style-local-298-c143 position-relative\">\n              <!---->\n              <!---->\n              <div class=\"w-100 h-y-container h-column__content h-column__v-align flex-basis-100 align-self-lg-start align-self-md-start align-self-start\">\n                <!---->\n                <div data-colibri-id=\"298-c144\" class=\"h-text h-text-component style-911 style-local-298-c144 position-relative h-element\">\n                  <!---->\n                  <!---->\n                  <div class=\"\">\n                    <p>SistemX Bilgi Teknolojileri, yakla\u015f\u0131k 20 y\u0131ll\u0131k sekt\u00f6r deneyiminin kazand\u0131rd\u0131\u011f\u0131 bilgi birikimi ve vizyonla, kurumlar\u0131n dijital d\u00f6n\u00fc\u015f\u00fcm s\u00fcre\u00e7lerinde g\u00fcvenilir bir \u00e7\u00f6z\u00fcm orta\u011f\u0131 olmay\u0131 hedefleyen, sistem entegrasyonu ve bilgi teknolojileri\n                      alan\u0131nda uzmanla\u015fm\u0131\u015f bir teknoloji firmas\u0131d\u0131r.<\/p>\n                    <p>Bursa merkezli yap\u0131m\u0131zla T\u00fcrkiye genelinde faaliyet g\u00f6steriyor; g\u00fc\u00e7l\u00fc i\u015f ortakl\u0131klar\u0131m\u0131z, sertifikal\u0131 ve deneyimli teknik ekibimiz, m\u00fc\u015fteri odakl\u0131 hizmet anlay\u0131\u015f\u0131m\u0131zla i\u015fletmelerin BT altyap\u0131lar\u0131n\u0131 daha g\u00fcvenli, verimli ve s\u00fcrd\u00fcr\u00fclebilir\n                      hale getiriyoruz. Teknolojiyi yaln\u0131zca bir ara\u00e7 olarak de\u011fil, ayn\u0131 zamanda kurumlar\u0131n stratejik b\u00fcy\u00fcmesinin temel ta\u015f\u0131 olarak g\u00f6r\u00fcyoruz.<\/p>\n                    <p>Faaliyet alanlar\u0131m\u0131z aras\u0131nda veri merkezi \u00e7\u00f6z\u00fcmleri, sunucu ve depolama sistemleri, a\u011f altyap\u0131lar\u0131, sanalla\u015ft\u0131rma, bulut d\u00f6n\u00fc\u015f\u00fcm projeleri, yedeklilik ve i\u015f s\u00fcreklili\u011fi \u00e7\u00f6z\u00fcmleri, siber g\u00fcvenlik, y\u00f6netilen hizmetler ve dan\u0131\u015fmanl\u0131k\n                      hizmetleri yer almaktad\u0131r. Projelendirme, uygulama, destek ve s\u00fcrekli iyile\u015ftirme s\u00fcre\u00e7lerinin t\u00fcm\u00fcnde m\u00fc\u015fterilerimize u\u00e7tan uca katma de\u011fer sunan \u00e7\u00f6z\u00fcmler geli\u015ftiriyoruz.<\/p>\n                    <p>SistemX olarak yaln\u0131zca teknolojiyi de\u011fil, gelece\u011fi de \u00f6nemsiyoruz. S\u00fcrd\u00fcr\u00fclebilirlik odakl\u0131 yakla\u015f\u0131m\u0131m\u0131z do\u011frultusunda; enerji verimlili\u011fi y\u00fcksek sistem \u00e7\u00f6z\u00fcmleri sunmaya, veri merkezlerinin karbon ayak izini azaltacak teknolojilere\n                      \u00f6ncelik vermeye ve dijitalle\u015fme s\u00fcre\u00e7lerinin \u00e7evresel etkilerini minimumda tutmaya \u00f6zen g\u00f6steriyoruz. Ofis i\u00e7i operasyonlar\u0131m\u0131zda da geri d\u00f6n\u00fc\u015f\u00fcm, dijital dok\u00fcmantasyon ve enerji tasarrufu gibi uygulamalarla do\u011faya duyarl\u0131 bir i\u015f\n                      modeli benimsiyoruz.<\/p>\n                    <p>Bu \u00e7er\u00e7evede, hem m\u00fc\u015fterilerimizin BT yat\u0131r\u0131mlar\u0131nda \u00e7evresel etkileri g\u00f6z \u00f6n\u00fcnde bulundurmas\u0131na destek oluyor hem de teknoloji sekt\u00f6r\u00fcnde daha ye\u015fil ve sorumlu bir yakla\u015f\u0131m\u0131n yayg\u0131nla\u015fmas\u0131na katk\u0131 sa\u011fl\u0131yoruz.<\/p>\n                    <p>Kurumsal etik de\u011ferlere ba\u011fl\u0131l\u0131\u011f\u0131m\u0131z, \u015feffaf i\u015f yap\u0131\u015f bi\u00e7imimiz ve \u00e7\u00f6z\u00fcm odakl\u0131 yakla\u015f\u0131m\u0131m\u0131zla her \u00f6l\u00e7ekteki kurumun dijitalle\u015fme yolculu\u011funa g\u00fcvenle e\u015flik ediyoruz. Gelecekte de teknolojiyi insan, kurum ve do\u011fa ekseninde dengeleyen\n                      bir anlay\u0131\u015fla \u00e7al\u0131\u015fmalar\u0131m\u0131z\u0131 s\u00fcrd\u00fcrmeye kararl\u0131y\u0131z.<\/p>\n                  <\/div>\n                <\/div>\n              <\/div>\n            <\/div>\n          <\/div>\n        <\/div>\n      <\/div>\n    <\/div>\n  <\/div>\n<\/div>","protected":false},"excerpt":{"rendered":"<p>B\u0130RL\u0130KTE GELECE\u011eE Sistem entegrasyonu ve bilgi teknolojilerinde s\u00fcrd\u00fcr\u00fclebilir \u00e7\u00f6z\u00fcmler sunuyoruz.&nbsp; Sistem entegrasyonu ve bilgi teknolojileri alan\u0131nda 20 y\u0131ll\u0131k tecr\u00fcbemizle, kurumlar\u0131n dijital d\u00f6n\u00fc\u015f\u00fcm yolculu\u011funda g\u00fcvenilir \u00e7\u00f6z\u00fcm orta\u011f\u0131n\u0131z\u0131z. Bursa merkezli yap\u0131m\u0131zla, T\u00fcrkiye genelinde g\u00fc\u00e7l\u00fc i\u015f ortakl\u0131klar\u0131, sertifikal\u0131 uzman kadromuz ve m\u00fc\u015fteri odakl\u0131 hizmet anlay\u0131\u015f\u0131m\u0131zla yan\u0131n\u0131zday\u0131z. SistemX Bilgi Teknolojileri, yakla\u015f\u0131k 20 y\u0131ll\u0131k sekt\u00f6r deneyiminin kazand\u0131rd\u0131\u011f\u0131 bilgi birikimi ve [&hellip;]<\/p>\n","protected":false},"author":1,"featured_media":0,"parent":0,"menu_order":0,"comment_status":"closed","ping_status":"closed","template":"page-templates\/full-width-page.php","meta":{"saved_in_kubio":false,"footnotes":""},"class_list":["post-298","page","type-page","status-publish","hentry"],"kubio_ai_page_context":{"short_desc":"","purpose":"general"},"_links":{"self":[{"href":"https:\/\/sistemx.com.tr\/index.php?rest_route=\/wp\/v2\/pages\/298","targetHints":{"allow":["GET"]}}],"collection":[{"href":"https:\/\/sistemx.com.tr\/index.php?rest_route=\/wp\/v2\/pages"}],"about":[{"href":"https:\/\/sistemx.com.tr\/index.php?rest_route=\/wp\/v2\/types\/page"}],"author":[{"embeddable":true,"href":"https:\/\/sistemx.com.tr\/index.php?rest_route=\/wp\/v2\/users\/1"}],"replies":[{"embeddable":true,"href":"https:\/\/sistemx.com.tr\/index.php?rest_route=%2Fwp%2Fv2%2Fcomments&post=298"}],"version-history":[{"count":19,"href":"https:\/\/sistemx.com.tr\/index.php?rest_route=\/wp\/v2\/pages\/298\/revisions"}],"predecessor-version":[{"id":1963,"href":"https:\/\/sistemx.com.tr\/index.php?rest_route=\/wp\/v2\/pages\/298\/revisions\/1963"}],"wp:attachment":[{"href":"https:\/\/sistemx.com.tr\/index.php?rest_route=%2Fwp%2Fv2%2Fmedia&parent=298"}],"curies":[{"name":"wp","href":"https:\/\/api.w.org\/{rel}","templated":true}]}}