{"id":285,"date":"2025-06-03T04:45:19","date_gmt":"2025-06-03T04:45:19","guid":{"rendered":"https:\/\/sistemx.com.tr\/?page_id=285"},"modified":"2025-07-03T07:44:13","modified_gmt":"2025-07-03T07:44:13","slug":"siber-guvenlik-hizmetleri","status":"publish","type":"page","link":"https:\/\/sistemx.com.tr\/?page_id=285","title":{"rendered":"Siber G\u00fcvenlik Hizmetleri"},"content":{"rendered":"<div data-colibri-id=\"285-c157\" class=\"style-841 style-local-285-c157 position-relative\">\n  <!---->\n  <div data-colibri-component=\"section\" data-colibri-id=\"285-c158\" id=\"custom\" class=\"h-section h-section-global-spacing d-flex align-items-lg-center align-items-md-center align-items-center style-842 style-local-285-c158 position-relative\">\n    <!---->\n    <!---->\n    <div class=\"h-section-grid-container h-section-boxed-container\">\n      <!---->\n      <div data-colibri-id=\"285-c164\" class=\"h-row-container gutters-row-lg-2 gutters-row-md-2 gutters-row-0 gutters-row-v-lg-2 gutters-row-v-md-2 gutters-row-v-2 style-1073 style-local-285-c164 position-relative\">\n        <!---->\n        <div class=\"h-row justify-content-lg-center justify-content-md-center justify-content-center align-items-lg-stretch align-items-md-stretch align-items-stretch gutters-col-lg-2 gutters-col-md-2 gutters-col-0 gutters-col-v-lg-2 gutters-col-v-md-2 gutters-col-v-2\">\n          <!---->\n          <div class=\"h-column h-column-container d-flex h-col-lg-auto h-col-md-auto h-col-auto style-1074-outer style-local-285-c165-outer\">\n            <div data-colibri-id=\"285-c165\" class=\"d-flex h-flex-basis h-column__inner h-px-lg-2 h-px-md-2 h-px-2 v-inner-lg-2 v-inner-md-2 v-inner-2 style-1074 style-local-285-c165 position-relative\">\n              <!---->\n              <!---->\n              <div class=\"w-100 h-y-container h-column__content h-column__v-align flex-basis-100 align-self-lg-start align-self-md-start align-self-start\">\n                <!---->\n                <div data-colibri-id=\"285-c166\" class=\"h-global-transition-all h-heading style-1075 style-local-285-c166 position-relative h-element\">\n                  <!---->\n                  <div class=\"h-heading__outer style-1075 style-local-285-c166\">\n                    <!---->\n                    <!---->\n                    <h2 class=\"\">Siber G\u00fcvenlik Hizmetleri<\/h2>\n                  <\/div>\n                <\/div>\n              <\/div>\n            <\/div>\n          <\/div>\n        <\/div>\n      <\/div>\n      <div data-colibri-id=\"285-c167\" class=\"h-row-container gutters-row-lg-2 gutters-row-md-2 gutters-row-0 gutters-row-v-lg-2 gutters-row-v-md-2 gutters-row-v-2 style-1076 style-local-285-c167 position-relative\">\n        <!---->\n        <div class=\"h-row justify-content-lg-center justify-content-md-center justify-content-center align-items-lg-stretch align-items-md-stretch align-items-stretch gutters-col-lg-2 gutters-col-md-2 gutters-col-0 gutters-col-v-lg-2 gutters-col-v-md-2 gutters-col-v-2\">\n          <!---->\n          <div class=\"h-column h-column-container d-flex h-col-lg-auto h-col-md-auto h-col-auto style-1077-outer style-local-285-c168-outer\">\n            <div data-colibri-id=\"285-c168\" class=\"d-flex h-flex-basis h-column__inner h-px-lg-2 h-px-md-2 h-px-2 v-inner-lg-2 v-inner-md-2 v-inner-2 style-1077 style-local-285-c168 position-relative\">\n              <!---->\n              <!---->\n              <div class=\"w-100 h-y-container h-column__content h-column__v-align flex-basis-100 align-self-lg-start align-self-md-start align-self-start\">\n                <!---->\n                <div data-colibri-id=\"285-c169\" class=\"h-text h-text-component style-1078 style-local-285-c169 position-relative h-element\">\n                  <!---->\n                  <!---->\n                  <div class=\"\">\n                    <p><strong>Siber tehditler h\u0131zla geli\u015fiyor \u2014 peki siz haz\u0131r m\u0131s\u0131n\u0131z?<\/strong>\n                      <br> SistemX olarak, kurumlar\u0131n dijital varl\u0131klar\u0131n\u0131 koruma alt\u0131na almas\u0131 i\u00e7in kapsaml\u0131 ve uygulamaya d\u00f6n\u00fck siber g\u00fcvenlik hizmetleri sunuyoruz. S\u0131zma testlerinden oltalama sim\u00fclasyonlar\u0131na, teknik dan\u0131\u015fmanl\u0131ktan kullan\u0131c\u0131 fark\u0131ndal\u0131k\n                      e\u011fitimlerine kadar \u00e7ok katmanl\u0131 bir g\u00fcvenlik yakla\u015f\u0131m\u0131yla yan\u0131n\u0131zday\u0131z.<\/p>\n                  <\/div>\n                <\/div>\n                <div data-colibri-id=\"285-c170\" class=\"h-global-transition-all h-heading style-1079 style-local-285-c170 position-relative h-element\">\n                  <!---->\n                  <div class=\"h-heading__outer style-1079 style-local-285-c170\">\n                    <!---->\n                    <!---->\n                    <h2 class=\"\">\ud83d\udee1\ufe0f Ana Hizmet Alanlar\u0131m\u0131z<\/h2>\n                  <\/div>\n                <\/div>\n                <div data-colibri-id=\"285-c198\" class=\"h-global-transition-all h-heading style-1107 style-local-285-c198 position-relative h-element\">\n                  <!---->\n                  <div class=\"h-heading__outer style-1107 style-local-285-c198\">\n                    <!---->\n                    <!---->\n                    <h3 class=\"\">\ud83d\udd0d S\u0131zma Testleri (Pentest)<\/h3>\n                  <\/div>\n                <\/div>\n                <div data-colibri-id=\"285-c171\" class=\"h-text h-text-component style-1080 style-local-285-c171 position-relative h-element\">\n                  <!---->\n                  <!---->\n                  <div class=\"\">\n                    <p>Kurumsal sistemlerinizi, ger\u00e7ek sald\u0131r\u0131 senaryolar\u0131 \u00fczerinden test ederek g\u00fcvenlik a\u00e7\u0131klar\u0131n\u0131z\u0131 tespit ediyoruz.<\/p>\n                    <p><strong>Test kapsamlar\u0131m\u0131z:<\/strong><\/p>\n                    <ul>\n                      <li><strong>Black Box Testler:<\/strong> S\u0131f\u0131r bilgiyle d\u0131\u015far\u0131dan yap\u0131lan sald\u0131r\u0131 sim\u00fclasyonlar\u0131<\/li>\n                      <li><strong>White Box Testler:<\/strong> Sistem i\u00e7 yap\u0131s\u0131na eri\u015filerek yap\u0131lan kapsaml\u0131 testler<\/li>\n                      <li><strong>Uygulama ve A\u011f Pentestleri:<\/strong> Web uygulamalar\u0131, i\u00e7\/d\u0131\u015f a\u011flar ve u\u00e7 cihazlar dahil<\/li>\n                    <\/ul>\n                    <p>Testler sonunda ayr\u0131nt\u0131l\u0131 raporlama ve aksiyon planlar\u0131 sunulmaktad\u0131r.<\/p>\n                  <\/div>\n                <\/div>\n                <div data-colibri-id=\"285-c172\" class=\"h-global-transition-all h-heading style-1081 style-local-285-c172 position-relative h-element\">\n                  <!---->\n                  <div class=\"h-heading__outer style-1081 style-local-285-c172\">\n                    <!---->\n                    <!---->\n                    <h3 class=\"\">\ud83c\udfa3 Oltalama (Phishing) Testleri<\/h3>\n                  <\/div>\n                <\/div>\n              <\/div>\n            <\/div>\n          <\/div>\n        <\/div>\n      <\/div>\n      <div data-colibri-id=\"285-c173\" class=\"h-row-container gutters-row-lg-2 gutters-row-md-2 gutters-row-0 gutters-row-v-lg-2 gutters-row-v-md-2 gutters-row-v-2 style-1082 style-local-285-c173 position-relative\">\n        <!---->\n        <div class=\"h-row justify-content-lg-center justify-content-md-center justify-content-center align-items-lg-stretch align-items-md-stretch align-items-stretch gutters-col-lg-2 gutters-col-md-2 gutters-col-0 gutters-col-v-lg-2 gutters-col-v-md-2 gutters-col-v-2\">\n          <!---->\n          <div class=\"h-column h-column-container d-flex h-col-lg-auto h-col-md-auto h-col-auto style-1083-outer style-local-285-c174-outer\">\n            <div data-colibri-id=\"285-c174\" class=\"d-flex h-flex-basis h-column__inner h-px-lg-2 h-px-md-2 h-px-2 v-inner-lg-2 v-inner-md-2 v-inner-2 style-1083 style-local-285-c174 position-relative\">\n              <!---->\n              <!---->\n              <div class=\"w-100 h-y-container h-column__content h-column__v-align flex-basis-100 align-self-lg-start align-self-md-start align-self-start\">\n                <!---->\n                <div data-colibri-id=\"285-c175\" class=\"h-text h-text-component style-1084 style-local-285-c175 position-relative h-element\">\n                  <!---->\n                  <!---->\n                  <div class=\"\">\n                    <p>Sosyal m\u00fchendisli\u011fe kar\u015f\u0131 savunma, teknolojik altyap\u0131 kadar insan fakt\u00f6r\u00fcne de ba\u011fl\u0131d\u0131r. Ger\u00e7ek\u00e7i oltalama senaryolar\u0131yla \u00e7al\u0131\u015fanlar\u0131n\u0131z\u0131n fark\u0131ndal\u0131k seviyesini \u00f6l\u00e7\u00fcyor ve iyile\u015ftirme \u00f6nerileri sunuyoruz.<\/p>\n                    <ul>\n                      <li>Kurum i\u00e7i \u00f6zel e-posta senaryolar\u0131<\/li>\n                      <li>T\u0131klama, bilgi payla\u015f\u0131m\u0131 gibi davran\u0131\u015flar\u0131n \u00f6l\u00e7\u00fcmlenmesi<\/li>\n                      <li>Ki\u015fi\/ekip bazl\u0131 e\u011fitim \u00f6nerileriyle g\u00fcvenlik k\u00fclt\u00fcr\u00fcn\u00fcn geli\u015fimi<\/li>\n                    <\/ul>\n                  <\/div>\n                <\/div>\n              <\/div>\n            <\/div>\n          <\/div>\n        <\/div>\n      <\/div>\n      <div data-colibri-id=\"285-c162\" class=\"h-row-container gutters-row-lg-2 gutters-row-md-2 gutters-row-0 gutters-row-v-lg-2 gutters-row-v-md-2 gutters-row-v-2 style-843 style-local-285-c162 position-relative\">\n        <!---->\n        <div class=\"h-row justify-content-lg-center justify-content-md-center justify-content-center align-items-lg-stretch align-items-md-stretch align-items-stretch gutters-col-lg-2 gutters-col-md-2 gutters-col-0 gutters-col-v-lg-2 gutters-col-v-md-2 gutters-col-v-2\">\n          <!---->\n          <div class=\"h-column h-column-container d-flex h-col-lg-auto h-col-md-auto h-col-auto style-844-outer style-local-285-c163-outer\">\n            <div data-colibri-id=\"285-c163\" class=\"d-flex h-flex-basis h-column__inner h-px-lg-2 h-px-md-2 h-px-2 v-inner-lg-2 v-inner-md-2 v-inner-2 style-844 style-local-285-c163 position-relative\">\n              <!---->\n              <!---->\n              <div class=\"w-100 h-y-container h-column__content h-column__v-align flex-basis-100 align-self-lg-start align-self-md-start align-self-start\">\n                <!---->\n                <div data-colibri-id=\"285-c176\" class=\"h-global-transition-all h-heading style-1085 style-local-285-c176 position-relative h-element\">\n                  <!---->\n                  <div class=\"h-heading__outer style-1085 style-local-285-c176\">\n                    <!---->\n                    <!---->\n                    <h3 class=\"\">\ud83d\udd10 Sald\u0131r\u0131 \u00d6nleme ve G\u00fcvenlik Dan\u0131\u015fmanl\u0131\u011f\u0131<\/h3>\n                  <\/div>\n                <\/div>\n              <\/div>\n            <\/div>\n          <\/div>\n        <\/div>\n      <\/div>\n      <div data-colibri-id=\"285-c177\" class=\"h-row-container gutters-row-lg-2 gutters-row-md-2 gutters-row-0 gutters-row-v-lg-2 gutters-row-v-md-2 gutters-row-v-2 style-1086 style-local-285-c177 position-relative\">\n        <!---->\n        <div class=\"h-row justify-content-lg-center justify-content-md-center justify-content-center align-items-lg-stretch align-items-md-stretch align-items-stretch gutters-col-lg-2 gutters-col-md-2 gutters-col-0 gutters-col-v-lg-2 gutters-col-v-md-2 gutters-col-v-2\">\n          <!---->\n          <div class=\"h-column h-column-container d-flex h-col-lg-auto h-col-md-auto h-col-auto style-1087-outer style-local-285-c178-outer\">\n            <div data-colibri-id=\"285-c178\" class=\"d-flex h-flex-basis h-column__inner h-px-lg-2 h-px-md-2 h-px-2 v-inner-lg-2 v-inner-md-2 v-inner-2 style-1087 style-local-285-c178 position-relative\">\n              <!---->\n              <!---->\n              <div class=\"w-100 h-y-container h-column__content h-column__v-align flex-basis-100 align-self-lg-start align-self-md-start align-self-start\">\n                <!---->\n                <div data-colibri-id=\"285-c179\" class=\"h-text h-text-component style-1088 style-local-285-c179 position-relative h-element\">\n                  <!---->\n                  <!---->\n                  <div class=\"\">\n                    <p>Siber g\u00fcvenlik stratejinizi sa\u011flam temellere oturtmak i\u00e7in dan\u0131\u015fmanl\u0131k hizmetlerimizle yan\u0131n\u0131zday\u0131z.<\/p>\n                    <ul>\n                      <li>G\u00fcvenlik duvar\u0131, EDR, antivir\u00fcs, WAF gibi g\u00fcvenlik bile\u015fenlerinin yap\u0131land\u0131rma analizi<\/li>\n                      <li>G\u00fcvenlik mimarisi g\u00f6zden ge\u00e7irme ve iyile\u015ftirme \u00f6nerileri<\/li>\n                      <li>KVKK, ISO 27001 gibi mevzuatlara uygunluk i\u00e7in haz\u0131rl\u0131k ve dok\u00fcmantasyon deste\u011fi<\/li>\n                    <\/ul>\n                  <\/div>\n                <\/div>\n                <div data-colibri-id=\"285-c180\" class=\"h-global-transition-all h-heading style-1089 style-local-285-c180 position-relative h-element\">\n                  <!---->\n                  <div class=\"h-heading__outer style-1089 style-local-285-c180\">\n                    <!---->\n                    <!---->\n                    <h3 class=\"\">\ud83e\udde0 Siber Fark\u0131ndal\u0131k E\u011fitimleri<\/h3>\n                  <\/div>\n                <\/div>\n                <div data-colibri-id=\"285-c181\" class=\"h-text h-text-component style-1090 style-local-285-c181 position-relative h-element\">\n                  <!---->\n                  <!---->\n                  <div class=\"\">\n                    <p>En g\u00fc\u00e7l\u00fc sistem bile, bilin\u00e7siz kullan\u0131c\u0131larla zay\u0131f kal\u0131r. SistemX fark\u0131ndal\u0131k e\u011fitimleri ile \u00e7al\u0131\u015fanlar\u0131n\u0131z\u0131 tehditlere kar\u015f\u0131 g\u00fc\u00e7lendiriyoruz.<\/p>\n                    <ul>\n                      <li>\u0130nteraktif, vaka analizli, senaryolu e\u011fitimler<\/li>\n                      <li>Oltalama ve parola g\u00fcvenli\u011fi pratikleri<\/li>\n                      <li>Saha \u00e7al\u0131\u015fan\u0131, y\u00f6netici veya teknik ekip bazl\u0131 \u00f6zelle\u015ftirilebilir i\u00e7erikler<\/li>\n                    <\/ul>\n                  <\/div>\n                <\/div>\n              <\/div>\n            <\/div>\n          <\/div>\n        <\/div>\n      <\/div>\n      <div data-colibri-id=\"285-c182\" class=\"h-row-container gutters-row-lg-2 gutters-row-md-2 gutters-row-0 gutters-row-v-lg-2 gutters-row-v-md-2 gutters-row-v-2 style-1091 style-local-285-c182 position-relative\">\n        <!---->\n        <div class=\"h-row justify-content-lg-center justify-content-md-center justify-content-center align-items-lg-stretch align-items-md-stretch align-items-stretch gutters-col-lg-2 gutters-col-md-2 gutters-col-0 gutters-col-v-lg-2 gutters-col-v-md-2 gutters-col-v-2\">\n          <!---->\n          <div class=\"h-column h-column-container d-flex h-col-lg-auto h-col-md-auto h-col-auto style-1092-outer style-local-285-c183-outer\">\n            <div data-colibri-id=\"285-c183\" class=\"d-flex h-flex-basis h-column__inner h-px-lg-2 h-px-md-2 h-px-2 v-inner-lg-2 v-inner-md-2 v-inner-2 style-1092 style-local-285-c183 position-relative\">\n              <!---->\n              <!---->\n              <div class=\"w-100 h-y-container h-column__content h-column__v-align flex-basis-100 align-self-lg-start align-self-md-start align-self-start\">\n                <!---->\n                <div data-colibri-id=\"285-c184\" class=\"h-global-transition-all h-heading style-1093 style-local-285-c184 position-relative h-element\">\n                  <!---->\n                  <div class=\"h-heading__outer style-1093 style-local-285-c184\">\n                    <!---->\n                    <!---->\n                    <h3 class=\"\">\ud83d\udd01 G\u00fcvenlik G\u00f6zden Ge\u00e7irme ve Periyodik Kontrol Hizmetleri<\/h3>\n                  <\/div>\n                <\/div>\n                <div data-colibri-id=\"285-c185\" class=\"h-text h-text-component style-1094 style-local-285-c185 position-relative h-element\">\n                  <!---->\n                  <!---->\n                  <div class=\"\">\n                    <p>Her sistem, zamanla yeni tehditlere a\u00e7\u0131k hale gelebilir. Bu nedenle:<\/p>\n                    <ul>\n                      <li>Periyodik zafiyet taramalar\u0131<\/li>\n                      <li>Yap\u0131land\u0131rma denetimleri<\/li>\n                      <li>Raporlama ve takip planlar\u0131<\/li>\n                    <\/ul>\n                    <p>ile sisteminizi sadece bir kere de\u011fil, <strong>s\u00fcrekli geli\u015fen tehditlere kar\u015f\u0131 d\u00fczenli<\/strong> olarak test ediyoruz.<\/p>\n                    <p>\u26a0\ufe0f Not: \u015eu anda aktif bir SOC (Security Operations Center) hizmetimiz bulunmamaktad\u0131r. Ancak kritik g\u00fcvenlik izleme ihtiya\u00e7lar\u0131 i\u00e7in dan\u0131\u015fmanl\u0131k ve yap\u0131land\u0131rma deste\u011fi sunulmaktad\u0131r.<\/p>\n                  <\/div>\n                <\/div>\n              <\/div>\n            <\/div>\n          <\/div>\n        <\/div>\n      <\/div>\n      <div data-colibri-id=\"285-c189\" class=\"h-row-container gutters-row-lg-2 gutters-row-md-2 gutters-row-0 gutters-row-v-lg-2 gutters-row-v-md-2 gutters-row-v-2 style-1098 style-local-285-c189 position-relative\">\n        <!---->\n        <div class=\"h-row justify-content-lg-center justify-content-md-center justify-content-center align-items-lg-stretch align-items-md-stretch align-items-stretch gutters-col-lg-2 gutters-col-md-2 gutters-col-0 gutters-col-v-lg-2 gutters-col-v-md-2 gutters-col-v-2\">\n          <!---->\n          <div class=\"h-column h-column-container d-flex h-col-lg-auto h-col-md-auto h-col-auto style-1099-outer style-local-285-c190-outer\">\n            <div data-colibri-id=\"285-c190\" class=\"d-flex h-flex-basis h-column__inner h-px-lg-2 h-px-md-2 h-px-2 v-inner-lg-2 v-inner-md-2 v-inner-2 style-1099 style-local-285-c190 position-relative\">\n              <!---->\n              <!---->\n              <div class=\"w-100 h-y-container h-column__content h-column__v-align flex-basis-100 align-self-lg-start align-self-md-start align-self-start\">\n                <!---->\n                <div data-colibri-id=\"285-c191\" class=\"h-global-transition-all h-heading style-1100 style-local-285-c191 position-relative h-element\">\n                  <!---->\n                  <div class=\"h-heading__outer style-1100 style-local-285-c191\">\n                    <!---->\n                    <!---->\n                    <h2 class=\"\">Neden SistemX?<\/h2>\n                  <\/div>\n                <\/div>\n              <\/div>\n            <\/div>\n          <\/div>\n        <\/div>\n      <\/div>\n      <div data-colibri-id=\"285-c186\" class=\"h-row-container gutters-row-lg-2 gutters-row-md-2 gutters-row-0 gutters-row-v-lg-2 gutters-row-v-md-2 gutters-row-v-2 style-1095 style-local-285-c186 position-relative\">\n        <!---->\n        <div class=\"h-row justify-content-lg-center justify-content-md-center justify-content-center align-items-lg-stretch align-items-md-stretch align-items-stretch gutters-col-lg-2 gutters-col-md-2 gutters-col-0 gutters-col-v-lg-2 gutters-col-v-md-2 gutters-col-v-2\">\n          <!---->\n          <div class=\"h-column h-column-container d-flex h-col-lg-auto h-col-md-auto h-col-auto style-1096-outer style-local-285-c187-outer\">\n            <div data-colibri-id=\"285-c187\" class=\"d-flex h-flex-basis h-column__inner h-px-lg-2 h-px-md-2 h-px-2 v-inner-lg-2 v-inner-md-2 v-inner-2 style-1096 style-local-285-c187 position-relative\">\n              <!---->\n              <!---->\n              <div class=\"w-100 h-y-container h-column__content h-column__v-align flex-basis-100 align-self-lg-start align-self-md-start align-self-start\">\n                <!---->\n                <div data-colibri-id=\"285-c188\" class=\"h-text h-text-component style-1097 style-local-285-c188 position-relative h-element\">\n                  <!---->\n                  <!---->\n                  <div class=\"\">\n                    <p>\u2705 Ger\u00e7ek senaryolarla test edilen, \u00f6l\u00e7\u00fcmlenebilir \u00e7\u00f6z\u00fcmler<\/p>\n                    <p>\ud83e\uddd1\u200d\ud83d\udcbb CEH, OSCP gibi sertifikal\u0131 uzman ekibimiz<\/p>\n                    <p>\ud83d\udcca A\u00e7\u0131k, net ve aksiyon al\u0131nabilir raporlama yakla\u015f\u0131m\u0131<\/p>\n                    <p>\ud83d\udee0\ufe0f \u00dcretici ba\u011f\u0131ms\u0131z teknik dan\u0131\u015fmanl\u0131k yetkinli\u011fi<\/p>\n                    <p>\ud83c\udfaf Kuruma \u00f6zel, esnek ve \u00f6l\u00e7eklenebilir g\u00fcvenlik modeli<\/p>\n                  <\/div>\n                <\/div>\n              <\/div>\n            <\/div>\n          <\/div>\n        <\/div>\n      <\/div>\n      <div data-colibri-id=\"285-c195\" class=\"h-row-container gutters-row-lg-2 gutters-row-md-2 gutters-row-0 gutters-row-v-lg-2 gutters-row-v-md-2 gutters-row-v-2 style-1104 style-local-285-c195 position-relative\">\n        <!---->\n        <div class=\"h-row justify-content-lg-center justify-content-md-center justify-content-center align-items-lg-stretch align-items-md-stretch align-items-stretch gutters-col-lg-2 gutters-col-md-2 gutters-col-0 gutters-col-v-lg-2 gutters-col-v-md-2 gutters-col-v-2\">\n          <!---->\n          <div class=\"h-column h-column-container d-flex h-col-lg-auto h-col-md-auto h-col-auto style-1105-outer style-local-285-c196-outer\">\n            <div data-colibri-id=\"285-c196\" class=\"d-flex h-flex-basis h-column__inner h-px-lg-2 h-px-md-2 h-px-2 v-inner-lg-2 v-inner-md-2 v-inner-2 style-1105 style-local-285-c196 position-relative\">\n              <!---->\n              <!---->\n              <div class=\"w-100 h-y-container h-column__content h-column__v-align flex-basis-100 align-self-lg-start align-self-md-start align-self-start\">\n                <!---->\n                <div data-colibri-id=\"285-c197\" class=\"h-text h-text-component style-1106 style-local-285-c197 position-relative h-element\">\n                  <!---->\n                  <!---->\n                  <div class=\"\">\n                    <p><strong>Verilerinize y\u00f6nelen tehditleri ciddiye al\u0131n.<br> SistemX ile dijital g\u00fcvenli\u011finizi sa\u011flam temellere oturtun.<\/strong><\/p>\n                    <p>\ud83d\udcde Bizimle ileti\u015fime ge\u00e7in, g\u00fcvenli\u011finizi birlikte in\u015fa edelim. satis@sistemx.com.tr<\/p>\n                  <\/div>\n                <\/div>\n              <\/div>\n            <\/div>\n          <\/div>\n        <\/div>\n      <\/div>\n    <\/div>\n  <\/div>\n<\/div>","protected":false},"excerpt":{"rendered":"<p>Siber G\u00fcvenlik Hizmetleri Siber tehditler h\u0131zla geli\u015fiyor \u2014 peki siz haz\u0131r m\u0131s\u0131n\u0131z? SistemX olarak, kurumlar\u0131n dijital varl\u0131klar\u0131n\u0131 koruma alt\u0131na almas\u0131 i\u00e7in kapsaml\u0131 ve uygulamaya d\u00f6n\u00fck siber g\u00fcvenlik hizmetleri sunuyoruz. S\u0131zma testlerinden oltalama sim\u00fclasyonlar\u0131na, teknik dan\u0131\u015fmanl\u0131ktan kullan\u0131c\u0131 fark\u0131ndal\u0131k e\u011fitimlerine kadar \u00e7ok katmanl\u0131 bir g\u00fcvenlik yakla\u015f\u0131m\u0131yla yan\u0131n\u0131zday\u0131z. \ud83d\udee1\ufe0f Ana Hizmet Alanlar\u0131m\u0131z \ud83d\udd0d S\u0131zma Testleri (Pentest) Kurumsal sistemlerinizi, [&hellip;]<\/p>\n","protected":false},"author":1,"featured_media":0,"parent":0,"menu_order":0,"comment_status":"closed","ping_status":"closed","template":"page-templates\/full-width-page.php","meta":{"saved_in_kubio":false,"footnotes":""},"class_list":["post-285","page","type-page","status-publish","hentry"],"kubio_ai_page_context":{"short_desc":"","purpose":"general"},"_links":{"self":[{"href":"https:\/\/sistemx.com.tr\/index.php?rest_route=\/wp\/v2\/pages\/285","targetHints":{"allow":["GET"]}}],"collection":[{"href":"https:\/\/sistemx.com.tr\/index.php?rest_route=\/wp\/v2\/pages"}],"about":[{"href":"https:\/\/sistemx.com.tr\/index.php?rest_route=\/wp\/v2\/types\/page"}],"author":[{"embeddable":true,"href":"https:\/\/sistemx.com.tr\/index.php?rest_route=\/wp\/v2\/users\/1"}],"replies":[{"embeddable":true,"href":"https:\/\/sistemx.com.tr\/index.php?rest_route=%2Fwp%2Fv2%2Fcomments&post=285"}],"version-history":[{"count":19,"href":"https:\/\/sistemx.com.tr\/index.php?rest_route=\/wp\/v2\/pages\/285\/revisions"}],"predecessor-version":[{"id":2552,"href":"https:\/\/sistemx.com.tr\/index.php?rest_route=\/wp\/v2\/pages\/285\/revisions\/2552"}],"wp:attachment":[{"href":"https:\/\/sistemx.com.tr\/index.php?rest_route=%2Fwp%2Fv2%2Fmedia&parent=285"}],"curies":[{"name":"wp","href":"https:\/\/api.w.org\/{rel}","templated":true}]}}