{"id":283,"date":"2025-06-03T04:45:19","date_gmt":"2025-06-03T04:45:19","guid":{"rendered":"https:\/\/sistemx.com.tr\/?page_id=283"},"modified":"2025-07-03T07:44:13","modified_gmt":"2025-07-03T07:44:13","slug":"guvenlik-cozumleri","status":"publish","type":"page","link":"https:\/\/sistemx.com.tr\/?page_id=283","title":{"rendered":"G\u00fcvenlik \u00c7\u00f6z\u00fcmleri"},"content":{"rendered":"<div data-colibri-id=\"283-c437\" class=\"style-874 style-local-283-c437 position-relative\">\n  <!---->\n  <div data-colibri-component=\"section\" data-colibri-id=\"283-c438\" id=\"custom\" class=\"h-section h-section-global-spacing d-flex align-items-lg-center align-items-md-center align-items-center style-875 style-local-283-c438 position-relative\">\n    <!---->\n    <!---->\n    <div class=\"h-section-grid-container h-section-boxed-container\">\n      <!---->\n      <div data-colibri-id=\"283-c442\" class=\"h-row-container gutters-row-lg-2 gutters-row-md-2 gutters-row-0 gutters-row-v-lg-2 gutters-row-v-md-2 gutters-row-v-2 style-1264 style-local-283-c442 position-relative\">\n        <!---->\n        <div class=\"h-row justify-content-lg-center justify-content-md-center justify-content-center align-items-lg-stretch align-items-md-stretch align-items-stretch gutters-col-lg-2 gutters-col-md-2 gutters-col-0 gutters-col-v-lg-2 gutters-col-v-md-2 gutters-col-v-2\">\n          <!---->\n          <div class=\"h-column h-column-container d-flex h-col-lg-auto h-col-md-auto h-col-auto style-1265-outer style-local-283-c443-outer\">\n            <div data-colibri-id=\"283-c443\" class=\"d-flex h-flex-basis h-column__inner h-px-lg-2 h-px-md-2 h-px-2 v-inner-lg-2 v-inner-md-2 v-inner-2 style-1265 style-local-283-c443 position-relative\">\n              <!---->\n              <!---->\n              <div class=\"w-100 h-y-container h-column__content h-column__v-align flex-basis-100 align-self-lg-start align-self-md-start align-self-start\">\n                <!---->\n                <div data-colibri-id=\"283-c444\" class=\"h-global-transition-all h-heading style-1266 style-local-283-c444 position-relative h-element\">\n                  <!---->\n                  <div class=\"h-heading__outer style-1266 style-local-283-c444\">\n                    <!---->\n                    <!---->\n                    <h2 class=\"\"> G\u00fcvenlik \u00c7\u00f6z\u00fcmlerimiz<\/h2>\n                  <\/div>\n                <\/div>\n              <\/div>\n            <\/div>\n          <\/div>\n        <\/div>\n      <\/div>\n      <div data-colibri-id=\"283-c445\" class=\"h-row-container gutters-row-lg-2 gutters-row-md-2 gutters-row-0 gutters-row-v-lg-2 gutters-row-v-md-2 gutters-row-v-2 style-1267 style-local-283-c445 position-relative\">\n        <!---->\n        <div class=\"h-row justify-content-lg-center justify-content-md-center justify-content-center align-items-lg-stretch align-items-md-stretch align-items-stretch gutters-col-lg-2 gutters-col-md-2 gutters-col-0 gutters-col-v-lg-2 gutters-col-v-md-2 gutters-col-v-2\">\n          <!---->\n          <div class=\"h-column h-column-container d-flex h-col-lg-auto h-col-md-auto h-col-auto style-1268-outer style-local-283-c446-outer\">\n            <div data-colibri-id=\"283-c446\" class=\"d-flex h-flex-basis h-column__inner h-px-lg-2 h-px-md-2 h-px-2 v-inner-lg-2 v-inner-md-2 v-inner-2 style-1268 style-local-283-c446 position-relative\">\n              <!---->\n              <!---->\n              <div class=\"w-100 h-y-container h-column__content h-column__v-align flex-basis-100 align-self-lg-start align-self-md-start align-self-start\">\n                <!---->\n                <div data-colibri-id=\"283-c447\" class=\"h-text h-text-component style-1269 style-local-283-c447 position-relative h-element\">\n                  <!---->\n                  <!---->\n                  <div class=\"\">\n                    <p><strong>urumunuzun Dijital G\u00fcvenli\u011fini Sa\u011flayan End\u00fcstri Lideri \u00dcr\u00fcnler<\/strong><\/p>\n                    <p>SistemX olarak, kurumunuzun bilgi teknolojileri altyap\u0131s\u0131n\u0131 d\u0131\u015f tehditlere kar\u015f\u0131 korumak i\u00e7in en geli\u015fmi\u015f ve g\u00fcvenilir g\u00fcvenlik \u00fcr\u00fcnlerini sunuyoruz. Firewall, antivir\u00fcs, web uygulama g\u00fcvenlik duvar\u0131 (WAF) ve y\u00fck dengeleme (load balancer)\n                      \u00e7\u00f6z\u00fcmlerimizle, altyap\u0131n\u0131z\u0131 kesintisiz ve g\u00fcvenli tutman\u0131za destek oluyoruz.<\/p>\n                  <\/div>\n                <\/div>\n                <div data-colibri-id=\"283-c448\" class=\"h-global-transition-all h-heading style-1270 style-local-283-c448 position-relative h-element\">\n                  <!---->\n                  <div class=\"h-heading__outer style-1270 style-local-283-c448\">\n                    <!---->\n                    <!---->\n                    <h2 class=\"\">\u00dcr\u00fcn ve Hizmet Portf\u00f6y\u00fcm\u00fcz<\/h2>\n                  <\/div>\n                <\/div>\n                <div data-colibri-id=\"283-c449\" class=\"h-text h-text-component style-1271 style-local-283-c449 position-relative h-element\">\n                  <!---->\n                  <!---->\n                  <div class=\"\">\n                    <p><strong>Firewall \u00c7\u00f6z\u00fcmleri<\/strong>\n                      <br> Huawei, FortiGate ve di\u011fer lider markalar\u0131n firewall \u00fcr\u00fcnleri ile kurumsal a\u011f\u0131n\u0131z\u0131 tehditlere kar\u015f\u0131 koruyun. Geli\u015fmi\u015f sald\u0131r\u0131 tespit ve \u00f6nleme (IPS\/IDS), VPN, uygulama kontrol\u00fc ve kullan\u0131c\u0131 bazl\u0131 g\u00fcvenlik politikalar\u0131yla a\u011f trafi\u011finizi\n                      g\u00fcvenle y\u00f6netin.<\/p>\n                    <p><strong>Antivir\u00fcs ve U\u00e7 Nokta Koruma<\/strong>\n                      <br> Kaspersky, Symantec, Trend Micro gibi d\u00fcnya \u00e7ap\u0131nda tan\u0131nan antivir\u00fcs \u00e7\u00f6z\u00fcmleri ile cihazlar\u0131n\u0131z\u0131 vir\u00fcslere, k\u00f6t\u00fc ama\u00e7l\u0131 yaz\u0131l\u0131mlara ve fidye yaz\u0131l\u0131mlar\u0131na kar\u015f\u0131 koruyoruz.<\/p>\n                    <p><strong>Web Application Firewall (WAF)<\/strong>\n                      <br> Web uygulamalar\u0131n\u0131z\u0131 SQL injection, XSS, DDoS gibi yayg\u0131n ve geli\u015fmi\u015f sald\u0131r\u0131lara kar\u015f\u0131 koruyan WAF \u00e7\u00f6z\u00fcmleri sunuyoruz. Online hizmetlerinizin s\u00fcreklili\u011fini ve g\u00fcvenli\u011fini garanti alt\u0131na al\u0131n.<\/p>\n                    <p><strong>Load Balancer (Y\u00fck Dengeleyici) \u00c7\u00f6z\u00fcmleri<\/strong>\n                      <br> F5, Kemp ve di\u011fer marka load balancer \u00fcr\u00fcnleri ile uygulama performans\u0131n\u0131z\u0131 optimize edin, trafik y\u00fck\u00fcn\u00fc verimli da\u011f\u0131tarak kesintisiz eri\u015fim sa\u011flay\u0131n.<\/p>\n                  <\/div>\n                <\/div>\n                <div data-colibri-id=\"283-c450\" class=\"h-global-transition-all h-heading style-1272 style-local-283-c450 position-relative h-element\">\n                  <!---->\n                  <div class=\"h-heading__outer style-1272 style-local-283-c450\">\n                    <!---->\n                    <!---->\n                    <h2 class=\"\">SistemX Fark\u0131<\/h2>\n                  <\/div>\n                <\/div>\n              <\/div>\n            <\/div>\n          <\/div>\n        <\/div>\n      <\/div>\n      <div data-colibri-id=\"283-c451\" class=\"h-row-container gutters-row-lg-2 gutters-row-md-2 gutters-row-0 gutters-row-v-lg-2 gutters-row-v-md-2 gutters-row-v-2 style-1273 style-local-283-c451 position-relative\">\n        <!---->\n        <div class=\"h-row justify-content-lg-center justify-content-md-center justify-content-center align-items-lg-stretch align-items-md-stretch align-items-stretch gutters-col-lg-2 gutters-col-md-2 gutters-col-0 gutters-col-v-lg-2 gutters-col-v-md-2 gutters-col-v-2\">\n          <!---->\n          <div class=\"h-column h-column-container d-flex h-col-lg-auto h-col-md-auto h-col-auto style-1274-outer style-local-283-c452-outer\">\n            <div data-colibri-id=\"283-c452\" class=\"d-flex h-flex-basis h-column__inner h-px-lg-2 h-px-md-2 h-px-2 v-inner-lg-2 v-inner-md-2 v-inner-2 style-1274 style-local-283-c452 position-relative\">\n              <!---->\n              <!---->\n              <div class=\"w-100 h-y-container h-column__content h-column__v-align flex-basis-100 align-self-lg-start align-self-md-start align-self-start\">\n                <!---->\n                <div data-colibri-id=\"283-c453\" class=\"h-text h-text-component style-1275 style-local-283-c453 position-relative h-element\">\n                  <!---->\n                  <!---->\n                  <div class=\"\">\n                    <p><strong>Marka ve Teknoloji Ba\u011f\u0131ms\u0131z \u00c7\u00f6z\u00fcmler:<\/strong>\n                      <br> \u0130htiyac\u0131n\u0131za en uygun \u00fcr\u00fcn\u00fc belirleyip, \u00f6zelle\u015ftirilmi\u015f \u00e7\u00f6z\u00fcmler sunuyoruz.<\/p>\n                    <p><strong>Kurulum ve Entegrasyon Hizmetleri:<\/strong>\n                      <br> \u00dcr\u00fcnlerin h\u0131zl\u0131 ve sorunsuz devreye al\u0131nmas\u0131 i\u00e7in profesyonel destek sa\u011fl\u0131yoruz.<\/p>\n                    <p><strong>7\/24 Destek ve Bak\u0131m:<\/strong>\n                      <br> Altyap\u0131n\u0131z\u0131n s\u00fcreklili\u011fi i\u00e7in kesintisiz destek ve periyodik bak\u0131m hizmetleri.<\/p>\n                    <p><strong>G\u00fcvenlik Dan\u0131\u015fmanl\u0131\u011f\u0131:<\/strong>\n                      <br> Risk analizi, g\u00fcvenlik mimarisi tasar\u0131m\u0131 ve g\u00fcncel tehditlere kar\u015f\u0131 stratejik \u00f6neriler sunuyoruz.<\/p>\n                  <\/div>\n                <\/div>\n                <div data-colibri-id=\"283-c454\" class=\"h-text h-text-component style-1276 style-local-283-c454 position-relative h-element\">\n                  <!---->\n                  <!---->\n                  <div class=\"\">\n                    <p>Kurumunuzun g\u00fcvenli\u011fini en \u00fcst d\u00fczeye \u00e7\u0131karmak i\u00e7in SistemX\u2019in kapsaml\u0131 \u00fcr\u00fcn ve hizmetlerinden yararlan\u0131n.\n                      <br> \ud83d\udcde Bize ula\u015f\u0131n, ihtiya\u00e7lar\u0131n\u0131za en uygun g\u00fcvenlik \u00e7\u00f6z\u00fcmlerini birlikte belirleyelim. satis@sistemx.com.tr<\/p>\n                  <\/div>\n                <\/div>\n              <\/div>\n            <\/div>\n          <\/div>\n        <\/div>\n      <\/div>\n      <div data-colibri-id=\"283-c439\" class=\"h-row-container gutters-row-lg-2 gutters-row-md-2 gutters-row-0 gutters-row-v-lg-2 gutters-row-v-md-2 gutters-row-v-2 style-876 style-local-283-c439 position-relative\">\n        <!---->\n        <div class=\"h-row justify-content-lg-center justify-content-md-center justify-content-center align-items-lg-stretch align-items-md-stretch align-items-stretch gutters-col-lg-2 gutters-col-md-2 gutters-col-0 gutters-col-v-lg-2 gutters-col-v-md-2 gutters-col-v-2\">\n          <!---->\n          <div class=\"h-column h-column-container d-flex h-col-lg-auto h-col-md-auto h-col-auto style-877-outer style-local-283-c440-outer\">\n            <div data-colibri-id=\"283-c440\" class=\"d-flex h-flex-basis h-column__inner h-ui-empty-state-container h-px-lg-2 h-px-md-2 h-px-2 v-inner-lg-2 v-inner-md-2 v-inner-2 style-877 style-local-283-c440 position-relative\">\n              <!---->\n              <!---->\n              <div class=\"w-100 h-y-container h-column__content h-column__v-align flex-basis-100\">\n                <!---->\n              <\/div>\n            <\/div>\n          <\/div>\n        <\/div>\n      <\/div>\n    <\/div>\n  <\/div>\n<\/div>","protected":false},"excerpt":{"rendered":"<p>G\u00fcvenlik \u00c7\u00f6z\u00fcmlerimiz urumunuzun Dijital G\u00fcvenli\u011fini Sa\u011flayan End\u00fcstri Lideri \u00dcr\u00fcnler SistemX olarak, kurumunuzun bilgi teknolojileri altyap\u0131s\u0131n\u0131 d\u0131\u015f tehditlere kar\u015f\u0131 korumak i\u00e7in en geli\u015fmi\u015f ve g\u00fcvenilir g\u00fcvenlik \u00fcr\u00fcnlerini sunuyoruz. Firewall, antivir\u00fcs, web uygulama g\u00fcvenlik duvar\u0131 (WAF) ve y\u00fck dengeleme (load balancer) \u00e7\u00f6z\u00fcmlerimizle, altyap\u0131n\u0131z\u0131 kesintisiz ve g\u00fcvenli tutman\u0131za destek oluyoruz. \u00dcr\u00fcn ve Hizmet Portf\u00f6y\u00fcm\u00fcz Firewall \u00c7\u00f6z\u00fcmleri Huawei, FortiGate [&hellip;]<\/p>\n","protected":false},"author":1,"featured_media":0,"parent":0,"menu_order":0,"comment_status":"closed","ping_status":"closed","template":"page-templates\/full-width-page.php","meta":{"saved_in_kubio":false,"footnotes":""},"class_list":["post-283","page","type-page","status-publish","hentry"],"kubio_ai_page_context":{"short_desc":"","purpose":"general"},"_links":{"self":[{"href":"https:\/\/sistemx.com.tr\/index.php?rest_route=\/wp\/v2\/pages\/283","targetHints":{"allow":["GET"]}}],"collection":[{"href":"https:\/\/sistemx.com.tr\/index.php?rest_route=\/wp\/v2\/pages"}],"about":[{"href":"https:\/\/sistemx.com.tr\/index.php?rest_route=\/wp\/v2\/types\/page"}],"author":[{"embeddable":true,"href":"https:\/\/sistemx.com.tr\/index.php?rest_route=\/wp\/v2\/users\/1"}],"replies":[{"embeddable":true,"href":"https:\/\/sistemx.com.tr\/index.php?rest_route=%2Fwp%2Fv2%2Fcomments&post=283"}],"version-history":[{"count":5,"href":"https:\/\/sistemx.com.tr\/index.php?rest_route=\/wp\/v2\/pages\/283\/revisions"}],"predecessor-version":[{"id":2548,"href":"https:\/\/sistemx.com.tr\/index.php?rest_route=\/wp\/v2\/pages\/283\/revisions\/2548"}],"wp:attachment":[{"href":"https:\/\/sistemx.com.tr\/index.php?rest_route=%2Fwp%2Fv2%2Fmedia&parent=283"}],"curies":[{"name":"wp","href":"https:\/\/api.w.org\/{rel}","templated":true}]}}