{"id":282,"date":"2025-06-03T04:45:19","date_gmt":"2025-06-03T04:45:19","guid":{"rendered":"https:\/\/sistemx.com.tr\/?page_id=282"},"modified":"2025-07-03T07:44:13","modified_gmt":"2025-07-03T07:44:13","slug":"is-surekliligi-cozumleri","status":"publish","type":"page","link":"https:\/\/sistemx.com.tr\/?page_id=282","title":{"rendered":"\u0130\u015f S\u00fcreklili\u011fi \u00c7\u00f6z\u00fcmleri"},"content":{"rendered":"<div data-colibri-id=\"282-c349\" class=\"style-855 style-local-282-c349 position-relative\">\n  <!---->\n  <div data-colibri-component=\"section\" data-colibri-id=\"282-c350\" id=\"custom\" class=\"h-section h-section-global-spacing d-flex align-items-lg-center align-items-md-center align-items-center style-856 style-local-282-c350 position-relative\">\n    <!---->\n    <!---->\n    <div class=\"h-section-grid-container h-section-boxed-container\">\n      <!---->\n      <div data-colibri-id=\"282-c351\" class=\"h-row-container gutters-row-lg-2 gutters-row-md-2 gutters-row-0 gutters-row-v-lg-2 gutters-row-v-md-2 gutters-row-v-2 style-857 style-local-282-c351 position-relative\">\n        <!---->\n        <div class=\"h-row justify-content-lg-center justify-content-md-center justify-content-center align-items-lg-stretch align-items-md-stretch align-items-stretch gutters-col-lg-2 gutters-col-md-2 gutters-col-0 gutters-col-v-lg-2 gutters-col-v-md-2 gutters-col-v-2\">\n          <!---->\n          <div class=\"h-column h-column-container d-flex h-col-lg-auto h-col-md-auto h-col-auto style-858-outer style-local-282-c352-outer\">\n            <div data-colibri-id=\"282-c352\" class=\"d-flex h-flex-basis h-column__inner h-px-lg-2 h-px-md-2 h-px-2 v-inner-lg-2 v-inner-md-2 v-inner-2 style-858 style-local-282-c352 position-relative\">\n              <!---->\n              <!---->\n              <div class=\"w-100 h-y-container h-column__content h-column__v-align flex-basis-100 align-self-lg-start align-self-md-start align-self-start\">\n                <!---->\n                <div data-colibri-id=\"282-c354\" class=\"h-global-transition-all h-heading style-1193 style-local-282-c354 position-relative h-element\">\n                  <!---->\n                  <div class=\"h-heading__outer style-1193 style-local-282-c354\">\n                    <!---->\n                    <!---->\n                    <h2 class=\"\">\u0130\u015f S\u00fcreklili\u011fi \u00c7\u00f6z\u00fcmleri<\/h2>\n                  <\/div>\n                <\/div>\n              <\/div>\n            <\/div>\n          <\/div>\n        <\/div>\n      <\/div>\n      <div data-colibri-id=\"282-c355\" class=\"h-row-container gutters-row-lg-2 gutters-row-md-2 gutters-row-0 gutters-row-v-lg-2 gutters-row-v-md-2 gutters-row-v-2 style-1194 style-local-282-c355 position-relative\">\n        <!---->\n        <div class=\"h-row justify-content-lg-center justify-content-md-center justify-content-center align-items-lg-stretch align-items-md-stretch align-items-stretch gutters-col-lg-2 gutters-col-md-2 gutters-col-0 gutters-col-v-lg-2 gutters-col-v-md-2 gutters-col-v-2\">\n          <!---->\n          <div class=\"h-column h-column-container d-flex h-col-lg-auto h-col-md-auto h-col-auto style-1195-outer style-local-282-c356-outer\">\n            <div data-colibri-id=\"282-c356\" class=\"d-flex h-flex-basis h-column__inner h-px-lg-2 h-px-md-2 h-px-2 v-inner-lg-2 v-inner-md-2 v-inner-2 style-1195 style-local-282-c356 position-relative\">\n              <!---->\n              <!---->\n              <div class=\"w-100 h-y-container h-column__content h-column__v-align flex-basis-100 align-self-lg-start align-self-md-start align-self-start\">\n                <!---->\n                <div data-colibri-id=\"282-c357\" class=\"h-text h-text-component style-1196 style-local-282-c357 position-relative h-element\">\n                  <!---->\n                  <!---->\n                  <div class=\"\">\n                    <p><strong>Kesintisiz Hizmet, G\u00fcvenli Gelecek<\/strong><\/p>\n                    <p>BT altyap\u0131n\u0131z ne kadar g\u00fc\u00e7l\u00fc olursa olsun, sistemsel ya da fiziksel bir aksakl\u0131k ya\u015fand\u0131\u011f\u0131nda <strong>i\u015f s\u00fcreklili\u011fi plan\u0131n\u0131z yoksa<\/strong> b\u00fcy\u00fck risk alt\u0131ndas\u0131n\u0131z. SistemX olarak, kurumunuzun kritik operasyonlar\u0131n\u0131 kesintisiz \u015fekilde\n                      s\u00fcrd\u00fcrmesi i\u00e7in kapsaml\u0131 i\u015f s\u00fcreklili\u011fi \u00e7\u00f6z\u00fcmleri sunuyoruz.<\/p>\n                  <\/div>\n                <\/div>\n              <\/div>\n            <\/div>\n          <\/div>\n        <\/div>\n      <\/div>\n      <div data-colibri-id=\"282-c358\" class=\"h-row-container gutters-row-lg-2 gutters-row-md-2 gutters-row-0 gutters-row-v-lg-2 gutters-row-v-md-2 gutters-row-v-2 style-1197 style-local-282-c358 position-relative\">\n        <!---->\n        <div class=\"h-row justify-content-lg-center justify-content-md-center justify-content-center align-items-lg-stretch align-items-md-stretch align-items-stretch gutters-col-lg-2 gutters-col-md-2 gutters-col-0 gutters-col-v-lg-2 gutters-col-v-md-2 gutters-col-v-2\">\n          <!---->\n          <div class=\"h-column h-column-container d-flex h-col-lg-auto h-col-md-auto h-col-auto style-1198-outer style-local-282-c359-outer\">\n            <div data-colibri-id=\"282-c359\" class=\"d-flex h-flex-basis h-column__inner h-px-lg-2 h-px-md-2 h-px-2 v-inner-lg-2 v-inner-md-2 v-inner-2 style-1198 style-local-282-c359 position-relative\">\n              <!---->\n              <!---->\n              <div class=\"w-100 h-y-container h-column__content h-column__v-align flex-basis-100 align-self-lg-start align-self-md-start align-self-start\">\n                <!---->\n                <div data-colibri-id=\"282-c360\" class=\"h-global-transition-all h-heading style-1199 style-local-282-c360 position-relative h-element\">\n                  <!---->\n                  <div class=\"h-heading__outer style-1199 style-local-282-c360\">\n                    <!---->\n                    <!---->\n                    <h2 class=\"\">\ud83d\udccc Neden \u0130\u015f S\u00fcreklili\u011fi?<\/h2>\n                  <\/div>\n                <\/div>\n                <div data-colibri-id=\"282-c361\" class=\"h-text h-text-component style-1200 style-local-282-c361 position-relative h-element\">\n                  <!---->\n                  <!---->\n                  <div class=\"\">\n                    <p>\ud83d\udd0c <strong>Beklenmeyeni Planlay\u0131n:<\/strong> Donan\u0131m ar\u0131zalar\u0131, siber sald\u0131r\u0131lar, do\u011fal afetler veya insan hatalar\u0131 fark etmeksizin i\u015finiz devam etsin.<\/p>\n                    <p>\ud83d\udd52 <strong>Minimum Kesinti S\u00fcresi:<\/strong> RTO (Recovery Time Objective) ve RPO (Recovery Point Objective) hedeflerinizi i\u015fletmenize uygun \u015fekilde belirleyip sa\u011fl\u0131yoruz.<\/p>\n                    <p>\ud83d\udcc1 <strong>Veri Kay\u0131plar\u0131n\u0131 \u00d6nleyin:<\/strong> Replikasyon, yedekleme ve anl\u0131k kopya teknolojileriyle veri g\u00fcvenli\u011finizi \u00fcst seviyeye ta\u015f\u0131y\u0131n.<\/p>\n                    <p>\ud83d\udd04 <strong>Operasyonel Devaml\u0131l\u0131k:<\/strong> Felaket durumunda sistemlerinizi alternatif merkezden otomatik olarak devreye al\u0131n.<\/p>\n                  <\/div>\n                <\/div>\n              <\/div>\n            <\/div>\n          <\/div>\n        <\/div>\n      <\/div>\n      <div data-colibri-id=\"282-c366\" class=\"h-row-container gutters-row-lg-2 gutters-row-md-2 gutters-row-0 gutters-row-v-lg-2 gutters-row-v-md-2 gutters-row-v-2 style-1205 style-local-282-c366 position-relative\">\n        <!---->\n        <div class=\"h-row justify-content-lg-center justify-content-md-center justify-content-center align-items-lg-stretch align-items-md-stretch align-items-stretch gutters-col-lg-2 gutters-col-md-2 gutters-col-0 gutters-col-v-lg-2 gutters-col-v-md-2 gutters-col-v-2\">\n          <!---->\n          <div class=\"h-column h-column-container d-flex h-col-lg-auto h-col-md-auto h-col-auto style-1206-outer style-local-282-c367-outer\">\n            <div data-colibri-id=\"282-c367\" class=\"d-flex h-flex-basis h-column__inner h-px-lg-2 h-px-md-2 h-px-2 v-inner-lg-2 v-inner-md-2 v-inner-2 style-1206 style-local-282-c367 position-relative\">\n              <!---->\n              <!---->\n              <div class=\"w-100 h-y-container h-column__content h-column__v-align flex-basis-100 align-self-lg-start align-self-md-start align-self-start\">\n                <!---->\n                <div data-colibri-id=\"282-c362\" class=\"h-global-transition-all h-heading style-1201 style-local-282-c362 position-relative h-element\">\n                  <!---->\n                  <div class=\"h-heading__outer style-1201 style-local-282-c362\">\n                    <!---->\n                    <!---->\n                    <h2 class=\"\">\ud83e\udde9 SistemX \u0130\u015f S\u00fcreklili\u011fi Hizmetleri<\/h2>\n                  <\/div>\n                <\/div>\n                <div data-colibri-id=\"282-c369\" class=\"h-text h-text-component style-1208 style-local-282-c369 position-relative h-element\">\n                  <!---->\n                  <!---->\n                  <div class=\"\">\n                    <h4>\u2705 <strong>\u0130\u015f Etki Analizi (BIA) ve Risk De\u011ferlendirmesi<\/strong><\/h4>\n                    <p>Kurumunuzdaki t\u00fcm i\u015f s\u00fcre\u00e7lerini analiz ederek hangi sistemlerin kritik oldu\u011funu belirliyor ve potansiyel riskleri ortaya koyuyoruz.<\/p>\n                    <h4>\ud83c\udf0d <strong>Felaket Kurtarma (DR) Planlamas\u0131<\/strong><\/h4>\n                    <p>\u0130\u015f y\u00fcklerinize uygun felaket kurtarma stratejileri geli\u015ftiriyoruz.<\/p>\n                    <ul>\n                      <li>Lokasyonlar aras\u0131 replikasyon (aktarma)<\/li>\n                      <li>Otomatik failover\/failback senaryolar\u0131<\/li>\n                      <li>Co\u011frafi yedeklilik planlar\u0131<\/li>\n                    <\/ul>\n                    <h4>\ud83e\uddec <strong>Veri Replikasyonu ve Yedeklilik<\/strong><\/h4>\n                    <p>Canl\u0131 sistem verilerinizin ba\u015fka bir lokasyona veya veri merkezine anl\u0131k\/senkronize aktar\u0131m\u0131n\u0131 sa\u011flayarak kritik kay\u0131plar\u0131n \u00f6n\u00fcne ge\u00e7iyoruz.<\/p>\n                    <ul>\n                      <li>SAN\/Storage Replikasyon (\u00d6rn: Dell PowerStore, HPE 3PAR)<\/li>\n                      <li>Hypervisor tabanl\u0131 replikasyon (VMware vSphere Replication vb.)<\/li>\n                      <li>Yaz\u0131l\u0131m tabanl\u0131 \u00e7\u00f6z\u00fcmler (Veeam, Zerto, Vembu)<\/li>\n                    <\/ul>\n                    <h4>\ud83e\uddea <strong>Test Senaryolar\u0131 ve Sim\u00fclasyonlar<\/strong><\/h4>\n                    <p>Haz\u0131rlad\u0131\u011f\u0131m\u0131z planlar\u0131n ger\u00e7ekten i\u015fe yarad\u0131\u011f\u0131ndan emin olmak i\u00e7in d\u00fczenli test senaryolar\u0131 ve tatbikatlar ger\u00e7ekle\u015ftiriyoruz.<\/p>\n                    <h4>\ud83d\udee0\ufe0f <strong>Yedekleme \u00c7\u00f6z\u00fcmleri<\/strong><\/h4>\n                    <p>\u0130\u015f s\u00fcreklili\u011finin temel ta\u015f\u0131 olan yedekleme hizmetlerini u\u00e7tan uca tasarl\u0131yor ve y\u00f6netiyoruz.<\/p>\n                    <ul>\n                      <li>Disk, bulut veya hibrit yedekleme mimarileri<\/li>\n                      <li>Otomatik geri y\u00fckleme testleri<\/li>\n                      <li>Kritik sistemlerde anl\u0131k snapshot mimarileri<\/li>\n                    <\/ul>\n                  <\/div>\n                <\/div>\n              <\/div>\n            <\/div>\n          <\/div>\n        <\/div>\n      <\/div>\n      <div data-colibri-id=\"282-c370\" class=\"h-row-container gutters-row-lg-2 gutters-row-md-2 gutters-row-0 gutters-row-v-lg-2 gutters-row-v-md-2 gutters-row-v-2 style-1209 style-local-282-c370 position-relative\">\n        <!---->\n        <div class=\"h-row justify-content-lg-center justify-content-md-center justify-content-center align-items-lg-stretch align-items-md-stretch align-items-stretch gutters-col-lg-2 gutters-col-md-2 gutters-col-0 gutters-col-v-lg-2 gutters-col-v-md-2 gutters-col-v-2\">\n          <!---->\n          <div class=\"h-column h-column-container d-flex h-col-lg-auto h-col-md-auto h-col-auto style-1210-outer style-local-282-c371-outer\">\n            <div data-colibri-id=\"282-c371\" class=\"d-flex h-flex-basis h-column__inner h-px-lg-2 h-px-md-2 h-px-2 v-inner-lg-2 v-inner-md-2 v-inner-2 style-1210 style-local-282-c371 position-relative\">\n              <!---->\n              <!---->\n              <div class=\"w-100 h-y-container h-column__content h-column__v-align flex-basis-100 align-self-lg-start align-self-md-start align-self-start\">\n                <!---->\n                <div data-colibri-id=\"282-c372\" class=\"h-global-transition-all h-heading style-1211 style-local-282-c372 position-relative h-element\">\n                  <!---->\n                  <div class=\"h-heading__outer style-1211 style-local-282-c372\">\n                    <!---->\n                    <!---->\n                    <h2 class=\"\">\u2699\ufe0f Temel Kazan\u0131mlar<\/h2>\n                  <\/div>\n                <\/div>\n                <div data-colibri-id=\"282-c373\" class=\"h-text h-text-component style-1212 style-local-282-c373 position-relative h-element\">\n                  <!---->\n                  <!---->\n                  <div class=\"\">\n                    <p>\ud83d\udd39 <strong>Kesintisiz Operasyon:<\/strong> Felaket an\u0131nda bile sistemleriniz eri\u015filebilir kal\u0131r.\n                      <br> \ud83d\udd39 <strong>Veri G\u00fcvencesi:<\/strong> Kritik verileriniz replikasyon ve yedekleme sayesinde her zaman korunur.\n                      <br> \ud83d\udd39 <strong>Planl\u0131 M\u00fcdahale:<\/strong> Olas\u0131 risk senaryolar\u0131nda ne yap\u0131laca\u011f\u0131 \u00f6nceden bellidir.\n                      <br> \ud83d\udd39 <strong>Yasal Uyum:<\/strong> KVKK, ISO 27001 gibi d\u00fczenlemelere tam uyum sa\u011flan\u0131r.\n                      <br> \ud83d\udd39 <strong>M\u00fc\u015fteri G\u00fcveni:<\/strong> S\u00fcrekli hizmet sunarak m\u00fc\u015fteri memnuniyetini ve marka de\u011ferini art\u0131r\u0131rs\u0131n\u0131z.<\/p>\n                  <\/div>\n                <\/div>\n              <\/div>\n            <\/div>\n          <\/div>\n        <\/div>\n      <\/div>\n      <div data-colibri-id=\"282-c374\" class=\"h-row-container gutters-row-lg-2 gutters-row-md-2 gutters-row-0 gutters-row-v-lg-2 gutters-row-v-md-2 gutters-row-v-2 style-1213 style-local-282-c374 position-relative\">\n        <!---->\n        <div class=\"h-row justify-content-lg-center justify-content-md-center justify-content-center align-items-lg-stretch align-items-md-stretch align-items-stretch gutters-col-lg-2 gutters-col-md-2 gutters-col-0 gutters-col-v-lg-2 gutters-col-v-md-2 gutters-col-v-2\">\n          <!---->\n          <div class=\"h-column h-column-container d-flex h-col-lg-auto h-col-md-auto h-col-auto style-1214-outer style-local-282-c375-outer\">\n            <div data-colibri-id=\"282-c375\" class=\"d-flex h-flex-basis h-column__inner h-px-lg-2 h-px-md-2 h-px-2 v-inner-lg-2 v-inner-md-2 v-inner-2 style-1214 style-local-282-c375 position-relative\">\n              <!---->\n              <!---->\n              <div class=\"w-100 h-y-container h-column__content h-column__v-align flex-basis-100 align-self-lg-start align-self-md-start align-self-start\">\n                <!---->\n                <div data-colibri-id=\"282-c376\" class=\"h-global-transition-all h-heading style-1215 style-local-282-c376 position-relative h-element\">\n                  <!---->\n                  <div class=\"h-heading__outer style-1215 style-local-282-c376\">\n                    <!---->\n                    <!---->\n                    <h2 class=\"\">\ud83d\ude80 \u0130\u015f S\u00fcreklili\u011finde SistemX Fark\u0131<\/h2>\n                  <\/div>\n                <\/div>\n                <div data-colibri-id=\"282-c377\" class=\"h-text h-text-component style-1216 style-local-282-c377 position-relative h-element\">\n                  <!---->\n                  <!---->\n                  <div class=\"\">\n                    <p>\ud83c\udf93 Uzman teknik kadro ve tecr\u00fcbeli proje y\u00f6netimi<\/p>\n                    <p>\ud83e\udded Kuruma \u00f6zel i\u015f s\u00fcreklili\u011fi haritas\u0131 ve yol plan\u0131<\/p>\n                    <p>\ud83e\udde9 BT altyap\u0131s\u0131 ile entegre \u00e7al\u0131\u015fan \u00e7\u00f6z\u00fcmler<\/p>\n                    <p>\ud83d\udcc8 S\u00fcrekli izleme, raporlama ve performans takibi<\/p>\n                    <p>\ud83d\udd04 Otomatik test, replikasyon ve failover senaryolar\u0131<\/p>\n                  <\/div>\n                <\/div>\n                <div data-colibri-id=\"282-c378\" class=\"h-global-transition-all h-heading style-1217 style-local-282-c378 position-relative h-element\">\n                  <!---->\n                  <div class=\"h-heading__outer style-1217 style-local-282-c378\">\n                    <!---->\n                    <!---->\n                    <h2 class=\"\">Haz\u0131r m\u0131s\u0131n\u0131z?<\/h2>\n                  <\/div>\n                <\/div>\n              <\/div>\n            <\/div>\n          <\/div>\n        <\/div>\n      <\/div>\n      <div data-colibri-id=\"282-c379\" class=\"h-row-container gutters-row-lg-2 gutters-row-md-2 gutters-row-0 gutters-row-v-lg-2 gutters-row-v-md-2 gutters-row-v-2 style-1218 style-local-282-c379 position-relative\">\n        <!---->\n        <div class=\"h-row justify-content-lg-center justify-content-md-center justify-content-center align-items-lg-stretch align-items-md-stretch align-items-stretch gutters-col-lg-2 gutters-col-md-2 gutters-col-0 gutters-col-v-lg-2 gutters-col-v-md-2 gutters-col-v-2\">\n          <!---->\n          <div class=\"h-column h-column-container d-flex h-col-lg-auto h-col-md-auto h-col-auto style-1219-outer style-local-282-c380-outer\">\n            <div data-colibri-id=\"282-c380\" class=\"d-flex h-flex-basis h-column__inner h-px-lg-2 h-px-md-2 h-px-2 v-inner-lg-2 v-inner-md-2 v-inner-2 style-1219 style-local-282-c380 position-relative\">\n              <!---->\n              <!---->\n              <div class=\"w-100 h-y-container h-column__content h-column__v-align flex-basis-100 align-self-lg-start align-self-md-start align-self-start\">\n                <!---->\n                <div data-colibri-id=\"282-c381\" class=\"h-text h-text-component style-1220 style-local-282-c381 position-relative h-element\">\n                  <!---->\n                  <!---->\n                  <div class=\"\">\n                    <p>\u0130\u015finizi gelece\u011fe ta\u015f\u0131mak i\u00e7in i\u015f s\u00fcreklili\u011fini bug\u00fcnden planlay\u0131n.\n                      <br> <strong>SistemX ile riskleri y\u00f6netin, s\u00fcreklili\u011fi garanti alt\u0131na al\u0131n.<\/strong><\/p>\n                    <p>\ud83d\udcde Detayl\u0131 analiz ve dan\u0131\u015fmanl\u0131k i\u00e7in bizimle ileti\u015fime ge\u00e7in. satis@sistemx.com.tr<\/p>\n                  <\/div>\n                <\/div>\n              <\/div>\n            <\/div>\n          <\/div>\n        <\/div>\n      <\/div>\n    <\/div>\n  <\/div>\n<\/div>","protected":false},"excerpt":{"rendered":"<p>\u0130\u015f S\u00fcreklili\u011fi \u00c7\u00f6z\u00fcmleri Kesintisiz Hizmet, G\u00fcvenli Gelecek BT altyap\u0131n\u0131z ne kadar g\u00fc\u00e7l\u00fc olursa olsun, sistemsel ya da fiziksel bir aksakl\u0131k ya\u015fand\u0131\u011f\u0131nda i\u015f s\u00fcreklili\u011fi plan\u0131n\u0131z yoksa b\u00fcy\u00fck risk alt\u0131ndas\u0131n\u0131z. SistemX olarak, kurumunuzun kritik operasyonlar\u0131n\u0131 kesintisiz \u015fekilde s\u00fcrd\u00fcrmesi i\u00e7in kapsaml\u0131 i\u015f s\u00fcreklili\u011fi \u00e7\u00f6z\u00fcmleri sunuyoruz. \ud83d\udccc Neden \u0130\u015f S\u00fcreklili\u011fi? \ud83d\udd0c Beklenmeyeni Planlay\u0131n: Donan\u0131m ar\u0131zalar\u0131, siber sald\u0131r\u0131lar, do\u011fal afetler [&hellip;]<\/p>\n","protected":false},"author":1,"featured_media":0,"parent":0,"menu_order":0,"comment_status":"closed","ping_status":"closed","template":"page-templates\/full-width-page.php","meta":{"saved_in_kubio":false,"footnotes":""},"class_list":["post-282","page","type-page","status-publish","hentry"],"kubio_ai_page_context":{"short_desc":"","purpose":"general"},"_links":{"self":[{"href":"https:\/\/sistemx.com.tr\/index.php?rest_route=\/wp\/v2\/pages\/282","targetHints":{"allow":["GET"]}}],"collection":[{"href":"https:\/\/sistemx.com.tr\/index.php?rest_route=\/wp\/v2\/pages"}],"about":[{"href":"https:\/\/sistemx.com.tr\/index.php?rest_route=\/wp\/v2\/types\/page"}],"author":[{"embeddable":true,"href":"https:\/\/sistemx.com.tr\/index.php?rest_route=\/wp\/v2\/users\/1"}],"replies":[{"embeddable":true,"href":"https:\/\/sistemx.com.tr\/index.php?rest_route=%2Fwp%2Fv2%2Fcomments&post=282"}],"version-history":[{"count":13,"href":"https:\/\/sistemx.com.tr\/index.php?rest_route=\/wp\/v2\/pages\/282\/revisions"}],"predecessor-version":[{"id":2546,"href":"https:\/\/sistemx.com.tr\/index.php?rest_route=\/wp\/v2\/pages\/282\/revisions\/2546"}],"wp:attachment":[{"href":"https:\/\/sistemx.com.tr\/index.php?rest_route=%2Fwp%2Fv2%2Fmedia&parent=282"}],"curies":[{"name":"wp","href":"https:\/\/api.w.org\/{rel}","templated":true}]}}