{"id":281,"date":"2025-06-03T04:45:19","date_gmt":"2025-06-03T04:45:19","guid":{"rendered":"https:\/\/sistemx.com.tr\/?page_id=281"},"modified":"2025-07-03T07:44:13","modified_gmt":"2025-07-03T07:44:13","slug":"yedekleme-ve-odm-cozumleri","status":"publish","type":"page","link":"https:\/\/sistemx.com.tr\/?page_id=281","title":{"rendered":"Yedekleme ve ODM \u00c7\u00f6z\u00fcmleri"},"content":{"rendered":"<div data-colibri-id=\"281-c382\" class=\"style-860 style-local-281-c382 position-relative\">\n  <!---->\n  <div data-colibri-component=\"section\" data-colibri-id=\"281-c383\" id=\"custom\" class=\"h-section h-section-global-spacing d-flex align-items-lg-center align-items-md-center align-items-center style-861 style-local-281-c383 position-relative\">\n    <!---->\n    <!---->\n    <div class=\"h-section-grid-container h-section-boxed-container\">\n      <!---->\n      <div data-colibri-id=\"281-c389\" class=\"h-row-container gutters-row-lg-2 gutters-row-md-2 gutters-row-0 gutters-row-v-lg-2 gutters-row-v-md-2 gutters-row-v-2 style-1221 style-local-281-c389 position-relative\">\n        <!---->\n        <div class=\"h-row justify-content-lg-center justify-content-md-center justify-content-center align-items-lg-stretch align-items-md-stretch align-items-stretch gutters-col-lg-2 gutters-col-md-2 gutters-col-0 gutters-col-v-lg-2 gutters-col-v-md-2 gutters-col-v-2\">\n          <!---->\n          <div class=\"h-column h-column-container d-flex h-col-lg-auto h-col-md-auto h-col-auto style-1222-outer style-local-281-c390-outer\">\n            <div data-colibri-id=\"281-c390\" class=\"d-flex h-flex-basis h-column__inner h-px-lg-2 h-px-md-2 h-px-2 v-inner-lg-2 v-inner-md-2 v-inner-2 style-1222 style-local-281-c390 position-relative\">\n              <!---->\n              <!---->\n              <div class=\"w-100 h-y-container h-column__content h-column__v-align flex-basis-100 align-self-lg-start align-self-md-start align-self-start\">\n                <!---->\n                <div data-colibri-id=\"281-c391\" class=\"h-global-transition-all h-heading style-1223 style-local-281-c391 position-relative h-element\">\n                  <!---->\n                  <div class=\"h-heading__outer style-1223 style-local-281-c391\">\n                    <!---->\n                    <!---->\n                    <h2 class=\"\">Yedekleme ve Ola\u011fan\u00fcst\u00fc Durum Merkezi \u00c7\u00f6z\u00fcmleri<\/h2>\n                  <\/div>\n                <\/div>\n              <\/div>\n            <\/div>\n          <\/div>\n        <\/div>\n      <\/div>\n      <div data-colibri-id=\"281-c392\" class=\"h-row-container gutters-row-lg-2 gutters-row-md-2 gutters-row-0 gutters-row-v-lg-2 gutters-row-v-md-2 gutters-row-v-2 style-1224 style-local-281-c392 position-relative\">\n        <!---->\n        <div class=\"h-row justify-content-lg-center justify-content-md-center justify-content-center align-items-lg-stretch align-items-md-stretch align-items-stretch gutters-col-lg-2 gutters-col-md-2 gutters-col-0 gutters-col-v-lg-2 gutters-col-v-md-2 gutters-col-v-2\">\n          <!---->\n          <div class=\"h-column h-column-container d-flex h-col-lg-auto h-col-md-auto h-col-auto style-1225-outer style-local-281-c393-outer\">\n            <div data-colibri-id=\"281-c393\" class=\"d-flex h-flex-basis h-column__inner h-px-lg-2 h-px-md-2 h-px-2 v-inner-lg-2 v-inner-md-2 v-inner-2 style-1225 style-local-281-c393 position-relative\">\n              <!---->\n              <!---->\n              <div class=\"w-100 h-y-container h-column__content h-column__v-align flex-basis-100 align-self-lg-start align-self-md-start align-self-start\">\n                <!---->\n                <div data-colibri-id=\"281-c394\" class=\"h-text h-text-component style-1226 style-local-281-c394 position-relative h-element\">\n                  <!---->\n                  <!---->\n                  <div class=\"\">\n                    <p><strong>Verinizi Koruyun, \u0130\u015finizi G\u00fcvende Tutun<\/strong><\/p>\n                    <p>Modern BT altyap\u0131lar\u0131nda veri kayb\u0131na tahamm\u00fcl yok. SistemX olarak kurumunuzun veri g\u00fcvenli\u011fini ve i\u015f s\u00fcreklili\u011fini sa\u011flamak i\u00e7in u\u00e7tan uca <strong>yedekleme<\/strong> ve <strong>ola\u011fan\u00fcst\u00fc durum merkezi<\/strong> (Disaster Recovery\n                      &#8211; DR) \u00e7\u00f6z\u00fcmleri sunuyoruz. Geli\u015fmi\u015f teknoloji i\u015f ortaklar\u0131m\u0131zla birlikte, yaln\u0131zca yedek almakla kalm\u0131yor, <strong>i\u015finizi felaketten dakikalar i\u00e7inde kurtaracak altyap\u0131lar<\/strong> in\u015fa ediyoruz.<\/p>\n                  <\/div>\n                <\/div>\n              <\/div>\n            <\/div>\n          <\/div>\n        <\/div>\n      <\/div>\n      <div data-colibri-id=\"281-c395\" class=\"h-row-container gutters-row-lg-2 gutters-row-md-2 gutters-row-0 gutters-row-v-lg-2 gutters-row-v-md-2 gutters-row-v-2 style-1227 style-local-281-c395 position-relative\">\n        <!---->\n        <div class=\"h-row justify-content-lg-center justify-content-md-center justify-content-center align-items-lg-stretch align-items-md-stretch align-items-stretch gutters-col-lg-2 gutters-col-md-2 gutters-col-0 gutters-col-v-lg-2 gutters-col-v-md-2 gutters-col-v-2\">\n          <!---->\n          <div class=\"h-column h-column-container d-flex h-col-lg-auto h-col-md-auto h-col-auto style-1228-outer style-local-281-c396-outer\">\n            <div data-colibri-id=\"281-c396\" class=\"d-flex h-flex-basis h-column__inner h-px-lg-2 h-px-md-2 h-px-2 v-inner-lg-2 v-inner-md-2 v-inner-2 style-1228 style-local-281-c396 position-relative\">\n              <!---->\n              <!---->\n              <div class=\"w-100 h-y-container h-column__content h-column__v-align flex-basis-100 align-self-lg-start align-self-md-start align-self-start\">\n                <!---->\n                <div data-colibri-id=\"281-c397\" class=\"h-global-transition-all h-heading style-1229 style-local-281-c397 position-relative h-element\">\n                  <!---->\n                  <div class=\"h-heading__outer style-1229 style-local-281-c397\">\n                    <!---->\n                    <!---->\n                    <h2 class=\"\">Yedekleme ve Replikasyon \u00c7\u00f6z\u00fcmleri<\/h2>\n                  <\/div>\n                <\/div>\n                <div data-colibri-id=\"281-c398\" class=\"h-text h-text-component style-1230 style-local-281-c398 position-relative h-element\">\n                  <!---->\n                  <!---->\n                  <div class=\"\">\n                    <p>G\u00fcn\u00fcm\u00fcz veri yap\u0131lar\u0131nda yedekleme, sadece \u201cgeri y\u00fcklemek i\u00e7in saklamak\u201d de\u011fil; <strong>anl\u0131k geri d\u00f6n\u00fc\u015f<\/strong>, <strong>versiyon takibi<\/strong>, <strong>ransomware sonras\u0131 geri kazan\u0131m<\/strong> ve <strong>uygulama s\u00fcreklili\u011fi<\/strong>                      anlam\u0131na geliyor.<\/p>\n                    <h4>\ud83d\udca1 \u00c7\u00f6z\u00fcm Ortaklar\u0131m\u0131zla G\u00fc\u00e7l\u00fc Entegrasyonlar:<\/h4>\n                    <ul>\n                      <li><strong>Veeam Backup &amp; Replication<\/strong>\n                        <br> Sanal ve fiziksel sistemler, bulut altyap\u0131lar\u0131 ve Microsoft 365 gibi hizmetler i\u00e7in g\u00fc\u00e7l\u00fc, g\u00fcvenilir ve otomasyon odakl\u0131 yedekleme &amp; replikasyon \u00e7\u00f6z\u00fcmleri.<\/li>\n                      <li><strong>Dell PowerProtect Data Manager (PPDM)<\/strong>\n                        <br> Modern veri koruma, uygulama odakl\u0131 yedekleme politikalar\u0131, VMware entegrasyonu ve \u00f6l\u00e7eklenebilirlik ihtiya\u00e7lar\u0131n\u0131z i\u00e7in kurumsal seviyede \u00e7\u00f6z\u00fcm.<\/li>\n                      <li><strong>Dell RecoverPoint for VMs (RP4VM)<\/strong>\n                        <br> Sanal makineler i\u00e7in s\u00fcrekli replikasyon (CDP) sa\u011flayan RP4VM, VMware ortamlar\u0131nda <strong>uygulama tutarl\u0131l\u0131\u011f\u0131na sahip<\/strong>, <strong>anl\u0131k geri d\u00f6n\u00fc\u015f<\/strong> senaryolar\u0131 ile kritik sistemlerinizi minimum veri kayb\u0131 ile kurtarman\u0131z\u0131\n                        sa\u011flar. \u00c7oklu site deste\u011fiyle hem <strong>yerel hem de uzak veri merkezleri<\/strong> aras\u0131nda kesintisiz felaket senaryolar\u0131na olanak tan\u0131r.<\/li>\n                      <li><strong>Zerto<\/strong>\n                        <br> S\u00fcrekli veri koruma (CDP), anl\u0131k replikasyon ve kesintisiz felaket kurtarma senaryolar\u0131 ile dakikalar i\u00e7inde geri d\u00f6n\u00fc\u015f sa\u011flayan, sekt\u00f6r lideri \u00e7\u00f6z\u00fcm.<\/li>\n                    <\/ul>\n                    <p>\n                      <br>\n                    <\/p>\n                  <\/div>\n                <\/div>\n              <\/div>\n            <\/div>\n          <\/div>\n        <\/div>\n      <\/div>\n      <div data-colibri-id=\"281-c399\" class=\"h-row-container gutters-row-lg-2 gutters-row-md-2 gutters-row-0 gutters-row-v-lg-2 gutters-row-v-md-2 gutters-row-v-2 style-1231 style-local-281-c399 position-relative\">\n        <!---->\n        <div class=\"h-row justify-content-lg-center justify-content-md-center justify-content-center align-items-lg-stretch align-items-md-stretch align-items-stretch gutters-col-lg-2 gutters-col-md-2 gutters-col-0 gutters-col-v-lg-2 gutters-col-v-md-2 gutters-col-v-2\">\n          <!---->\n          <div class=\"h-column h-column-container d-flex h-col-lg-auto h-col-md-auto h-col-auto style-1232-outer style-local-281-c400-outer\">\n            <div data-colibri-id=\"281-c400\" class=\"d-flex h-flex-basis h-column__inner h-px-lg-2 h-px-md-2 h-px-2 v-inner-lg-2 v-inner-md-2 v-inner-2 style-1232 style-local-281-c400 position-relative\">\n              <!---->\n              <!---->\n              <div class=\"w-100 h-y-container h-column__content h-column__v-align flex-basis-100 align-self-lg-start align-self-md-start align-self-start\">\n                <!---->\n                <div data-colibri-id=\"281-c401\" class=\"h-global-transition-all h-heading style-1233 style-local-281-c401 position-relative h-element\">\n                  <!---->\n                  <div class=\"h-heading__outer style-1233 style-local-281-c401\">\n                    <!---->\n                    <!---->\n                    <h2 class=\"\">Ola\u011fan\u00fcst\u00fc Durum Merkezi ve Replikasyon Mimarileri<\/h2>\n                  <\/div>\n                <\/div>\n              <\/div>\n            <\/div>\n          <\/div>\n        <\/div>\n      <\/div>\n      <div data-colibri-id=\"281-c402\" class=\"h-row-container gutters-row-lg-2 gutters-row-md-2 gutters-row-0 gutters-row-v-lg-2 gutters-row-v-md-2 gutters-row-v-2 style-1234 style-local-281-c402 position-relative\">\n        <!---->\n        <div class=\"h-row justify-content-lg-center justify-content-md-center justify-content-center align-items-lg-stretch align-items-md-stretch align-items-stretch gutters-col-lg-2 gutters-col-md-2 gutters-col-0 gutters-col-v-lg-2 gutters-col-v-md-2 gutters-col-v-2\">\n          <!---->\n          <div class=\"h-column h-column-container d-flex h-col-lg-auto h-col-md-auto h-col-auto style-1235-outer style-local-281-c403-outer\">\n            <div data-colibri-id=\"281-c403\" class=\"d-flex h-flex-basis h-column__inner h-px-lg-2 h-px-md-2 h-px-2 v-inner-lg-2 v-inner-md-2 v-inner-2 style-1235 style-local-281-c403 position-relative\">\n              <!---->\n              <!---->\n              <div class=\"w-100 h-y-container h-column__content h-column__v-align flex-basis-100 align-self-lg-start align-self-md-start align-self-start\">\n                <!---->\n                <div data-colibri-id=\"281-c404\" class=\"h-text h-text-component style-1236 style-local-281-c404 position-relative h-element\">\n                  <!---->\n                  <!---->\n                  <div class=\"\">\n                    <p>Veri kayb\u0131 ya\u015fand\u0131\u011f\u0131nda de\u011fil, <strong>ya\u015fanmadan \u00f6nce<\/strong> planlama yapmak gerekir. SistemX, <strong>aktif-aktif<\/strong> veya <strong>aktif-pasif<\/strong> mimarilerde <strong>\u00e7oklu veri merkezli senaryolar<\/strong>la DR planlar\u0131n\u0131z\u0131\n                      hayata ge\u00e7irir.<\/p>\n                    <h4>\ud83e\udde0 3 Veri Merkezli Yap\u0131 ile Maksimum G\u00fcvence:<\/h4>\n                    <ol>\n                      <li><strong>Birincil Merkez (Ana \u00dcretim):<\/strong>\n                        <br> Uygulamalar\u0131n ve veritabanlar\u0131n\u0131n aktif \u00e7al\u0131\u015ft\u0131\u011f\u0131 merkez.<\/li>\n                      <li><strong>\u0130kincil Merkez (Senkron Replikasyonlu):<\/strong>\n                        <br> Aktif-aktif veya aktif-pasif \u00e7al\u0131\u015fan, k\u0131sa RTO\/RPO hedefleri i\u00e7in konumland\u0131r\u0131lan e\u015fle\u015fmi\u015f merkez.<\/li>\n                      <li><strong>\u00dc\u00e7\u00fcnc\u00fcl Merkez (Uzak Lokasyon \u2013 Replikasyon &amp; Ar\u015fiv):<\/strong>\n                        <br> Farkl\u0131 co\u011frafyada konumlanm\u0131\u015f, replikasyon ve kriz anlar\u0131nda devreye girecek minimum gecikmeli, <strong>FortiGate VXLAN t\u00fcnelleri ile ba\u011flanm\u0131\u015f<\/strong> yedek merkez.<\/li>\n                    <\/ol>\n                    <h4>\ud83d\udd10 VXLAN ile Uzak U\u00e7 Merkez Ba\u011flant\u0131lar\u0131:<\/h4>\n                    <ul>\n                      <li><strong>\u015eube ve DR merkezleri aras\u0131nda \u015feffaf L2 ba\u011flant\u0131<\/strong><\/li>\n                      <li><strong>VXLAN \u00fczerinden yedekleme trafi\u011fi izolasyonu<\/strong><\/li>\n                      <li><strong>Donan\u0131msal \u015fifreleme ile g\u00fcvenli replikasyon<\/strong><\/li>\n                      <li><strong>MPLS veya internet \u00fczerinden \u00e7ift y\u00f6nl\u00fc aktif trafik ta\u015f\u0131ma<\/strong><\/li>\n                    <\/ul>\n                    <p>\n                      <br>\n                    <\/p>\n                  <\/div>\n                <\/div>\n              <\/div>\n            <\/div>\n          <\/div>\n        <\/div>\n      <\/div>\n      <div data-colibri-id=\"281-c405\" class=\"h-row-container gutters-row-lg-2 gutters-row-md-2 gutters-row-0 gutters-row-v-lg-2 gutters-row-v-md-2 gutters-row-v-2 style-1237 style-local-281-c405 position-relative\">\n        <!---->\n        <div class=\"h-row justify-content-lg-center justify-content-md-center justify-content-center align-items-lg-stretch align-items-md-stretch align-items-stretch gutters-col-lg-2 gutters-col-md-2 gutters-col-0 gutters-col-v-lg-2 gutters-col-v-md-2 gutters-col-v-2\">\n          <!---->\n          <div class=\"h-column h-column-container d-flex h-col-lg-auto h-col-md-auto h-col-auto style-1238-outer style-local-281-c406-outer\">\n            <div data-colibri-id=\"281-c406\" class=\"d-flex h-flex-basis h-column__inner h-px-lg-2 h-px-md-2 h-px-2 v-inner-lg-2 v-inner-md-2 v-inner-2 style-1238 style-local-281-c406 position-relative\">\n              <!---->\n              <!---->\n              <div class=\"w-100 h-y-container h-column__content h-column__v-align flex-basis-100 align-self-lg-start align-self-md-start align-self-start\">\n                <!---->\n                <div data-colibri-id=\"281-c407\" class=\"h-global-transition-all h-heading style-1239 style-local-281-c407 position-relative h-element\">\n                  <!---->\n                  <div class=\"h-heading__outer style-1239 style-local-281-c407\">\n                    <!---->\n                    <!---->\n                    <h2 class=\"\"> \u0130\u015f S\u00fcreklili\u011fi Senaryolar\u0131nda SistemX Fark\u0131<\/h2>\n                  <\/div>\n                <\/div>\n                <div data-colibri-id=\"281-c408\" class=\"h-text h-text-component style-1240 style-local-281-c408 position-relative h-element\">\n                  <!---->\n                  <!---->\n                  <div class=\"\">\n                    <p><strong>\ud83c\udfaf Ger\u00e7ek Zamanl\u0131 Replikasyon<\/strong>\n                      <br> Zerto ve Dell RecoverPoint for VMs (RP4VM) ile uygulama tutarl\u0131l\u0131\u011f\u0131 sa\u011flayan anl\u0131k replikasyon ve dakikalar i\u00e7inde sistem geri d\u00f6n\u00fc\u015f\u00fc.<\/p>\n                    <p><strong>\ud83d\udce1 Kesintisiz Uzak Eri\u015fim<\/strong>\n                      <br> FortiGate ve VXLAN teknolojisiyle veri merkezleri aras\u0131nda g\u00fcvenli, \u015feffaf ve d\u00fc\u015f\u00fck gecikmeli a\u011f ba\u011flant\u0131lar\u0131.<\/p>\n                    <p><strong>\ud83d\udcbe Uygulama Odakl\u0131 Yedekleme<\/strong>\n                      <br> SQL, Exchange, SAP gibi kritik uygulamalar i\u00e7in h\u0131zl\u0131, g\u00fcvenilir ve noktasal geri y\u00fckleme imk\u00e2n\u0131.<\/p>\n                    <p><strong>\ud83d\udd04 Otomatik Failover &amp; Failback<\/strong>\n                      <br> Felaket an\u0131nda otomatik ge\u00e7i\u015f ve normal \u00e7al\u0131\u015fma ortam\u0131na planl\u0131 geri d\u00f6n\u00fc\u015f senaryolar\u0131.<\/p>\n                    <p><strong>\ud83e\uddea Periyodik DR Testleri<\/strong>\n                      <br> Ola\u011fan\u00fcst\u00fc durum planlar\u0131n\u0131n d\u00fczenli olarak test edilmesi ve g\u00fcncel tutulmas\u0131.<\/p>\n                    <p><strong>\ud83d\udcc8 Uyum ve Raporlama<\/strong>\n                      <br> KVKK, ISO 27001 gibi standartlara uygun, merkezi izleme, kay\u0131t ve raporlama altyap\u0131s\u0131.<\/p>\n                  <\/div>\n                <\/div>\n              <\/div>\n            <\/div>\n          <\/div>\n        <\/div>\n      <\/div>\n      <div data-colibri-id=\"281-c384\" class=\"h-row-container gutters-row-lg-2 gutters-row-md-2 gutters-row-0 gutters-row-v-lg-2 gutters-row-v-md-2 gutters-row-v-2 style-864 style-local-281-c384 position-relative\">\n        <!---->\n        <div class=\"h-row justify-content-lg-center justify-content-md-center justify-content-center align-items-lg-stretch align-items-md-stretch align-items-stretch gutters-col-lg-2 gutters-col-md-2 gutters-col-0 gutters-col-v-lg-2 gutters-col-v-md-2 gutters-col-v-2\">\n          <!---->\n          <div class=\"h-column h-column-container d-flex h-col-lg-auto h-col-md-auto h-col-auto style-865-outer style-local-281-c385-outer\">\n            <div data-colibri-id=\"281-c385\" class=\"d-flex h-flex-basis h-column__inner h-px-lg-2 h-px-md-2 h-px-2 v-inner-lg-2 v-inner-md-2 v-inner-2 style-865 style-local-281-c385 position-relative\">\n              <!---->\n              <!---->\n              <div class=\"w-100 h-y-container h-column__content h-column__v-align flex-basis-100 align-self-lg-start align-self-md-start align-self-start\">\n                <!---->\n                <div data-colibri-id=\"281-c409\" class=\"h-global-transition-all h-heading style-1241 style-local-281-c409 position-relative h-element\">\n                  <!---->\n                  <div class=\"h-heading__outer style-1241 style-local-281-c409\">\n                    <!---->\n                    <!---->\n                    <h2 class=\"\">\ud83d\ude80 H\u0131zl\u0131 Kazan\u0131mlar<\/h2>\n                  <\/div>\n                <\/div>\n              <\/div>\n            <\/div>\n          <\/div>\n        <\/div>\n      <\/div>\n      <div data-colibri-id=\"281-c410\" class=\"h-row-container gutters-row-lg-2 gutters-row-md-2 gutters-row-0 gutters-row-v-lg-2 gutters-row-v-md-2 gutters-row-v-2 style-1242 style-local-281-c410 position-relative\">\n        <!---->\n        <div class=\"h-row justify-content-lg-center justify-content-md-center justify-content-center align-items-lg-stretch align-items-md-stretch align-items-stretch gutters-col-lg-2 gutters-col-md-2 gutters-col-0 gutters-col-v-lg-2 gutters-col-v-md-2 gutters-col-v-2\">\n          <!---->\n          <div class=\"h-column h-column-container d-flex h-col-lg-auto h-col-md-auto h-col-auto style-1243-outer style-local-281-c411-outer\">\n            <div data-colibri-id=\"281-c411\" class=\"d-flex h-flex-basis h-column__inner h-px-lg-2 h-px-md-2 h-px-2 v-inner-lg-2 v-inner-md-2 v-inner-2 style-1243 style-local-281-c411 position-relative\">\n              <!---->\n              <!---->\n              <div class=\"w-100 h-y-container h-column__content h-column__v-align flex-basis-100 align-self-lg-start align-self-md-start align-self-start\">\n                <!---->\n                <div data-colibri-id=\"281-c412\" class=\"h-text h-text-component style-1244 style-local-281-c412 position-relative h-element\">\n                  <!---->\n                  <!---->\n                  <div class=\"\">\n                    <p>\u2705 Felaket an\u0131nda veri kay\u0131plar\u0131n\u0131 <strong>saniyelerle<\/strong> s\u0131n\u0131rlay\u0131n\n                      <br> \u2705 Yedeklerinizi <strong>g\u00fcvenli, eri\u015filebilir ve \u015fifreli<\/strong> ortamlarda saklay\u0131n\n                      <br> \u2705 Kritik sistemlerde anl\u0131k kopyalarla <strong>geri y\u00fckleme s\u00fcresini dakikalara<\/strong> indirin\n                      <br> \u2705 DR planlar\u0131n\u0131z\u0131 yaz\u0131l\u0131, test edilmi\u015f ve kurumunuza \u00f6zel \u015fekilde belgeleyin<\/p>\n                  <\/div>\n                <\/div>\n                <div data-colibri-id=\"281-c413\" class=\"h-global-transition-all h-heading style-1245 style-local-281-c413 position-relative h-element\">\n                  <!---->\n                  <div class=\"h-heading__outer style-1245 style-local-281-c413\">\n                    <!---->\n                    <!---->\n                    <h2 class=\"\">\ud83c\udfaf Siz Haz\u0131r Olmazsan\u0131z, Felaketler Hi\u00e7bir Zaman Haz\u0131rl\u0131k Yapmaz&#8230;<\/h2>\n                  <\/div>\n                <\/div>\n                <div data-colibri-id=\"281-c414\" class=\"h-text h-text-component style-1246 style-local-281-c414 position-relative h-element\">\n                  <!---->\n                  <!---->\n                  <div class=\"\">\n                    <p><strong>SistemX ile i\u015f s\u00fcreklili\u011finizi g\u00fcvence alt\u0131na al\u0131n.<\/strong>\n                      <br> Yedekleme, replikasyon, uzak veri merkezi tasar\u0131m\u0131 ve aktif-aktif DR altyap\u0131lar\u0131nda uzman kadromuzla tan\u0131\u015f\u0131n.<\/p>\n                    <p>\ud83d\udcde Hemen ileti\u015fime ge\u00e7in \u2014 Felaket gelmeden \u00f6nce plan yapal\u0131m. satis@sistemx.com.tr<\/p>\n                  <\/div>\n                <\/div>\n              <\/div>\n            <\/div>\n          <\/div>\n        <\/div>\n      <\/div>\n      <div data-colibri-id=\"281-c387\" class=\"h-row-container gutters-row-lg-2 gutters-row-md-2 gutters-row-0 gutters-row-v-lg-2 gutters-row-v-md-2 gutters-row-v-2 style-862 style-local-281-c387 position-relative\">\n        <!---->\n        <div class=\"h-row justify-content-lg-center justify-content-md-center justify-content-center align-items-lg-stretch align-items-md-stretch align-items-stretch gutters-col-lg-2 gutters-col-md-2 gutters-col-0 gutters-col-v-lg-2 gutters-col-v-md-2 gutters-col-v-2\">\n          <!---->\n          <div class=\"h-column h-column-container d-flex h-col-lg-auto h-col-md-auto h-col-auto style-863-outer style-local-281-c388-outer\">\n            <div data-colibri-id=\"281-c388\" class=\"d-flex h-flex-basis h-column__inner h-ui-empty-state-container h-px-lg-2 h-px-md-2 h-px-2 v-inner-lg-2 v-inner-md-2 v-inner-2 style-863 style-local-281-c388 position-relative\">\n              <!---->\n              <!---->\n              <div class=\"w-100 h-y-container h-column__content h-column__v-align flex-basis-100\">\n                <!---->\n              <\/div>\n            <\/div>\n          <\/div>\n        <\/div>\n      <\/div>\n    <\/div>\n  <\/div>\n<\/div>","protected":false},"excerpt":{"rendered":"<p>Yedekleme ve Ola\u011fan\u00fcst\u00fc Durum Merkezi \u00c7\u00f6z\u00fcmleri Verinizi Koruyun, \u0130\u015finizi G\u00fcvende Tutun Modern BT altyap\u0131lar\u0131nda veri kayb\u0131na tahamm\u00fcl yok. SistemX olarak kurumunuzun veri g\u00fcvenli\u011fini ve i\u015f s\u00fcreklili\u011fini sa\u011flamak i\u00e7in u\u00e7tan uca yedekleme ve ola\u011fan\u00fcst\u00fc durum merkezi (Disaster Recovery &#8211; DR) \u00e7\u00f6z\u00fcmleri sunuyoruz. Geli\u015fmi\u015f teknoloji i\u015f ortaklar\u0131m\u0131zla birlikte, yaln\u0131zca yedek almakla kalm\u0131yor, i\u015finizi felaketten dakikalar i\u00e7inde kurtaracak [&hellip;]<\/p>\n","protected":false},"author":1,"featured_media":0,"parent":0,"menu_order":0,"comment_status":"closed","ping_status":"closed","template":"page-templates\/full-width-page.php","meta":{"saved_in_kubio":false,"footnotes":""},"class_list":["post-281","page","type-page","status-publish","hentry"],"kubio_ai_page_context":{"short_desc":"","purpose":"general"},"_links":{"self":[{"href":"https:\/\/sistemx.com.tr\/index.php?rest_route=\/wp\/v2\/pages\/281","targetHints":{"allow":["GET"]}}],"collection":[{"href":"https:\/\/sistemx.com.tr\/index.php?rest_route=\/wp\/v2\/pages"}],"about":[{"href":"https:\/\/sistemx.com.tr\/index.php?rest_route=\/wp\/v2\/types\/page"}],"author":[{"embeddable":true,"href":"https:\/\/sistemx.com.tr\/index.php?rest_route=\/wp\/v2\/users\/1"}],"replies":[{"embeddable":true,"href":"https:\/\/sistemx.com.tr\/index.php?rest_route=%2Fwp%2Fv2%2Fcomments&post=281"}],"version-history":[{"count":10,"href":"https:\/\/sistemx.com.tr\/index.php?rest_route=\/wp\/v2\/pages\/281\/revisions"}],"predecessor-version":[{"id":2544,"href":"https:\/\/sistemx.com.tr\/index.php?rest_route=\/wp\/v2\/pages\/281\/revisions\/2544"}],"wp:attachment":[{"href":"https:\/\/sistemx.com.tr\/index.php?rest_route=%2Fwp%2Fv2%2Fmedia&parent=281"}],"curies":[{"name":"wp","href":"https:\/\/api.w.org\/{rel}","templated":true}]}}