{"id":264,"date":"2025-06-03T04:42:58","date_gmt":"2025-06-03T04:42:58","guid":{"rendered":"https:\/\/sistemx.com.tr\/?page_id=264"},"modified":"2025-07-03T07:44:13","modified_gmt":"2025-07-03T07:44:13","slug":"yonetilen-hizmetler","status":"publish","type":"page","link":"https:\/\/sistemx.com.tr\/?page_id=264","title":{"rendered":"Y\u00f6netilen Hizmetler"},"content":{"rendered":"<div data-colibri-id=\"264-c126\" class=\"style-834 style-local-264-c126 position-relative\">\n  <!---->\n  <div data-colibri-component=\"section\" data-colibri-id=\"264-c127\" id=\"custom\" class=\"h-section h-section-global-spacing d-flex align-items-lg-center align-items-md-center align-items-center style-835 style-local-264-c127 position-relative\">\n    <!---->\n    <!---->\n    <div class=\"h-section-grid-container h-section-boxed-container\">\n      <!---->\n      <div data-colibri-id=\"264-c128\" class=\"h-row-container gutters-row-lg-2 gutters-row-md-2 gutters-row-0 gutters-row-v-lg-2 gutters-row-v-md-2 gutters-row-v-2 style-838 style-local-264-c128 position-relative\">\n        <!---->\n        <div class=\"h-row justify-content-lg-center justify-content-md-center justify-content-center align-items-lg-stretch align-items-md-stretch align-items-stretch gutters-col-lg-2 gutters-col-md-2 gutters-col-0 gutters-col-v-lg-2 gutters-col-v-md-2 gutters-col-v-2\">\n          <!---->\n          <div class=\"h-column h-column-container d-flex h-col-lg-auto h-col-md-auto h-col-auto style-839-outer style-local-264-c129-outer\">\n            <div data-colibri-id=\"264-c129\" class=\"d-flex h-flex-basis h-column__inner h-px-lg-2 h-px-md-2 h-px-2 v-inner-lg-2 v-inner-md-2 v-inner-2 style-839 style-local-264-c129 position-relative\">\n              <!---->\n              <!---->\n              <div class=\"w-100 h-y-container h-column__content h-column__v-align flex-basis-100 align-self-lg-start align-self-md-start align-self-start\">\n                <!---->\n                <div data-colibri-id=\"264-c130\" class=\"h-global-transition-all h-heading style-840 style-local-264-c130 position-relative h-element\">\n                  <!---->\n                  <div class=\"h-heading__outer style-840 style-local-264-c130\">\n                    <!---->\n                    <!---->\n                    <h2 class=\"\">Y\u00f6netilen Hizmetler<\/h2>\n                  <\/div>\n                <\/div>\n              <\/div>\n            <\/div>\n          <\/div>\n        <\/div>\n      <\/div>\n      <div data-colibri-id=\"264-c133\" class=\"h-row-container gutters-row-lg-2 gutters-row-md-2 gutters-row-0 gutters-row-v-lg-2 gutters-row-v-md-2 gutters-row-v-2 style-1049 style-local-264-c133 position-relative\">\n        <!---->\n        <div class=\"h-row justify-content-lg-center justify-content-md-center justify-content-center align-items-lg-stretch align-items-md-stretch align-items-stretch gutters-col-lg-2 gutters-col-md-2 gutters-col-0 gutters-col-v-lg-2 gutters-col-v-md-2 gutters-col-v-2\">\n          <!---->\n          <div class=\"h-column h-column-container d-flex h-col-lg-auto h-col-md-auto h-col-auto style-1050-outer style-local-264-c134-outer\">\n            <div data-colibri-id=\"264-c134\" class=\"d-flex h-flex-basis h-column__inner h-px-lg-2 h-px-md-2 h-px-2 v-inner-lg-2 v-inner-md-2 v-inner-2 style-1050 style-local-264-c134 position-relative\">\n              <!---->\n              <!---->\n              <div class=\"w-100 h-y-container h-column__content h-column__v-align flex-basis-100 align-self-lg-start align-self-md-start align-self-start\">\n                <!---->\n                <div data-colibri-id=\"264-c135\" class=\"h-text h-text-component style-1051 style-local-264-c135 position-relative h-element\">\n                  <!---->\n                  <!---->\n                  <div class=\"\">\n                    <p><strong>\u0130\u015finizin s\u00fcreklili\u011fi ve BT altyap\u0131n\u0131z\u0131n sa\u011fl\u0131\u011f\u0131 i\u00e7in, uzmanl\u0131\u011f\u0131m\u0131z\u0131 hizmetinize sunuyoruz.<\/strong>\n                      <br> SistemX Y\u00f6netilen Hizmetler \u00e7\u00f6z\u00fcmleri; izleme, destek, bak\u0131m ve i\u015fletim alanlar\u0131nda u\u00e7tan uca kapsam sa\u011flar. \u0130\u015fletmenizin ihtiyac\u0131na \u00f6zel \u00f6l\u00e7eklenebilir yap\u0131s\u0131yla, operasyonel y\u00fck\u00fcn\u00fcz\u00fc azalt\u0131r, maliyetlerinizi optimize eder, sistem\n                      s\u00fcreklili\u011finizi garanti alt\u0131na al\u0131r.<\/p>\n                  <\/div>\n                <\/div>\n              <\/div>\n            <\/div>\n          <\/div>\n        <\/div>\n      <\/div>\n      <div data-colibri-id=\"264-c136\" class=\"h-row-container gutters-row-lg-2 gutters-row-md-2 gutters-row-0 gutters-row-v-lg-2 gutters-row-v-md-2 gutters-row-v-2 style-1052 style-local-264-c136 position-relative\">\n        <!---->\n        <div class=\"h-row justify-content-lg-center justify-content-md-center justify-content-center align-items-lg-stretch align-items-md-stretch align-items-stretch gutters-col-lg-2 gutters-col-md-2 gutters-col-0 gutters-col-v-lg-2 gutters-col-v-md-2 gutters-col-v-2\">\n          <!---->\n          <div class=\"h-column h-column-container d-flex h-col-lg-auto h-col-md-auto h-col-auto style-1053-outer style-local-264-c137-outer\">\n            <div data-colibri-id=\"264-c137\" class=\"d-flex h-flex-basis h-column__inner h-px-lg-2 h-px-md-2 h-px-2 v-inner-lg-2 v-inner-md-2 v-inner-2 style-1053 style-local-264-c137 position-relative\">\n              <!---->\n              <!---->\n              <div class=\"w-100 h-y-container h-column__content h-column__v-align flex-basis-100 align-self-lg-start align-self-md-start align-self-start\">\n                <!---->\n                <div data-colibri-id=\"264-c138\" class=\"h-global-transition-all h-heading style-1054 style-local-264-c138 position-relative h-element\">\n                  <!---->\n                  <div class=\"h-heading__outer style-1054 style-local-264-c138\">\n                    <!---->\n                    <!---->\n                    <h2 class=\"\">Hizmet Paketlerimiz<\/h2>\n                  <\/div>\n                <\/div>\n                <div data-colibri-id=\"264-c148\" class=\"h-global-transition-all h-heading style-1064 style-local-264-c148 position-relative h-element\">\n                  <!---->\n                  <div class=\"h-heading__outer style-1064 style-local-264-c148\">\n                    <!---->\n                    <!---->\n                    <h3 class=\"\">\ud83d\udd0d \u0130zleme Hizmeti<\/h3>\n                  <\/div>\n                <\/div>\n                <div data-colibri-id=\"264-c139\" class=\"h-text h-text-component style-1055 style-local-264-c139 position-relative h-element\">\n                  <!---->\n                  <!---->\n                  <div class=\"\">\n                    <p>SistemX\u2019in izleme paketiyle BT altyap\u0131n\u0131z\u0131 s\u00fcrekli g\u00f6zlem alt\u0131nda tutuyoruz. Kritik sistemlerinize dair anl\u0131k uyar\u0131lar, h\u0131zl\u0131 m\u00fcdahale ve proaktif analizlerle olas\u0131 sorunlar\u0131 b\u00fcy\u00fcmeden \u00e7\u00f6z\u00fcme kavu\u015fturuyoruz.<\/p>\n                    <p><strong>Paket \u0130\u00e7eri\u011fi:<\/strong><\/p>\n                    <ul>\n                      <li>Talep ve \u00c7a\u011fr\u0131 Y\u00f6netimi<\/li>\n                      <li>Anl\u0131k Sistem Takibi<\/li>\n                      <li>Profesyonel Destek Hizmeti<\/li>\n                      <li>Proaktif \u0130stihbarat Hizmeti<\/li>\n                    <\/ul>\n                  <\/div>\n                <\/div>\n              <\/div>\n            <\/div>\n          <\/div>\n        <\/div>\n      <\/div>\n      <div data-colibri-id=\"264-c131\" class=\"h-row-container gutters-row-lg-2 gutters-row-md-2 gutters-row-0 gutters-row-v-lg-2 gutters-row-v-md-2 gutters-row-v-2 style-836 style-local-264-c131 position-relative\">\n        <!---->\n        <div class=\"h-row justify-content-lg-center justify-content-md-center justify-content-center align-items-lg-stretch align-items-md-stretch align-items-stretch gutters-col-lg-2 gutters-col-md-2 gutters-col-0 gutters-col-v-lg-2 gutters-col-v-md-2 gutters-col-v-2\">\n          <!---->\n          <div class=\"h-column h-column-container d-flex h-col-lg-auto h-col-md-auto h-col-auto style-837-outer style-local-264-c132-outer\">\n            <div data-colibri-id=\"264-c132\" class=\"d-flex h-flex-basis h-column__inner h-px-lg-2 h-px-md-2 h-px-2 v-inner-lg-2 v-inner-md-2 v-inner-2 style-837 style-local-264-c132 position-relative\">\n              <!---->\n              <!---->\n              <div class=\"w-100 h-y-container h-column__content h-column__v-align flex-basis-100 align-self-lg-start align-self-md-start align-self-start\">\n                <!---->\n                <div data-colibri-id=\"264-c140\" class=\"h-global-transition-all h-heading style-1056 style-local-264-c140 position-relative h-element\">\n                  <!---->\n                  <div class=\"h-heading__outer style-1056 style-local-264-c140\">\n                    <!---->\n                    <!---->\n                    <h3 class=\"\">\ud83d\udee0\ufe0f Destek Hizmeti<\/h3>\n                  <\/div>\n                <\/div>\n                <div data-colibri-id=\"264-c141\" class=\"h-text h-text-component style-1057 style-local-264-c141 position-relative h-element\">\n                  <!---->\n                  <!---->\n                  <div class=\"\">\n                    <p>\u0130htiyac\u0131n\u0131z olan her an yan\u0131n\u0131zday\u0131z. SistemX destek paketi, esnek zaman aral\u0131klar\u0131nda (5&#215;8 \/ 7&#215;24) sunulan uzman deste\u011fiyle i\u015fletmenizin teknoloji operasyonlar\u0131n\u0131 kesintisiz s\u00fcrd\u00fcrmesini sa\u011flar.<\/p>\n                    <p><strong>Paket \u0130\u00e7eri\u011fi:<\/strong><\/p>\n                    <ul>\n                      <li>Talep ve \u00c7a\u011fr\u0131 Y\u00f6netimi<\/li>\n                      <li>\u00dcretici ve 3. Parti \u00c7a\u011fr\u0131 Y\u00f6netimi<\/li>\n                      <li>Profesyonel Destek Hizmeti<\/li>\n                      <li>Uzaktan ve\/veya Yerinde Destek<\/li>\n                      <li>Min\u00f6r G\u00fcncelleme Deste\u011fi<\/li>\n                      <li>BT Altyap\u0131 Optimizasyonu<\/li>\n                      <li>Esnek Destek Se\u00e7enekleri (5&#215;8 \/ 7&#215;24)<\/li>\n                    <\/ul>\n                  <\/div>\n                <\/div>\n              <\/div>\n            <\/div>\n          <\/div>\n        <\/div>\n      <\/div>\n      <div data-colibri-id=\"264-c142\" class=\"h-row-container gutters-row-lg-2 gutters-row-md-2 gutters-row-0 gutters-row-v-lg-2 gutters-row-v-md-2 gutters-row-v-2 style-1058 style-local-264-c142 position-relative\">\n        <!---->\n        <div class=\"h-row justify-content-lg-center justify-content-md-center justify-content-center align-items-lg-stretch align-items-md-stretch align-items-stretch gutters-col-lg-2 gutters-col-md-2 gutters-col-0 gutters-col-v-lg-2 gutters-col-v-md-2 gutters-col-v-2\">\n          <!---->\n          <div class=\"h-column h-column-container d-flex h-col-lg-auto h-col-md-auto h-col-auto style-1059-outer style-local-264-c143-outer\">\n            <div data-colibri-id=\"264-c143\" class=\"d-flex h-flex-basis h-column__inner h-px-lg-2 h-px-md-2 h-px-2 v-inner-lg-2 v-inner-md-2 v-inner-2 style-1059 style-local-264-c143 position-relative\">\n              <!---->\n              <!---->\n              <div class=\"w-100 h-y-container h-column__content h-column__v-align flex-basis-100 align-self-lg-start align-self-md-start align-self-start\">\n                <!---->\n                <div data-colibri-id=\"264-c144\" class=\"h-global-transition-all h-heading style-1060 style-local-264-c144 position-relative h-element\">\n                  <!---->\n                  <div class=\"h-heading__outer style-1060 style-local-264-c144\">\n                    <!---->\n                    <!---->\n                    <h3 class=\"\">\ud83d\udee1\ufe0f Bak\u0131m Hizmeti<\/h3>\n                  <\/div>\n                <\/div>\n              <\/div>\n            <\/div>\n          <\/div>\n        <\/div>\n      <\/div>\n      <div data-colibri-id=\"264-c145\" class=\"h-row-container gutters-row-lg-2 gutters-row-md-2 gutters-row-0 gutters-row-v-lg-2 gutters-row-v-md-2 gutters-row-v-2 style-1061 style-local-264-c145 position-relative\">\n        <!---->\n        <div class=\"h-row justify-content-lg-center justify-content-md-center justify-content-center align-items-lg-stretch align-items-md-stretch align-items-stretch gutters-col-lg-2 gutters-col-md-2 gutters-col-0 gutters-col-v-lg-2 gutters-col-v-md-2 gutters-col-v-2\">\n          <!---->\n          <div class=\"h-column h-column-container d-flex h-col-lg-auto h-col-md-auto h-col-auto style-1062-outer style-local-264-c146-outer\">\n            <div data-colibri-id=\"264-c146\" class=\"d-flex h-flex-basis h-column__inner h-px-lg-2 h-px-md-2 h-px-2 v-inner-lg-2 v-inner-md-2 v-inner-2 style-1062 style-local-264-c146 position-relative\">\n              <!---->\n              <!---->\n              <div class=\"w-100 h-y-container h-column__content h-column__v-align flex-basis-100 align-self-lg-start align-self-md-start align-self-start\">\n                <!---->\n                <div data-colibri-id=\"264-c147\" class=\"h-text h-text-component style-1063 style-local-264-c147 position-relative h-element\">\n                  <!---->\n                  <!---->\n                  <div class=\"\">\n                    <p>Donan\u0131m ve yaz\u0131l\u0131m altyap\u0131n\u0131z\u0131n sa\u011fl\u0131\u011f\u0131n\u0131 d\u00fczenli olarak kontrol ediyor, sistemlerinizi her zaman g\u00fcncel ve verimli tutuyoruz. Kapsaml\u0131 analizlerle b\u00fcy\u00fcme stratejinizi destekliyoruz.<\/p>\n                    <p><strong>Paket \u0130\u00e7eri\u011fi:<\/strong><\/p>\n                    <ul>\n                      <li>Talep ve \u00c7a\u011fr\u0131 Y\u00f6netimi<\/li>\n                      <li>\u00dcretici ve 3. Parti \u00c7a\u011fr\u0131 Y\u00f6netimi<\/li>\n                      <li>Anl\u0131k Sistem Takibi<\/li>\n                      <li>Profesyonel Destek Hizmeti<\/li>\n                      <li>Uzaktan ve\/veya Yerinde Destek<\/li>\n                      <li>Teknik M\u00fc\u015fteri Y\u00f6neticisi<\/li>\n                      <li>Kapsaml\u0131 G\u00fcncelleme Deste\u011fi<\/li>\n                      <li>BT Altyap\u0131 Optimizasyonu ve \u0130yile\u015ftirici Faaliyetler<\/li>\n                      <li>Altyap\u0131 Sa\u011fl\u0131k Durum Analizi<\/li>\n                      <li>Kapasite Kullan\u0131m Analizi ve B\u00fcy\u00fcme Planlamalar\u0131<\/li>\n                      <li>7\/24 Kesintisiz Destek<\/li>\n                    <\/ul>\n                  <\/div>\n                <\/div>\n              <\/div>\n            <\/div>\n          <\/div>\n        <\/div>\n      <\/div>\n      <div data-colibri-id=\"264-c149\" class=\"h-row-container gutters-row-lg-2 gutters-row-md-2 gutters-row-0 gutters-row-v-lg-2 gutters-row-v-md-2 gutters-row-v-2 style-1065 style-local-264-c149 position-relative\">\n        <!---->\n        <div class=\"h-row justify-content-lg-center justify-content-md-center justify-content-center align-items-lg-stretch align-items-md-stretch align-items-stretch gutters-col-lg-2 gutters-col-md-2 gutters-col-0 gutters-col-v-lg-2 gutters-col-v-md-2 gutters-col-v-2\">\n          <!---->\n          <div class=\"h-column h-column-container d-flex h-col-lg-auto h-col-md-auto h-col-auto style-1066-outer style-local-264-c150-outer\">\n            <div data-colibri-id=\"264-c150\" class=\"d-flex h-flex-basis h-column__inner h-px-lg-2 h-px-md-2 h-px-2 v-inner-lg-2 v-inner-md-2 v-inner-2 style-1066 style-local-264-c150 position-relative\">\n              <!---->\n              <!---->\n              <div class=\"w-100 h-y-container h-column__content h-column__v-align flex-basis-100 align-self-lg-start align-self-md-start align-self-start\">\n                <!---->\n                <div data-colibri-id=\"264-c151\" class=\"h-global-transition-all h-heading style-1067 style-local-264-c151 position-relative h-element\">\n                  <!---->\n                  <div class=\"h-heading__outer style-1067 style-local-264-c151\">\n                    <!---->\n                    <!---->\n                    <h3 class=\"\">\u2699\ufe0f \u0130\u015fletim Hizmeti<\/h3>\n                  <\/div>\n                <\/div>\n                <div data-colibri-id=\"264-c152\" class=\"h-text h-text-component style-1068 style-local-264-c152 position-relative h-element\">\n                  <!---->\n                  <!---->\n                  <div class=\"\">\n                    <p>T\u00fcm BT operasyonlar\u0131n\u0131z\u0131 bizim \u00fczerimize al\u0131yoruz. SistemX i\u015fletim hizmetiyle altyap\u0131n\u0131z\u0131 s\u00fcrd\u00fcr\u00fclebilir, g\u00fcvenli ve verimli bi\u00e7imde y\u00f6netiyor, stratejik b\u00fcy\u00fcmenize destek sa\u011fl\u0131yoruz.<\/p>\n                    <p><strong>Paket \u0130\u00e7eri\u011fi:<\/strong><\/p>\n                    <ul>\n                      <li>Talep ve \u00c7a\u011fr\u0131 Y\u00f6netimi<\/li>\n                      <li>\u00dcretici ve 3. Parti \u00c7a\u011fr\u0131 Y\u00f6netimi<\/li>\n                      <li>Anl\u0131k Sistem Takibi<\/li>\n                      <li>Profesyonel Destek Hizmeti<\/li>\n                      <li>BT Altyap\u0131 \u0130\u015fletim Hizmeti<\/li>\n                      <li>Uzaktan ve\/veya Yerinde Destek<\/li>\n                      <li>Teknik M\u00fc\u015fteri Y\u00f6neticisi<\/li>\n                      <li>Kapsaml\u0131 G\u00fcncelleme Deste\u011fi<\/li>\n                      <li>BT Altyap\u0131 Optimizasyonu ve \u0130yile\u015ftirici Faaliyetler<\/li>\n                      <li>Altyap\u0131 Sa\u011fl\u0131k Durum Analizi<\/li>\n                      <li>Kapasite Kullan\u0131m Analizi ve B\u00fcy\u00fcme Planlamalar\u0131<\/li>\n                      <li>7\/24 Kesintisiz Destek<\/li>\n                    <\/ul>\n                  <\/div>\n                <\/div>\n                <div data-colibri-id=\"264-c153\" class=\"h-global-transition-all h-heading style-1069 style-local-264-c153 position-relative h-element\">\n                  <!---->\n                  <div class=\"h-heading__outer style-1069 style-local-264-c153\">\n                    <!---->\n                    <!---->\n                    <h2 class=\"\">Neden SistemX?<\/h2>\n                  <\/div>\n                <\/div>\n                <div data-colibri-id=\"264-c154\" class=\"h-text h-text-component style-1070 style-local-264-c154 position-relative h-element\">\n                  <!---->\n                  <!---->\n                  <div class=\"\">\n                    <p>\ud83d\udd27 <strong>U\u00e7tan Uca Hizmet<\/strong>: \u0130zleme, destek, bak\u0131m ve i\u015fletimi kapsayan tam \u00e7\u00f6z\u00fcm yakla\u015f\u0131m\u0131<\/p>\n                    <p>\u23f1 <strong>SLA Tabanl\u0131 Hizmet Garantisi<\/strong>: Belirlenmi\u015f hizmet seviyesi taahh\u00fctleriyle g\u00fcvence<\/p>\n                    <p>\ud83d\udc68\u200d\ud83d\udcbc <strong>Uzman Ekip<\/strong>: Alan\u0131nda sertifikal\u0131 m\u00fchendislerden olu\u015fan g\u00fc\u00e7l\u00fc teknik kadro<\/p>\n                    <p>\ud83d\udcc8 <strong>Veriye Dayal\u0131 Kararlar<\/strong>: Sistem raporlamalar\u0131 ve performans analizleriyle iyile\u015ftirme \u00f6nerileri<\/p>\n                    <p>\u2601\ufe0f <strong>\u00dcretici Ba\u011f\u0131ms\u0131zl\u0131\u011f\u0131<\/strong>: Dell, VMware, Veeam, Microsoft ve di\u011fer \u00f6nde gelen \u00fcreticilerle entegrasyon yetkinli\u011fi<\/p>\n                  <\/div>\n                <\/div>\n                <div data-colibri-id=\"264-c155\" class=\"h-global-transition-all h-heading style-1071 style-local-264-c155 position-relative h-element\">\n                  <!---->\n                  <div class=\"h-heading__outer style-1071 style-local-264-c155\">\n                    <!---->\n                    <!---->\n                    <h2 class=\"\">Siz sadece i\u015finize odaklan\u0131n.<\/h2>\n                  <\/div>\n                <\/div>\n                <div data-colibri-id=\"264-c156\" class=\"h-text h-text-component style-1072 style-local-264-c156 position-relative h-element\">\n                  <!---->\n                  <!---->\n                  <div class=\"\">\n                    <p><strong>Altyap\u0131n\u0131z\u0131 biz izleyelim, koruyal\u0131m, y\u00f6neltelim ve i\u015fletelim.<\/strong>\n                      <br> \ud83d\udc49 Detayl\u0131 bilgi i\u00e7in bizimle ileti\u015fime ge\u00e7in. satis@sistemx.com.tr<\/p>\n                  <\/div>\n                <\/div>\n              <\/div>\n            <\/div>\n          <\/div>\n        <\/div>\n      <\/div>\n    <\/div>\n  <\/div>\n<\/div>","protected":false},"excerpt":{"rendered":"<p>Y\u00f6netilen Hizmetler \u0130\u015finizin s\u00fcreklili\u011fi ve BT altyap\u0131n\u0131z\u0131n sa\u011fl\u0131\u011f\u0131 i\u00e7in, uzmanl\u0131\u011f\u0131m\u0131z\u0131 hizmetinize sunuyoruz. SistemX Y\u00f6netilen Hizmetler \u00e7\u00f6z\u00fcmleri; izleme, destek, bak\u0131m ve i\u015fletim alanlar\u0131nda u\u00e7tan uca kapsam sa\u011flar. \u0130\u015fletmenizin ihtiyac\u0131na \u00f6zel \u00f6l\u00e7eklenebilir yap\u0131s\u0131yla, operasyonel y\u00fck\u00fcn\u00fcz\u00fc azalt\u0131r, maliyetlerinizi optimize eder, sistem s\u00fcreklili\u011finizi garanti alt\u0131na al\u0131r. Hizmet Paketlerimiz \ud83d\udd0d \u0130zleme Hizmeti SistemX\u2019in izleme paketiyle BT altyap\u0131n\u0131z\u0131 s\u00fcrekli g\u00f6zlem alt\u0131nda [&hellip;]<\/p>\n","protected":false},"author":1,"featured_media":0,"parent":0,"menu_order":0,"comment_status":"closed","ping_status":"closed","template":"page-templates\/full-width-page.php","meta":{"saved_in_kubio":false,"footnotes":""},"class_list":["post-264","page","type-page","status-publish","hentry"],"kubio_ai_page_context":{"short_desc":"","purpose":"general"},"_links":{"self":[{"href":"https:\/\/sistemx.com.tr\/index.php?rest_route=\/wp\/v2\/pages\/264","targetHints":{"allow":["GET"]}}],"collection":[{"href":"https:\/\/sistemx.com.tr\/index.php?rest_route=\/wp\/v2\/pages"}],"about":[{"href":"https:\/\/sistemx.com.tr\/index.php?rest_route=\/wp\/v2\/types\/page"}],"author":[{"embeddable":true,"href":"https:\/\/sistemx.com.tr\/index.php?rest_route=\/wp\/v2\/users\/1"}],"replies":[{"embeddable":true,"href":"https:\/\/sistemx.com.tr\/index.php?rest_route=%2Fwp%2Fv2%2Fcomments&post=264"}],"version-history":[{"count":20,"href":"https:\/\/sistemx.com.tr\/index.php?rest_route=\/wp\/v2\/pages\/264\/revisions"}],"predecessor-version":[{"id":2540,"href":"https:\/\/sistemx.com.tr\/index.php?rest_route=\/wp\/v2\/pages\/264\/revisions\/2540"}],"wp:attachment":[{"href":"https:\/\/sistemx.com.tr\/index.php?rest_route=%2Fwp%2Fv2%2Fmedia&parent=264"}],"curies":[{"name":"wp","href":"https:\/\/api.w.org\/{rel}","templated":true}]}}