{"id":263,"date":"2025-06-03T04:42:58","date_gmt":"2025-06-03T04:42:58","guid":{"rendered":"https:\/\/sistemx.com.tr\/?page_id=263"},"modified":"2025-06-30T11:35:24","modified_gmt":"2025-06-30T11:35:24","slug":"profesyonel-hizmetler","status":"publish","type":"page","link":"https:\/\/sistemx.com.tr\/?page_id=263","title":{"rendered":"Profesyonel Hizmetler"},"content":{"rendered":"<div data-colibri-id=\"263-c335\" class=\"style-829 style-local-263-c335 position-relative\">\n  <!---->\n  <div data-colibri-component=\"section\" data-colibri-id=\"263-c336\" id=\"custom\" class=\"h-section h-section-global-spacing d-flex align-items-lg-center align-items-md-center align-items-center style-830 style-local-263-c336 position-relative\">\n    <!---->\n    <!---->\n    <div class=\"h-section-grid-container h-section-boxed-container\">\n      <!---->\n      <div data-colibri-id=\"263-c337\" class=\"h-row-container gutters-row-lg-2 gutters-row-md-2 gutters-row-0 gutters-row-v-lg-2 gutters-row-v-md-2 gutters-row-v-2 style-831 style-local-263-c337 position-relative\">\n        <!---->\n        <div class=\"h-row justify-content-lg-center justify-content-md-center justify-content-center align-items-lg-stretch align-items-md-stretch align-items-stretch gutters-col-lg-2 gutters-col-md-2 gutters-col-0 gutters-col-v-lg-2 gutters-col-v-md-2 gutters-col-v-2\">\n          <!---->\n          <div class=\"h-column h-column-container d-flex h-col-lg-auto h-col-md-auto h-col-auto style-832-outer style-local-263-c338-outer\">\n            <div data-colibri-id=\"263-c338\" class=\"d-flex h-flex-basis h-column__inner h-px-lg-2 h-px-md-2 h-px-2 v-inner-lg-2 v-inner-md-2 v-inner-2 style-832 style-local-263-c338 position-relative\">\n              <!---->\n              <!---->\n              <div class=\"w-100 h-y-container h-column__content h-column__v-align flex-basis-100 align-self-lg-start align-self-md-start align-self-start\">\n                <!---->\n                <div data-colibri-id=\"263-c339\" class=\"h-global-transition-all h-heading style-833 style-local-263-c339 position-relative h-element\">\n                  <!---->\n                  <div class=\"h-heading__outer style-833 style-local-263-c339\">\n                    <!---->\n                    <!---->\n                    <h2 class=\"\">Profesyonel Hizmetler<\/h2>\n                  <\/div>\n                <\/div>\n              <\/div>\n            <\/div>\n          <\/div>\n        <\/div>\n      <\/div>\n      <div data-colibri-id=\"263-c340\" class=\"h-row-container gutters-row-lg-2 gutters-row-md-2 gutters-row-0 gutters-row-v-lg-2 gutters-row-v-md-2 gutters-row-v-2 style-1027 style-local-263-c340 position-relative\">\n        <!---->\n        <div class=\"h-row justify-content-lg-center justify-content-md-center justify-content-center align-items-lg-stretch align-items-md-stretch align-items-stretch gutters-col-lg-2 gutters-col-md-2 gutters-col-0 gutters-col-v-lg-2 gutters-col-v-md-2 gutters-col-v-2\">\n          <!---->\n          <div class=\"h-column h-column-container d-flex h-col-lg-auto h-col-md-auto h-col-auto style-1028-outer style-local-263-c341-outer\">\n            <div data-colibri-id=\"263-c341\" class=\"d-flex h-flex-basis h-column__inner h-px-lg-2 h-px-md-2 h-px-2 v-inner-lg-2 v-inner-md-2 v-inner-2 style-1028 style-local-263-c341 position-relative\">\n              <!---->\n              <!---->\n              <div class=\"w-100 h-y-container h-column__content h-column__v-align flex-basis-100 align-self-lg-start align-self-md-start align-self-start\">\n                <!---->\n                <div data-colibri-id=\"263-c342\" class=\"h-text h-text-component style-1029 style-local-263-c342 position-relative h-element\">\n                  <!---->\n                  <!---->\n                  <div class=\"\">\n                    <p>SistemX olarak, bilgi teknolojileri alan\u0131ndaki uzmanl\u0131\u011f\u0131m\u0131z\u0131; kurumlar\u0131n altyap\u0131lar\u0131n\u0131 daha g\u00fc\u00e7l\u00fc, g\u00fcvenli ve s\u00fcrd\u00fcr\u00fclebilir hale getirmek i\u00e7in profesyonel hizmetlere d\u00f6n\u00fc\u015ft\u00fcr\u00fcyoruz. Donan\u0131m, yaz\u0131l\u0131m ve altyap\u0131 kurulumlar\u0131ndan operasyonel\n                      deste\u011fe kadar u\u00e7tan uca hizmet sunarak, BT yat\u0131r\u0131mlar\u0131n\u0131z\u0131n maksimum performansla \u00e7al\u0131\u015fmas\u0131n\u0131 sa\u011fl\u0131yoruz.<\/p>\n                  <\/div>\n                <\/div>\n              <\/div>\n            <\/div>\n          <\/div>\n        <\/div>\n      <\/div>\n      <div data-colibri-id=\"263-c343\" class=\"h-row-container gutters-row-lg-2 gutters-row-md-2 gutters-row-0 gutters-row-v-lg-2 gutters-row-v-md-2 gutters-row-v-2 style-1030 style-local-263-c343 position-relative\">\n        <!---->\n        <div class=\"h-row justify-content-lg-center justify-content-md-center justify-content-center align-items-lg-stretch align-items-md-stretch align-items-stretch gutters-col-lg-2 gutters-col-md-2 gutters-col-0 gutters-col-v-lg-2 gutters-col-v-md-2 gutters-col-v-2\">\n          <!---->\n          <div class=\"h-column h-column-container d-flex h-col-lg-auto h-col-md-auto h-col-auto style-1031-outer style-local-263-c344-outer\">\n            <div data-colibri-id=\"263-c344\" class=\"d-flex h-flex-basis h-column__inner h-px-lg-2 h-px-md-2 h-px-2 v-inner-lg-2 v-inner-md-2 v-inner-2 style-1031 style-local-263-c344 position-relative\">\n              <!---->\n              <!---->\n              <div class=\"w-100 h-y-container h-column__content h-column__v-align flex-basis-100 align-self-lg-start align-self-md-start align-self-start\">\n                <!---->\n                <div data-colibri-id=\"263-c345\" class=\"h-global-transition-all h-heading style-1032 style-local-263-c345 position-relative h-element\">\n                  <!---->\n                  <div class=\"h-heading__outer style-1032 style-local-263-c345\">\n                    <!---->\n                    <!---->\n                    <h2 class=\"\">Hizmet Ba\u015fl\u0131klar\u0131m\u0131z<\/h2>\n                  <\/div>\n                <\/div>\n              <\/div>\n            <\/div>\n          <\/div>\n        <\/div>\n      <\/div>\n      <div data-colibri-id=\"263-c346\" class=\"h-row-container gutters-row-lg-2 gutters-row-md-2 gutters-row-0 gutters-row-v-lg-2 gutters-row-v-md-2 gutters-row-v-2 style-1033 style-local-263-c346 position-relative\">\n        <!---->\n        <div class=\"h-row justify-content-lg-center justify-content-md-center justify-content-center align-items-lg-stretch align-items-md-stretch align-items-stretch gutters-col-lg-2 gutters-col-md-2 gutters-col-0 gutters-col-v-lg-2 gutters-col-v-md-2 gutters-col-v-2\">\n          <!---->\n          <div class=\"h-column h-column-container d-flex h-col-lg-auto h-col-md-auto h-col-auto style-1034-outer style-local-263-c347-outer\">\n            <div data-colibri-id=\"263-c347\" class=\"d-flex h-flex-basis h-column__inner h-px-lg-2 h-px-md-2 h-px-2 v-inner-lg-2 v-inner-md-2 v-inner-2 style-1034 style-local-263-c347 position-relative\">\n              <!---->\n              <!---->\n              <div class=\"w-100 h-y-container h-column__content h-column__v-align flex-basis-100 align-self-lg-start align-self-md-start align-self-start\">\n                <!---->\n                <div data-colibri-id=\"263-c348\" class=\"h-text h-text-component style-1035 style-local-263-c348 position-relative h-element\">\n                  <!---->\n                  <!---->\n                  <div class=\"\">\n                    <p><strong>Kurulum ve Konfig\u00fcrasyon Hizmetleri<\/strong>\n                      <br> Sunucu, veri depolama, a\u011f cihazlar\u0131 ve g\u00fcvenlik sistemlerinin \u00fcretici standartlar\u0131na uygun kurulumu ve yap\u0131land\u0131r\u0131lmas\u0131<\/p>\n                    <p><strong>Sistem ve Altyap\u0131 Ge\u00e7i\u015fleri<\/strong>\n                      <br> Mevcut sistemlerin sorunsuz \u015fekilde yeni platformlara ta\u015f\u0131nmas\u0131, y\u00fckseltilmesi ve modernizasyon s\u00fcre\u00e7lerinin y\u00f6netimi<\/p>\n                    <p><strong>Entegrasyon Hizmetleri<\/strong>\n                      <br> Farkl\u0131 sistemlerin birbiriyle uyumlu hale getirilmesi, yaz\u0131l\u0131m ve donan\u0131m \u00e7\u00f6z\u00fcmlerinin senkron \u00e7al\u0131\u015facak \u015fekilde birle\u015ftirilmesi<\/p>\n                    <p><strong>Yedekleme ve Felaket Kurtarma<\/strong>\n                      <br> \u0130\u015f s\u00fcreklili\u011fini sa\u011flayan yedekleme stratejilerinin kurulumu ve felaket an\u0131nda veri geri y\u00fckleme planlar\u0131n\u0131n devreye al\u0131nmas\u0131<\/p>\n                    <p><strong>Performans ve Sa\u011fl\u0131k Kontrolleri<\/strong>\n                      <br> BT altyap\u0131n\u0131z\u0131n performans, g\u00fcvenlik ve \u00f6l\u00e7eklenebilirlik a\u00e7\u0131s\u0131ndan de\u011ferlendirilmesi, ihtiya\u00e7lara \u00f6zel iyile\u015ftirme \u00f6nerileri<\/p>\n                    <p><strong>Ge\u00e7ici Kaynak ve D\u0131\u015f Kaynak Hizmetleri<\/strong>\n                      <br> Projelerinizde k\u0131sa ya da uzun d\u00f6nem teknik uzman deste\u011fi sa\u011flanmas\u0131<\/p>\n                  <\/div>\n                <\/div>\n              <\/div>\n            <\/div>\n          <\/div>\n          <div class=\"h-column h-column-container d-flex h-col-lg-auto h-col-md-auto h-col-auto style-1042-outer style-local-263-c355-outer\">\n            <div data-colibri-id=\"263-c355\" class=\"d-flex h-flex-basis h-column__inner h-px-lg-2 h-px-md-2 h-px-2 v-inner-lg-2 v-inner-md-2 v-inner-2 style-1042 style-local-263-c355 position-relative\">\n              <!---->\n              <!---->\n              <div class=\"w-100 h-y-container h-column__content h-column__v-align flex-basis-100 align-self-lg-start align-self-md-start align-self-start\">\n                <!---->\n                <div data-colibri-id=\"263-c362\" class=\"d-block style-1048 style-local-263-c362 position-relative h-element\">\n                  <!---->\n                  <div class=\"h-image__frame-container-outer\">\n                    <div class=\"h-image__frame-container\">\n                      <!---->\n                      <!---->\n                      <img loading=\"lazy\" decoding=\"async\" width=\"1704\" height=\"2371\" src=\"https:\/\/sistemx.com.tr\/wp-content\/uploads\/2025\/06\/cropped-pexels-cottonbro-6804586-scaled-1.jpg\" class=\"wp-image-2343 style-1048-image style-local-263-c362-image\" alt=\"\" srcset=\"https:\/\/sistemx.com.tr\/wp-content\/uploads\/2025\/06\/cropped-pexels-cottonbro-6804586-scaled-1.jpg 1704w, https:\/\/sistemx.com.tr\/wp-content\/uploads\/2025\/06\/cropped-pexels-cottonbro-6804586-scaled-1-216x300.jpg 216w, https:\/\/sistemx.com.tr\/wp-content\/uploads\/2025\/06\/cropped-pexels-cottonbro-6804586-scaled-1-736x1024.jpg 736w, https:\/\/sistemx.com.tr\/wp-content\/uploads\/2025\/06\/cropped-pexels-cottonbro-6804586-scaled-1-768x1069.jpg 768w, https:\/\/sistemx.com.tr\/wp-content\/uploads\/2025\/06\/cropped-pexels-cottonbro-6804586-scaled-1-1104x1536.jpg 1104w, https:\/\/sistemx.com.tr\/wp-content\/uploads\/2025\/06\/cropped-pexels-cottonbro-6804586-scaled-1-1472x2048.jpg 1472w, https:\/\/sistemx.com.tr\/wp-content\/uploads\/2025\/06\/cropped-pexels-cottonbro-6804586-scaled-1-776x1080.jpg 776w\" sizes=\"(max-width: 1704px) 100vw, 1704px\" \/>\n                      <div class=\"h-image__frame h-hide-lg h-hide-md h-hide-sm style-1048-frameImage style-local-263-c362-frameImage\"><\/div>\n                    <\/div>\n                  <\/div>\n                <\/div>\n              <\/div>\n            <\/div>\n          <\/div>\n        <\/div>\n      <\/div>\n    <\/div>\n  <\/div>\n  <div data-colibri-component=\"section\" data-colibri-id=\"263-c356\" id=\"custom-2\" class=\"h-section h-section-global-spacing d-flex align-items-lg-center align-items-md-center align-items-center style-1043 style-local-263-c356 position-relative\">\n    <!---->\n    <!---->\n    <div class=\"h-section-grid-container h-section-boxed-container\">\n      <!---->\n      <div data-colibri-id=\"263-c357\" class=\"h-row-container gutters-row-lg-2 gutters-row-md-2 gutters-row-0 gutters-row-v-lg-2 gutters-row-v-md-2 gutters-row-v-2 style-1044 style-local-263-c357 position-relative\">\n        <!---->\n        <div class=\"h-row justify-content-lg-center justify-content-md-center justify-content-center align-items-lg-stretch align-items-md-stretch align-items-stretch gutters-col-lg-2 gutters-col-md-2 gutters-col-0 gutters-col-v-lg-2 gutters-col-v-md-2 gutters-col-v-2\">\n          <!---->\n          <div class=\"h-column h-column-container d-flex h-col-lg-auto h-col-md-auto h-col-auto style-1045-outer style-local-263-c358-outer\">\n            <div data-colibri-id=\"263-c358\" class=\"d-flex h-flex-basis h-column__inner h-px-lg-2 h-px-md-2 h-px-2 v-inner-lg-2 v-inner-md-2 v-inner-2 style-1045 style-local-263-c358 position-relative\">\n              <!---->\n              <!---->\n              <div class=\"w-100 h-y-container h-column__content h-column__v-align flex-basis-100 align-self-lg-start align-self-md-start align-self-start\">\n                <!---->\n                <div data-colibri-id=\"263-c349\" class=\"h-global-transition-all h-heading style-1036 style-local-263-c349 position-relative h-element\">\n                  <!---->\n                  <div class=\"h-heading__outer style-1036 style-local-263-c349\">\n                    <!---->\n                    <!---->\n                    <h2 class=\"\">Neden SistemX?<\/h2>\n                  <\/div>\n                <\/div>\n                <div data-colibri-id=\"263-c350\" class=\"h-text h-text-component style-1037 style-local-263-c350 position-relative h-element\">\n                  <!---->\n                  <!---->\n                  <div class=\"\">\n                    <p>Her biri alan\u0131nda uzman, sertifikal\u0131 m\u00fchendislerden olu\u015fan teknik ekibimizle, sadece \u00fcr\u00fcn de\u011fil; planlama, uygulama ve s\u00fcrd\u00fcr\u00fclebilir destek s\u00fcre\u00e7lerinde de yan\u0131n\u0131zday\u0131z. T\u00fcrkiye genelinde, farkl\u0131 sekt\u00f6rlerde edindi\u011fimiz saha tecr\u00fcbemizle,\n                      i\u015finize \u00f6zel ve sonu\u00e7 odakl\u0131 \u00e7\u00f6z\u00fcmler \u00fcretiyoruz.<\/p>\n                  <\/div>\n                <\/div>\n              <\/div>\n            <\/div>\n          <\/div>\n        <\/div>\n      <\/div>\n      <div data-colibri-id=\"263-c359\" class=\"h-row-container gutters-row-lg-2 gutters-row-md-2 gutters-row-0 gutters-row-v-lg-2 gutters-row-v-md-2 gutters-row-v-2 style-1046 style-local-263-c359 position-relative\">\n        <!---->\n        <div class=\"h-row justify-content-lg-center justify-content-md-center justify-content-center align-items-lg-stretch align-items-md-stretch align-items-stretch gutters-col-lg-2 gutters-col-md-2 gutters-col-0 gutters-col-v-lg-2 gutters-col-v-md-2 gutters-col-v-2\">\n          <!---->\n          <div class=\"h-column h-column-container d-flex h-col-lg-auto h-col-md-auto h-col-auto style-1047-outer style-local-263-c360-outer\">\n            <div data-colibri-id=\"263-c360\" class=\"d-flex h-flex-basis h-column__inner h-px-lg-2 h-px-md-2 h-px-2 v-inner-lg-2 v-inner-md-2 v-inner-2 style-1047 style-local-263-c360 position-relative\">\n              <!---->\n              <!---->\n              <div class=\"w-100 h-y-container h-column__content h-column__v-align flex-basis-100 align-self-lg-start align-self-md-start align-self-start\">\n                <!---->\n                <div data-colibri-id=\"263-c361\" class=\"h-global-transition-all h-heading style-1038 style-local-263-c361 position-relative h-element\">\n                  <!---->\n                  <div class=\"h-heading__outer style-1038 style-local-263-c361\">\n                    <!---->\n                    <!---->\n                    <h2 class=\"\">Profesyonel Hizmet Talebi \u0130\u00e7in<\/h2>\n                  <\/div>\n                <\/div>\n                <div data-colibri-id=\"263-c352\" class=\"h-text h-text-component style-1039 style-local-263-c352 position-relative h-element\">\n                  <!---->\n                  <!---->\n                  <div class=\"\">\n                    <p>Detayl\u0131 bilgi almak, ihtiya\u00e7lar\u0131n\u0131za \u00f6zel \u00e7\u00f6z\u00fcmlerimizi de\u011ferlendirmek veya profesyonel hizmet talebinde bulunmak i\u00e7in bizimle ileti\u015fime ge\u00e7ebilirsiniz.\n                      <br> \ud83d\udce7 <strong rel=\"noopener\">satis@sistemx.com.tr<\/strong>\n                      <br> Uzman ekibimiz, en k\u0131sa s\u00fcrede size geri d\u00f6n\u00fc\u015f sa\u011flayarak s\u00fcre\u00e7 boyunca yan\u0131n\u0131zda olacakt\u0131r.<\/p>\n                  <\/div>\n                <\/div>\n              <\/div>\n            <\/div>\n          <\/div>\n        <\/div>\n      <\/div>\n    <\/div>\n  <\/div>\n<\/div>","protected":false},"excerpt":{"rendered":"<p>Profesyonel Hizmetler SistemX olarak, bilgi teknolojileri alan\u0131ndaki uzmanl\u0131\u011f\u0131m\u0131z\u0131; kurumlar\u0131n altyap\u0131lar\u0131n\u0131 daha g\u00fc\u00e7l\u00fc, g\u00fcvenli ve s\u00fcrd\u00fcr\u00fclebilir hale getirmek i\u00e7in profesyonel hizmetlere d\u00f6n\u00fc\u015ft\u00fcr\u00fcyoruz. Donan\u0131m, yaz\u0131l\u0131m ve altyap\u0131 kurulumlar\u0131ndan operasyonel deste\u011fe kadar u\u00e7tan uca hizmet sunarak, BT yat\u0131r\u0131mlar\u0131n\u0131z\u0131n maksimum performansla \u00e7al\u0131\u015fmas\u0131n\u0131 sa\u011fl\u0131yoruz. Hizmet Ba\u015fl\u0131klar\u0131m\u0131z Kurulum ve Konfig\u00fcrasyon Hizmetleri Sunucu, veri depolama, a\u011f cihazlar\u0131 ve g\u00fcvenlik sistemlerinin \u00fcretici standartlar\u0131na [&hellip;]<\/p>\n","protected":false},"author":1,"featured_media":0,"parent":0,"menu_order":0,"comment_status":"closed","ping_status":"closed","template":"page-templates\/full-width-page.php","meta":{"saved_in_kubio":false,"footnotes":""},"class_list":["post-263","page","type-page","status-publish","hentry"],"kubio_ai_page_context":{"short_desc":"","purpose":"general"},"_links":{"self":[{"href":"https:\/\/sistemx.com.tr\/index.php?rest_route=\/wp\/v2\/pages\/263","targetHints":{"allow":["GET"]}}],"collection":[{"href":"https:\/\/sistemx.com.tr\/index.php?rest_route=\/wp\/v2\/pages"}],"about":[{"href":"https:\/\/sistemx.com.tr\/index.php?rest_route=\/wp\/v2\/types\/page"}],"author":[{"embeddable":true,"href":"https:\/\/sistemx.com.tr\/index.php?rest_route=\/wp\/v2\/users\/1"}],"replies":[{"embeddable":true,"href":"https:\/\/sistemx.com.tr\/index.php?rest_route=%2Fwp%2Fv2%2Fcomments&post=263"}],"version-history":[{"count":20,"href":"https:\/\/sistemx.com.tr\/index.php?rest_route=\/wp\/v2\/pages\/263\/revisions"}],"predecessor-version":[{"id":2376,"href":"https:\/\/sistemx.com.tr\/index.php?rest_route=\/wp\/v2\/pages\/263\/revisions\/2376"}],"wp:attachment":[{"href":"https:\/\/sistemx.com.tr\/index.php?rest_route=%2Fwp%2Fv2%2Fmedia&parent=263"}],"curies":[{"name":"wp","href":"https:\/\/api.w.org\/{rel}","templated":true}]}}