{"id":260,"date":"2025-06-03T04:42:58","date_gmt":"2025-06-03T04:42:58","guid":{"rendered":"https:\/\/sistemx.com.tr\/?page_id=260"},"modified":"2025-06-30T11:35:24","modified_gmt":"2025-06-30T11:35:24","slug":"urun-tedarik-hizmetleri","status":"publish","type":"page","link":"https:\/\/sistemx.com.tr\/?page_id=260","title":{"rendered":"\u00dcr\u00fcn Tedarik Hizmetleri"},"content":{"rendered":"<div data-colibri-id=\"260-c226\" class=\"style-815 style-local-260-c226 position-relative\">\n  <!---->\n  <div data-colibri-component=\"section\" data-colibri-id=\"260-c227\" id=\"about\" class=\"h-section h-section-global-spacing d-flex align-items-lg-center align-items-md-center align-items-center style-947 style-local-260-c227 position-relative\">\n    <!---->\n    <!---->\n    <div class=\"h-section-grid-container h-section-boxed-container\">\n      <!---->\n      <div data-colibri-id=\"260-c228\" class=\"h-row-container gutters-row-lg-2 gutters-row-md-2 gutters-row-2 gutters-row-v-lg-2 gutters-row-v-md-2 gutters-row-v-2 style-948 style-local-260-c228 position-relative\">\n        <!---->\n        <div class=\"h-row justify-content-lg-center justify-content-md-center justify-content-center align-items-lg-stretch align-items-md-stretch align-items-stretch gutters-col-lg-2 gutters-col-md-2 gutters-col-2 gutters-col-v-lg-2 gutters-col-v-md-2 gutters-col-v-2\">\n          <!---->\n          <div class=\"h-column h-column-container d-flex h-col-lg-auto h-col-md-auto h-col-auto style-949-outer style-local-260-c229-outer\">\n            <div data-colibri-id=\"260-c229\" class=\"d-flex h-flex-basis h-column__inner h-px-lg-2 h-px-md-2 h-px-2 v-inner-lg-2 v-inner-md-2 v-inner-2 style-949 style-local-260-c229 position-relative\">\n              <!---->\n              <!---->\n              <div class=\"w-100 h-y-container h-column__content h-column__v-align flex-basis-100 align-self-lg-center align-self-md-center align-self-center\">\n                <!---->\n                <div data-colibri-id=\"260-c230\" class=\"h-global-transition-all h-heading style-950 style-local-260-c230 position-relative h-element\">\n                  <!---->\n                  <div class=\"h-heading__outer style-950 style-local-260-c230\">\n                    <!---->\n                    <!---->\n                    <h5 class=\"\">TEDAR\u0130K H\u0130ZMETLER\u0130<\/h5>\n                  <\/div>\n                <\/div>\n                <div data-colibri-id=\"260-c231\" class=\"h-global-transition-all h-heading style-951 style-local-260-c231 position-relative h-element\">\n                  <!---->\n                  <div class=\"h-heading__outer style-951 style-local-260-c231\">\n                    <!---->\n                    <!---->\n                    <h2 class=\"\">Sekt\u00f6r lideri&nbsp;<em style=\"font-family: &quot;Playfair Display&quot;; color: rgb(3, 169, 244);\">global<\/em> firmalar\u0131n&nbsp;<em style=\"font-family: &quot;Playfair Display&quot;; color: rgb(3, 169, 244);\">i\u015f orta\u011f\u0131<\/em>&nbsp;olarak\n                      \u00fcr\u00fcn tedarik hizmeti sa\u011fl\u0131yoruz.<\/h2>\n                  <\/div>\n                <\/div>\n                <div data-colibri-id=\"260-c232\" class=\"h-lead h-text h-text-component style-952 style-local-260-c232 position-relative h-element\">\n                  <!---->\n                  <!---->\n                  <div class=\"\">\n                    <p>Geni\u015f \u00fcr\u00fcn yelpazemiz ve g\u00fc\u00e7l\u00fc tedarik a\u011f\u0131m\u0131zla, m\u00fc\u015fterilerimize en uygun \u00e7\u00f6z\u00fcmleri h\u0131zl\u0131 ve g\u00fcvenilir \u015fekilde sunuyoruz.<\/p>\n                  <\/div>\n                <\/div>\n                <div data-colibri-id=\"260-c233\" class=\"h-x-container style-953 style-local-260-c233 position-relative h-element\">\n                  <!---->\n                  <div class=\"h-x-container-inner style-dynamic-260-c233-group style-953-spacing style-local-260-c233-spacing\"><span class=\"h-button__outer style-954-outer style-local-260-c234-outer d-inline-flex h-element\"><a h-use-smooth-scroll=\"true\" href=\"mailto:satis@sistemx.com.tr\"  data-colibri-id=\"260-c234\" class=\"d-flex w-100 align-items-center h-button justify-content-lg-center justify-content-md-center justify-content-center style-954 style-local-260-c234 position-relative\"><!----><!----> <span>Teklif \u0130ste<\/span><\/a>\n                    <\/span>\n                  <\/div>\n                <\/div>\n              <\/div>\n            <\/div>\n          <\/div>\n          <div class=\"h-column h-column-container d-flex h-col-lg-auto h-col-md-auto h-col-auto style-955-outer style-local-260-c235-outer\">\n            <div data-colibri-id=\"260-c235\" class=\"d-flex h-flex-basis h-column__inner h-px-lg-2 h-px-md-2 h-px-2 v-inner-lg-2 v-inner-md-2 v-inner-2 style-955 style-local-260-c235 position-relative\">\n              <!---->\n              <!---->\n              <div class=\"w-100 h-y-container h-column__content h-column__v-align flex-basis-100 align-self-lg-center align-self-md-center align-self-center\">\n                <!---->\n                <div data-colibri-id=\"260-c236\" class=\"d-block style-956 style-local-260-c236 position-relative h-element\">\n                  <!---->\n                  <div class=\"h-image__frame-container-outer\">\n                    <div class=\"h-image__frame-container\">\n                      <!---->\n                      <!---->\n                      <img loading=\"lazy\" decoding=\"async\" width=\"1044\" height=\"693\" src=\"https:\/\/sistemx.com.tr\/wp-content\/uploads\/2025\/06\/Ekran-goruntusu-2025-06-30-133955.png\" class=\"wp-image-2094 style-956-image style-local-260-c236-image\" alt=\"\" srcset=\"https:\/\/sistemx.com.tr\/wp-content\/uploads\/2025\/06\/Ekran-goruntusu-2025-06-30-133955.png 1044w, https:\/\/sistemx.com.tr\/wp-content\/uploads\/2025\/06\/Ekran-goruntusu-2025-06-30-133955-300x199.png 300w, https:\/\/sistemx.com.tr\/wp-content\/uploads\/2025\/06\/Ekran-goruntusu-2025-06-30-133955-1024x680.png 1024w, https:\/\/sistemx.com.tr\/wp-content\/uploads\/2025\/06\/Ekran-goruntusu-2025-06-30-133955-768x510.png 768w\" sizes=\"(max-width: 1044px) 100vw, 1044px\" \/>\n                      <div class=\"h-image__frame h-hide-sm style-956-frameImage style-local-260-c236-frameImage\"><\/div>\n                    <\/div>\n                  <\/div>\n                <\/div>\n              <\/div>\n            <\/div>\n          <\/div>\n        <\/div>\n      <\/div>\n    <\/div>\n  <\/div>\n  <div data-colibri-component=\"section\" data-colibri-id=\"260-c237\" id=\"custom\" class=\"h-section h-section-global-spacing d-flex align-items-lg-center align-items-md-center align-items-center style-957 style-local-260-c237 position-relative\">\n    <!---->\n    <!---->\n    <div class=\"h-section-grid-container h-section-boxed-container\">\n      <!---->\n      <div data-colibri-id=\"260-c238\" class=\"h-row-container gutters-row-lg-2 gutters-row-md-2 gutters-row-0 gutters-row-v-lg-2 gutters-row-v-md-2 gutters-row-v-2 style-958 style-local-260-c238 position-relative\">\n        <!---->\n        <div class=\"h-row justify-content-lg-center justify-content-md-center justify-content-center align-items-lg-stretch align-items-md-stretch align-items-stretch gutters-col-lg-2 gutters-col-md-2 gutters-col-0 gutters-col-v-lg-2 gutters-col-v-md-2 gutters-col-v-2\">\n          <!---->\n          <div class=\"h-column h-column-container d-flex h-col-lg-auto h-col-md-auto h-col-auto style-959-outer style-local-260-c239-outer\">\n            <div data-colibri-id=\"260-c239\" class=\"d-flex h-flex-basis h-column__inner h-px-lg-2 h-px-md-2 h-px-2 v-inner-lg-2 v-inner-md-2 v-inner-2 style-959 style-local-260-c239 position-relative\">\n              <!---->\n              <!---->\n              <div class=\"w-100 h-y-container h-column__content h-column__v-align flex-basis-100 align-self-lg-start align-self-md-start align-self-start\">\n                <!---->\n                <div data-colibri-id=\"260-c240\" class=\"h-global-transition-all h-heading style-960 style-local-260-c240 position-relative h-element\">\n                  <!---->\n                  <div class=\"h-heading__outer style-960 style-local-260-c240\">\n                    <!---->\n                    <!---->\n                    <h2 class=\"\">Tedarik Hizmetleri<\/h2>\n                  <\/div>\n                <\/div>\n              <\/div>\n            <\/div>\n          <\/div>\n        <\/div>\n      <\/div>\n      <div data-colibri-id=\"260-c241\" class=\"h-row-container gutters-row-lg-2 gutters-row-md-2 gutters-row-0 gutters-row-v-lg-2 gutters-row-v-md-2 gutters-row-v-2 style-961 style-local-260-c241 position-relative\">\n        <!---->\n        <div class=\"h-row justify-content-lg-center justify-content-md-center justify-content-center align-items-lg-stretch align-items-md-stretch align-items-stretch gutters-col-lg-2 gutters-col-md-2 gutters-col-0 gutters-col-v-lg-2 gutters-col-v-md-2 gutters-col-v-2\">\n          <!---->\n          <div class=\"h-column h-column-container d-flex h-col-lg-auto h-col-md-auto h-col-auto style-962-outer style-local-260-c242-outer\">\n            <div data-colibri-id=\"260-c242\" class=\"d-flex h-flex-basis h-column__inner h-px-lg-2 h-px-md-2 h-px-2 v-inner-lg-2 v-inner-md-2 v-inner-2 style-962 style-local-260-c242 position-relative\">\n              <!---->\n              <!---->\n              <div class=\"w-100 h-y-container h-column__content h-column__v-align flex-basis-100 align-self-lg-start align-self-md-start align-self-start\">\n                <!---->\n                <div data-colibri-id=\"260-c243\" class=\"h-text h-text-component style-963 style-local-260-c243 position-relative h-element\">\n                  <!---->\n                  <!---->\n                  <div class=\"\">\n                    <p>SistemX Bilgi Teknolojileri olarak, teknoloji ihtiya\u00e7lar\u0131n\u0131za u\u00e7tan uca \u00e7\u00f6z\u00fcmler sunuyoruz. \u00d6nde gelen global \u00fcreticilerle olan g\u00fc\u00e7l\u00fc i\u015f ortakl\u0131klar\u0131m\u0131z sayesinde, kurumsal yap\u0131n\u0131za en uygun \u00fcr\u00fcnleri rekabet\u00e7i fiyatlarla ve g\u00fcvenilir\n                      \u015fekilde tedarik ediyoruz.<\/p>\n                  <\/div>\n                <\/div>\n              <\/div>\n            <\/div>\n          <\/div>\n        <\/div>\n      <\/div>\n      <div data-colibri-id=\"260-c244\" class=\"h-row-container gutters-row-lg-2 gutters-row-md-2 gutters-row-0 gutters-row-v-lg-2 gutters-row-v-md-2 gutters-row-v-2 style-964 style-local-260-c244 position-relative\">\n        <!---->\n        <div class=\"h-row justify-content-lg-center justify-content-md-center justify-content-center align-items-lg-stretch align-items-md-stretch align-items-stretch gutters-col-lg-2 gutters-col-md-2 gutters-col-0 gutters-col-v-lg-2 gutters-col-v-md-2 gutters-col-v-2\">\n          <!---->\n          <div class=\"h-column h-column-container d-flex h-col-lg-auto h-col-md-auto h-col-auto style-965-outer style-local-260-c245-outer\">\n            <div data-colibri-id=\"260-c245\" class=\"d-flex h-flex-basis h-column__inner h-px-lg-2 h-px-md-2 h-px-2 v-inner-lg-2 v-inner-md-2 v-inner-2 style-965 style-local-260-c245 position-relative\">\n              <!---->\n              <!---->\n              <div class=\"w-100 h-y-container h-column__content h-column__v-align flex-basis-100 align-self-lg-start align-self-md-start align-self-start\">\n                <!---->\n                <div data-colibri-id=\"260-c246\" class=\"h-global-transition-all h-heading style-966 style-local-260-c246 position-relative h-element\">\n                  <!---->\n                  <div class=\"h-heading__outer style-966 style-local-260-c246\">\n                    <!---->\n                    <!---->\n                    <h2 class=\"\">G\u00fcvenilir Marka \u0130\u015f Ortakl\u0131klar\u0131<\/h2>\n                  <\/div>\n                <\/div>\n                <div data-colibri-id=\"260-c247\" class=\"h-text h-text-component style-967 style-local-260-c247 position-relative h-element\">\n                  <!---->\n                  <!---->\n                  <div class=\"\">\n                    <p>Dell Technologies, Hewlett Packard Enterprise, Fortinet, Huawei, Bitdefender, Lenovo ve Veeam gibi d\u00fcnya \u00e7ap\u0131nda lider markalar\u0131n yetkili i\u015f orta\u011f\u0131y\u0131z. Bu i\u015f birlikleri sayesinde hem b\u00fcy\u00fck \u00f6l\u00e7ekli projelerde \u00fcr\u00fcn ve \u00e7\u00f6z\u00fcmlerin tasar\u0131m\u0131,\n                      sat\u0131\u015f\u0131 ve kurulumunu ger\u00e7ekle\u015ftiriyor; hem de kurumlar\u0131n g\u00fcnl\u00fck ihtiya\u00e7lar\u0131 i\u00e7in h\u0131zl\u0131 ve kaliteli tedarik hizmeti sunuyoruz.<\/p>\n                  <\/div>\n                <\/div>\n              <\/div>\n            <\/div>\n          <\/div>\n        <\/div>\n      <\/div>\n      <div data-colibri-id=\"260-c248\" class=\"h-row-container gutters-row-lg-2 gutters-row-md-2 gutters-row-0 gutters-row-v-lg-2 gutters-row-v-md-2 gutters-row-v-2 style-968 style-local-260-c248 position-relative\">\n        <!---->\n        <div class=\"h-row justify-content-lg-center justify-content-md-center justify-content-center align-items-lg-stretch align-items-md-stretch align-items-stretch gutters-col-lg-2 gutters-col-md-2 gutters-col-0 gutters-col-v-lg-2 gutters-col-v-md-2 gutters-col-v-2\">\n          <!---->\n          <div class=\"h-column h-column-container d-flex h-col-lg-auto h-col-md-auto h-col-auto style-969-outer style-local-260-c249-outer\">\n            <div data-colibri-id=\"260-c249\" class=\"d-flex h-flex-basis h-column__inner h-px-lg-2 h-px-md-2 h-px-2 v-inner-lg-2 v-inner-md-2 v-inner-2 style-969 style-local-260-c249 position-relative\">\n              <!---->\n              <!---->\n              <div class=\"w-100 h-y-container h-column__content h-column__v-align flex-basis-100 align-self-lg-start align-self-md-start align-self-start\">\n                <!---->\n                <div data-colibri-id=\"260-c250\" class=\"h-global-transition-all h-heading style-970 style-local-260-c250 position-relative h-element\">\n                  <!---->\n                  <div class=\"h-heading__outer style-970 style-local-260-c250\">\n                    <!---->\n                    <!---->\n                    <h2 class=\"\">Neleri Tedarik Ediyoruz?<\/h2>\n                  <\/div>\n                <\/div>\n              <\/div>\n            <\/div>\n          <\/div>\n        <\/div>\n      <\/div>\n      <div data-colibri-id=\"260-c251\" class=\"h-row-container gutters-row-lg-2 gutters-row-md-2 gutters-row-0 gutters-row-v-lg-2 gutters-row-v-md-2 gutters-row-v-2 style-971 style-local-260-c251 position-relative\">\n        <!---->\n        <div class=\"h-row justify-content-lg-center justify-content-md-center justify-content-center align-items-lg-stretch align-items-md-stretch align-items-stretch gutters-col-lg-2 gutters-col-md-2 gutters-col-0 gutters-col-v-lg-2 gutters-col-v-md-2 gutters-col-v-2\">\n          <!---->\n          <div class=\"h-column h-column-container d-flex h-col-lg-auto h-col-md-auto h-col-auto style-972-outer style-local-260-c252-outer\">\n            <div data-colibri-id=\"260-c252\" class=\"d-flex h-flex-basis h-column__inner h-px-lg-2 h-px-md-2 h-px-2 v-inner-lg-2 v-inner-md-2 v-inner-2 style-972 style-local-260-c252 position-relative\">\n              <!---->\n              <!---->\n              <div class=\"w-100 h-y-container h-column__content h-column__v-align flex-basis-100 align-self-lg-start align-self-md-start align-self-start\">\n                <!---->\n                <div data-colibri-id=\"260-c253\" class=\"h-text h-text-component style-973 style-local-260-c253 position-relative h-element\">\n                  <!---->\n                  <!---->\n                  <div class=\"\">\n                    <p><strong>Sunucu Sistemleri<\/strong>\n                      <br> Rack, tower ve blade sunucular ile y\u00fcksek performansl\u0131 sistem \u00e7\u00f6z\u00fcmleri<\/p>\n                    <p><strong>Veri Depolama Sistemleri<\/strong>\n                      <br> SAN\/NAS yap\u0131lar\u0131, all-flash ve hibrit depolama \u00e7\u00f6z\u00fcmleri<\/p>\n                    <p><strong>A\u011f ve G\u00fcvenlik \u00dcr\u00fcnleri<\/strong>\n                      <br> Switch, router, firewall ve u\u00e7tan uca a\u011f g\u00fcvenli\u011fi \u00e7\u00f6z\u00fcmleri<\/p>\n                    <p><strong>Sanalla\u015ft\u0131rma ve Yedekleme Yaz\u0131l\u0131mlar\u0131<\/strong>\n                      <br> VMware, Hyper-V sanalla\u015ft\u0131rma lisanslar\u0131 ve Dell PPDM Veeam, Dell PowerProtect Data Manager gibi yedekleme \u00e7\u00f6z\u00fcmleri<\/p>\n                    <p><strong>\u0130stemci Donan\u0131mlar\u0131<\/strong>\n                      <br> Diz\u00fcst\u00fc ve masa\u00fcst\u00fc bilgisayarlar, monit\u00f6rler, yaz\u0131c\u0131lar ve \u00e7evre birimleri<\/p>\n                    <p><strong>Aksesuar ve G\u00fcnl\u00fck \u0130htiya\u00e7lar<\/strong>\n                      <br> USB bellek, harici disk, adapt\u00f6r, kablo gibi tamamlay\u0131c\u0131 \u00fcr\u00fcnler<\/p>\n                  <\/div>\n                <\/div>\n              <\/div>\n            <\/div>\n          <\/div>\n        <\/div>\n      <\/div>\n      <div data-colibri-id=\"260-c254\" class=\"h-row-container gutters-row-lg-2 gutters-row-md-2 gutters-row-0 gutters-row-v-lg-2 gutters-row-v-md-2 gutters-row-v-2 style-974 style-local-260-c254 position-relative\">\n        <!---->\n        <div class=\"h-row justify-content-lg-center justify-content-md-center justify-content-center align-items-lg-stretch align-items-md-stretch align-items-stretch gutters-col-lg-2 gutters-col-md-2 gutters-col-0 gutters-col-v-lg-2 gutters-col-v-md-2 gutters-col-v-2\">\n          <!---->\n          <div class=\"h-column h-column-container d-flex h-col-lg-auto h-col-md-auto h-col-auto style-975-outer style-local-260-c255-outer\">\n            <div data-colibri-id=\"260-c255\" class=\"d-flex h-flex-basis h-column__inner h-px-lg-2 h-px-md-2 h-px-2 v-inner-lg-2 v-inner-md-2 v-inner-2 style-975 style-local-260-c255 position-relative\">\n              <!---->\n              <!---->\n              <div class=\"w-100 h-y-container h-column__content h-column__v-align flex-basis-100 align-self-lg-start align-self-md-start align-self-start\">\n                <!---->\n                <div data-colibri-id=\"260-c256\" class=\"h-global-transition-all h-heading style-976 style-local-260-c256 position-relative h-element\">\n                  <!---->\n                  <div class=\"h-heading__outer style-976 style-local-260-c256\">\n                    <!---->\n                    <!---->\n                    <h2 class=\"\">Sipari\u015f ve Bilgi \u0130\u00e7in<\/h2>\n                  <\/div>\n                <\/div>\n                <div data-colibri-id=\"260-c257\" class=\"h-text h-text-component style-977 style-local-260-c257 position-relative h-element\">\n                  <!---->\n                  <!---->\n                  <div class=\"\">\n                    <p>T\u00fcm \u00fcr\u00fcn talepleriniz ve fiyat teklifi istekleriniz i\u00e7in <strong rel=\"noopener\">satis@sistemx.com.tr<\/strong> adresine ula\u015fabilirsiniz. Uzman sat\u0131\u015f ekibimiz en k\u0131sa s\u00fcrede sizinle ileti\u015fime ge\u00e7ecektir.<\/p>\n                  <\/div>\n                <\/div>\n              <\/div>\n            <\/div>\n          <\/div>\n        <\/div>\n      <\/div>\n    <\/div>\n  <\/div>\n<\/div>","protected":false},"excerpt":{"rendered":"<p>TEDAR\u0130K H\u0130ZMETLER\u0130 Sekt\u00f6r lideri&nbsp;global firmalar\u0131n&nbsp;i\u015f orta\u011f\u0131&nbsp;olarak \u00fcr\u00fcn tedarik hizmeti sa\u011fl\u0131yoruz. Geni\u015f \u00fcr\u00fcn yelpazemiz ve g\u00fc\u00e7l\u00fc tedarik a\u011f\u0131m\u0131zla, m\u00fc\u015fterilerimize en uygun \u00e7\u00f6z\u00fcmleri h\u0131zl\u0131 ve g\u00fcvenilir \u015fekilde sunuyoruz. Teklif \u0130ste Tedarik Hizmetleri SistemX Bilgi Teknolojileri olarak, teknoloji ihtiya\u00e7lar\u0131n\u0131za u\u00e7tan uca \u00e7\u00f6z\u00fcmler sunuyoruz. \u00d6nde gelen global \u00fcreticilerle olan g\u00fc\u00e7l\u00fc i\u015f ortakl\u0131klar\u0131m\u0131z sayesinde, kurumsal yap\u0131n\u0131za en uygun \u00fcr\u00fcnleri rekabet\u00e7i [&hellip;]<\/p>\n","protected":false},"author":1,"featured_media":0,"parent":0,"menu_order":0,"comment_status":"closed","ping_status":"closed","template":"page-templates\/full-width-page.php","meta":{"saved_in_kubio":false,"footnotes":""},"class_list":["post-260","page","type-page","status-publish","hentry"],"kubio_ai_page_context":{"short_desc":"","purpose":"general"},"_links":{"self":[{"href":"https:\/\/sistemx.com.tr\/index.php?rest_route=\/wp\/v2\/pages\/260","targetHints":{"allow":["GET"]}}],"collection":[{"href":"https:\/\/sistemx.com.tr\/index.php?rest_route=\/wp\/v2\/pages"}],"about":[{"href":"https:\/\/sistemx.com.tr\/index.php?rest_route=\/wp\/v2\/types\/page"}],"author":[{"embeddable":true,"href":"https:\/\/sistemx.com.tr\/index.php?rest_route=\/wp\/v2\/users\/1"}],"replies":[{"embeddable":true,"href":"https:\/\/sistemx.com.tr\/index.php?rest_route=%2Fwp%2Fv2%2Fcomments&post=260"}],"version-history":[{"count":20,"href":"https:\/\/sistemx.com.tr\/index.php?rest_route=\/wp\/v2\/pages\/260\/revisions"}],"predecessor-version":[{"id":2372,"href":"https:\/\/sistemx.com.tr\/index.php?rest_route=\/wp\/v2\/pages\/260\/revisions\/2372"}],"wp:attachment":[{"href":"https:\/\/sistemx.com.tr\/index.php?rest_route=%2Fwp%2Fv2%2Fmedia&parent=260"}],"curies":[{"name":"wp","href":"https:\/\/api.w.org\/{rel}","templated":true}]}}