{"id":2,"date":"2025-05-20T08:55:36","date_gmt":"2025-05-20T08:55:36","guid":{"rendered":"https:\/\/sistemx.com.tr\/?page_id=2"},"modified":"2025-07-19T19:02:18","modified_gmt":"2025-07-19T19:02:18","slug":"sample-page","status":"publish","type":"page","link":"https:\/\/sistemx.com.tr\/?page_id=2","title":{"rendered":"Sample Page"},"content":{"rendered":"<div data-colibri-id=\"2-c26\" class=\"style-891 style-local-2-c26 position-relative\">\n  <!---->\n  <div data-colibri-component=\"section\" data-colibri-id=\"2-c27\" id=\"initial-content\" class=\"h-section h-section-global-spacing d-flex align-items-lg-center align-items-md-center align-items-center style-892 style-local-2-c27 position-relative\">\n    <!---->\n    <!---->\n    <div class=\"h-section-grid-container h-section-boxed-container\">\n      <!---->\n      <div data-colibri-id=\"2-c28\" class=\"h-row-container gutters-row-lg-2 gutters-row-md-2 gutters-row-0 gutters-row-v-lg-2 gutters-row-v-md-2 gutters-row-v-2 style-1384 style-local-2-c28 position-relative\">\n        <!---->\n        <div class=\"h-row justify-content-lg-center justify-content-md-center justify-content-center align-items-lg-stretch align-items-md-stretch align-items-stretch gutters-col-lg-2 gutters-col-md-2 gutters-col-0 gutters-col-v-lg-2 gutters-col-v-md-2 gutters-col-v-2\">\n          <!---->\n          <div class=\"h-column h-column-container d-flex h-col-lg-auto h-col-md-auto h-col-auto style-1385-outer style-local-2-c29-outer\">\n            <div data-colibri-id=\"2-c29\" class=\"d-flex h-flex-basis h-column__inner h-px-lg-2 h-px-md-2 h-px-2 v-inner-lg-2 v-inner-md-2 v-inner-2 style-1385 style-local-2-c29 position-relative\">\n              <!---->\n              <!---->\n              <div class=\"w-100 h-y-container h-column__content h-column__v-align flex-basis-100 align-self-lg-start align-self-md-start align-self-start\">\n                <!---->\n                <div data-colibri-id=\"2-c30\" class=\"h-text h-text-component style-1386 style-local-2-c30 position-relative h-element\">\n                  <!---->\n                  <!---->\n                  <div class=\"\">\n                    <h2>\ud83d\udcde \u0130leti\u015fim<\/h2>\n                    <p>SistemX olarak, her t\u00fcrl\u00fc soru, talep veya i\u015f birli\u011fi i\u00e7in sizlere en h\u0131zl\u0131 ve etkili \u015fekilde destek vermek i\u00e7in buraday\u0131z. Bize ula\u015fman\u0131n bir\u00e7ok yolu var \u2014 ihtiyac\u0131n\u0131za en uygun olan\u0131 se\u00e7ebilirsiniz.<\/p>\n                  <\/div>\n                <\/div>\n              <\/div>\n            <\/div>\n          <\/div>\n        <\/div>\n      <\/div>\n      <div data-colibri-id=\"2-c31\" class=\"h-row-container gutters-row-lg-2 gutters-row-md-2 gutters-row-0 gutters-row-v-lg-2 gutters-row-v-md-2 gutters-row-v-2 style-1387 style-local-2-c31 position-relative\">\n        <!---->\n        <div class=\"h-row justify-content-lg-center justify-content-md-center justify-content-center align-items-lg-stretch align-items-md-stretch align-items-stretch gutters-col-lg-2 gutters-col-md-2 gutters-col-0 gutters-col-v-lg-2 gutters-col-v-md-2 gutters-col-v-2\">\n          <!---->\n          <div class=\"h-column h-column-container d-flex h-col-lg-auto h-col-md-auto h-col-auto style-1388-outer style-local-2-c32-outer\">\n            <div data-colibri-id=\"2-c32\" class=\"d-flex h-flex-basis h-column__inner h-px-lg-2 h-px-md-2 h-px-2 v-inner-lg-2 v-inner-md-2 v-inner-2 style-1388 style-local-2-c32 position-relative\">\n              <!---->\n              <!---->\n              <div class=\"w-100 h-y-container h-column__content h-column__v-align flex-basis-100 align-self-lg-start align-self-md-start align-self-start\">\n                <!---->\n                <div data-colibri-id=\"2-c33\" class=\"h-text h-text-component style-1389 style-local-2-c33 position-relative h-element\">\n                  <!---->\n                  <!---->\n                  <div class=\"\">\n                    <h3>\ud83c\udfe2 Adresimiz<\/h3>\n                    <p>SistemX Bilgi Teknolojileri Tic. Ltd. \u015eti.<\/p>\n                    <p>\u00dc\u00e7evler Mah. Ersan Sk. Ibrahim Yaz\u0131c\u0131 Plaza 2 No:8A Nil\u00fcfer&nbsp;&nbsp;\n                      <br> [<span style=\"font-weight: 400; font-size: 16px; font-family: &quot;Open Sans&quot;; color: rgb(70, 112, 127);\">Bursa<\/span>], [<span style=\"font-weight: 400; font-size: 16px; font-family: &quot;Open Sans&quot;; color: rgb(70, 112, 127);\">16270<\/span>]\n                      <br> T\u00fcrkiye<\/p>\n                  <\/div>\n                <\/div>\n                <div data-colibri-id=\"2-c34\" class=\"h-text h-text-component style-1390 style-local-2-c34 position-relative h-element\">\n                  <!---->\n                  <!---->\n                  <div class=\"\">\n                    <h3>\u260e\ufe0f Telefon<\/h3>\n                    <p>Tel: +90 (XXX) XXX XX XX\n                      <br> Teknik Destek: +90 (XXX) XXX XX XX<\/p>\n                  <\/div>\n                <\/div>\n                <div data-colibri-id=\"2-c35\" class=\"h-text h-text-component style-1391 style-local-2-c35 position-relative h-element\">\n                  <!---->\n                  <!---->\n                  <div class=\"\">\n                    <h3>\ud83d\udce7 E-posta<\/h3>\n                    <p>Genel Bilgi: <span rel=\"noopener\">info@sistemx.com.tr<\/span>\n                      <br> Sat\u0131\u015f: <span rel=\"noopener\">satis@sistemx.com.tr<\/span>\n                      <br> Destek: <span rel=\"noopener\">destek@sistemx.com.tr<\/span><\/p>\n                  <\/div>\n                <\/div>\n                <div data-colibri-id=\"2-c36\" class=\"h-text h-text-component style-1392 style-local-2-c36 position-relative h-element\">\n                  <!---->\n                  <!---->\n                  <div class=\"\">\n                    <h3>\u23f0 \u00c7al\u0131\u015fma Saatlerimiz<\/h3>\n                    <p>Pazartesi \u2013 Cuma: 09:00 \u2013 18:00\n                      <br> Cumartesi \u2013 Pazar: Kapal\u0131<\/p>\n                  <\/div>\n                <\/div>\n                <div data-colibri-id=\"2-c37\" class=\"h-text h-text-component style-1393 style-local-2-c37 position-relative h-element\">\n                  <!---->\n                  <!---->\n                  <div class=\"\">\n                    <h3>Sosyal Medyada Bizi Takip Edin<\/h3>\n                    <p>\n                      <br>\n                    <\/p>\n                  <\/div>\n                <\/div>\n                <div data-colibri-id=\"2-c38\" class=\"h-x-container style-1394 style-local-2-c38 position-relative h-element\">\n                  <!---->\n                  <div class=\"h-x-container-inner style-dynamic-2-c38-group style-1394-spacing style-local-2-c38-spacing\"><span class=\"h-link__outer style-1395-outer style-local-2-c39-outer d-inline-flex h-element\"><a h-use-smooth-scroll=\"true\" href=\"https:\/\/www.youtube.com\/channel\/UCMULtwcdBPSMC58UjkOBeqw\"  data-colibri-id=\"2-c39\" class=\"d-flex w-100 align-items-center h-link style-1395 style-local-2-c39 position-relative\"><!----><!----> <span>Youtube<\/span><\/a>\n                    <\/span>\n                  <\/div>\n                <\/div>\n                <div data-colibri-id=\"2-c40\" class=\"h-x-container style-1396 style-local-2-c40 position-relative h-element\">\n                  <!---->\n                  <div class=\"h-x-container-inner style-dynamic-2-c40-group style-1396-spacing style-local-2-c40-spacing\"><span class=\"h-link__outer style-1397-outer style-local-2-c41-outer d-inline-flex h-element\"><a h-use-smooth-scroll=\"true\" href=\"https:\/\/www.linkedin.com\/company\/sistemx\/\"  data-colibri-id=\"2-c41\" class=\"d-flex w-100 align-items-center h-link style-1397 style-local-2-c41 position-relative\"><!----><!----> <span>LinkedIn<\/span><\/a>\n                    <\/span>\n                  <\/div>\n                <\/div>\n                <div data-colibri-id=\"2-c42\" class=\"h-x-container style-1398 style-local-2-c42 position-relative h-element\">\n                  <!---->\n                  <div class=\"h-x-container-inner style-dynamic-2-c42-group style-1398-spacing style-local-2-c42-spacing\"><span class=\"h-link__outer style-1399-outer style-local-2-c43-outer d-inline-flex h-element\"><a h-use-smooth-scroll=\"true\" href=\"https:\/\/x.com\/sistemxbt\"  data-colibri-id=\"2-c43\" class=\"d-flex w-100 align-items-center h-link style-1399 style-local-2-c43 position-relative\"><!----><!----> <span>Twiter (X)<\/span><\/a>\n                    <\/span>\n                  <\/div>\n                <\/div>\n              <\/div>\n            <\/div>\n          <\/div>\n        <\/div>\n      <\/div>\n    <\/div>\n  <\/div>\n<\/div>","protected":false},"excerpt":{"rendered":"<p>\ud83d\udcde \u0130leti\u015fim SistemX olarak, her t\u00fcrl\u00fc soru, talep veya i\u015f birli\u011fi i\u00e7in sizlere en h\u0131zl\u0131 ve etkili \u015fekilde destek vermek i\u00e7in buraday\u0131z. Bize ula\u015fman\u0131n bir\u00e7ok yolu var \u2014 ihtiyac\u0131n\u0131za en uygun olan\u0131 se\u00e7ebilirsiniz. \ud83c\udfe2 Adresimiz SistemX Bilgi Teknolojileri Tic. Ltd. \u015eti. \u00dc\u00e7evler Mah. Ersan Sk. Ibrahim Yaz\u0131c\u0131 Plaza 2 No:8A Nil\u00fcfer&nbsp;&nbsp; [Bursa], [16270] T\u00fcrkiye \u260e\ufe0f [&hellip;]<\/p>\n","protected":false},"author":1,"featured_media":0,"parent":0,"menu_order":0,"comment_status":"closed","ping_status":"open","template":"page-templates\/full-width-page.php","meta":{"saved_in_kubio":false,"footnotes":""},"class_list":["post-2","page","type-page","status-publish","hentry"],"kubio_ai_page_context":{"short_desc":"","purpose":"general"},"_links":{"self":[{"href":"https:\/\/sistemx.com.tr\/index.php?rest_route=\/wp\/v2\/pages\/2","targetHints":{"allow":["GET"]}}],"collection":[{"href":"https:\/\/sistemx.com.tr\/index.php?rest_route=\/wp\/v2\/pages"}],"about":[{"href":"https:\/\/sistemx.com.tr\/index.php?rest_route=\/wp\/v2\/types\/page"}],"author":[{"embeddable":true,"href":"https:\/\/sistemx.com.tr\/index.php?rest_route=\/wp\/v2\/users\/1"}],"replies":[{"embeddable":true,"href":"https:\/\/sistemx.com.tr\/index.php?rest_route=%2Fwp%2Fv2%2Fcomments&post=2"}],"version-history":[{"count":11,"href":"https:\/\/sistemx.com.tr\/index.php?rest_route=\/wp\/v2\/pages\/2\/revisions"}],"predecessor-version":[{"id":2681,"href":"https:\/\/sistemx.com.tr\/index.php?rest_route=\/wp\/v2\/pages\/2\/revisions\/2681"}],"wp:attachment":[{"href":"https:\/\/sistemx.com.tr\/index.php?rest_route=%2Fwp%2Fv2%2Fmedia&parent=2"}],"curies":[{"name":"wp","href":"https:\/\/api.w.org\/{rel}","templated":true}]}}